{"id":97,"date":"2023-12-11T22:56:42","date_gmt":"2023-12-11T22:56:42","guid":{"rendered":"https:\/\/vitapulita.com\/?post_type=product&#038;p=97"},"modified":"2025-06-06T02:14:42","modified_gmt":"2025-06-06T02:14:42","slug":"candeggina-profumata-47","status":"publish","type":"product","link":"https:\/\/vitapulita.com\/index.php\/product\/candeggina-profumata-47\/","title":{"rendered":"Candeggina Profumata 4,7%"},"content":{"rendered":"<p>Dezinfekton dhe pastron sht\u00ebpin\u00eb tuaj me shume efektivitet.<\/p>\n<p>Produkt i p\u00ebrshtatsh\u00ebm p\u00ebr pastrimin e banj\u00ebs, kuzhin\u00ebs dhe dyshemes\u00eb. Pastron dhe dezinfekton t\u00eb gjitha llojet e sip\u00ebrfaqeve, shp\u00ebrndan dhe eliminon <strong>t\u00eb gjitha llojet e njollave. <\/strong><\/p>\n<p>Mund t\u00eb p\u00ebrdoret p\u00ebr t\u00eb pastruar makin\u00ebn lar\u00ebse ose p\u00ebr t\u00eb pastruar lavastoviljen, p\u00ebr t\u00eb eliminuar <strong>er\u00ebrat e k\u00ebqija<\/strong> ose <strong>mykun<\/strong> e shkaktuar nga lag\u00ebshtia nga muret. Eliminon aromat nga en\u00ebt, tak\u00ebmet dhe gotat.<\/p>\n","protected":false},"excerpt":{"rendered":"<p>Dezinfekton dhe pastron sht\u00ebpin\u00eb tuaj me shume efektivitet. Produkt i p\u00ebrshtatsh\u00ebm p\u00ebr pastrimin e banj\u00ebs, kuzhin\u00ebs dhe dyshemes\u00eb. Pastron dhe dezinfekton t\u00eb gjitha llojet e sip\u00ebrfaqeve, shp\u00ebrndan dhe eliminon t\u00eb gjitha llojet e njollave. Mund t\u00eb p\u00ebrdoret p\u00ebr t\u00eb pastruar makin\u00ebn lar\u00ebse ose p\u00ebr t\u00eb pastruar lavastoviljen, p\u00ebr t\u00eb eliminuar er\u00ebrat e k\u00ebqija ose mykun [&hellip;]<\/p>\n","protected":false},"featured_media":427,"comment_status":"open","ping_status":"closed","template":"","meta":[],"product_brand":[],"product_cat":[25],"product_tag":[],"class_list":{"0":"post-97","1":"product","2":"type-product","3":"status-publish","4":"has-post-thumbnail","6":"product_cat-candeggina","8":"first","9":"instock","10":"shipping-taxable","11":"purchasable","12":"product-type-simple"},"_links":{"self":[{"href":"https:\/\/vitapulita.com\/index.php\/wp-json\/wp\/v2\/product\/97","targetHints":{"allow":["GET"]}}],"collection":[{"href":"https:\/\/vitapulita.com\/index.php\/wp-json\/wp\/v2\/product"}],"about":[{"href":"https:\/\/vitapulita.com\/index.php\/wp-json\/wp\/v2\/types\/product"}],"replies":[{"embeddable":true,"href":"https:\/\/vitapulita.com\/index.php\/wp-json\/wp\/v2\/comments?post=97"}],"wp:featuredmedia":[{"embeddable":true,"href":"https:\/\/vitapulita.com\/index.php\/wp-json\/wp\/v2\/media\/427"}],"wp:attachment":[{"href":"https:\/\/vitapulita.com\/index.php\/wp-json\/wp\/v2\/media?parent=97"}],"wp:term":[{"taxonomy":"product_brand","embeddable":true,"href":"https:\/\/vitapulita.com\/index.php\/wp-json\/wp\/v2\/product_brand?post=97"},{"taxonomy":"product_cat","embeddable":true,"href":"https:\/\/vitapulita.com\/index.php\/wp-json\/wp\/v2\/product_cat?post=97"},{"taxonomy":"product_tag","embeddable":true,"href":"https:\/\/vitapulita.com\/index.php\/wp-json\/wp\/v2\/product_tag?post=97"}],"curies":[{"name":"wp","href":"https:\/\/api.w.org\/{rel}","templated":true}]}}