{"id":93,"date":"2023-12-07T23:22:49","date_gmt":"2023-12-07T23:22:49","guid":{"rendered":"https:\/\/vitapulita.com\/?post_type=product&#038;p=93"},"modified":"2024-09-16T21:25:38","modified_gmt":"2024-09-16T21:25:38","slug":"candeggina-gentile-concentrata","status":"publish","type":"product","link":"https:\/\/vitapulita.com\/index.php\/product\/candeggina-gentile-concentrata\/","title":{"rendered":"Candeggina Gentile concentrata"},"content":{"rendered":"<p>Zbardh n\u00eb thell\u00ebsi dhe i b\u00ebn ngjyrat gjithmon\u00eb t\u00eb gjalla dhe t\u00eb shk\u00eblqyera. Eliminon njollat \u200b\u200bnga rrobat tuaja n\u00eb nj\u00eb m\u00ebnyr\u00eb t\u00eb shk\u00eblqyer.<\/p>\n<p>Shtojeni at\u00eb n\u00eb detergjentin e lavatri\u00e7es suaj ose p\u00ebrdoreni p\u00ebr t\u00eb lar\u00eb paraprakisht nj\u00eb njoll\u00eb t\u00eb fort\u00eb.<\/p>\n<p>Zbardhuesi eliminon kafen, domatet, ver\u00ebn, gjakun, yndyr\u00ebn, barin, boj\u00ebn, vajin dhe \u00ebsht\u00eb i p\u00ebrshtatsh\u00ebm p\u00ebr pambuk me ngjyr\u00eb, poliester me ngjyr\u00eb, poliamide\/lykra me ngjyr\u00eb, liri me ngjyr\u00eb, lesh me ngjyr\u00eb dhe m\u00ebndafsh me ngjyr\u00eb.<\/p>\n","protected":false},"excerpt":{"rendered":"<p>Zbardh n\u00eb thell\u00ebsi dhe i b\u00ebn ngjyrat gjithmon\u00eb t\u00eb gjalla dhe t\u00eb shk\u00eblqyera. Eliminon njollat \u200b\u200bnga rrobat tuaja n\u00eb nj\u00eb m\u00ebnyr\u00eb t\u00eb shk\u00eblqyer. Shtojeni at\u00eb n\u00eb detergjentin e lavatri\u00e7es suaj ose p\u00ebrdoreni p\u00ebr t\u00eb lar\u00eb paraprakisht nj\u00eb njoll\u00eb t\u00eb fort\u00eb. Zbardhuesi eliminon kafen, domatet, ver\u00ebn, gjakun, yndyr\u00ebn, barin, boj\u00ebn, vajin dhe \u00ebsht\u00eb i p\u00ebrshtatsh\u00ebm p\u00ebr [&hellip;]<\/p>\n","protected":false},"featured_media":431,"comment_status":"open","ping_status":"closed","template":"","meta":[],"product_brand":[],"product_cat":[25],"product_tag":[],"class_list":{"0":"post-93","1":"product","2":"type-product","3":"status-publish","4":"has-post-thumbnail","6":"product_cat-candeggina","8":"first","9":"instock","10":"shipping-taxable","11":"purchasable","12":"product-type-simple"},"_links":{"self":[{"href":"https:\/\/vitapulita.com\/index.php\/wp-json\/wp\/v2\/product\/93","targetHints":{"allow":["GET"]}}],"collection":[{"href":"https:\/\/vitapulita.com\/index.php\/wp-json\/wp\/v2\/product"}],"about":[{"href":"https:\/\/vitapulita.com\/index.php\/wp-json\/wp\/v2\/types\/product"}],"replies":[{"embeddable":true,"href":"https:\/\/vitapulita.com\/index.php\/wp-json\/wp\/v2\/comments?post=93"}],"wp:featuredmedia":[{"embeddable":true,"href":"https:\/\/vitapulita.com\/index.php\/wp-json\/wp\/v2\/media\/431"}],"wp:attachment":[{"href":"https:\/\/vitapulita.com\/index.php\/wp-json\/wp\/v2\/media?parent=93"}],"wp:term":[{"taxonomy":"product_brand","embeddable":true,"href":"https:\/\/vitapulita.com\/index.php\/wp-json\/wp\/v2\/product_brand?post=93"},{"taxonomy":"product_cat","embeddable":true,"href":"https:\/\/vitapulita.com\/index.php\/wp-json\/wp\/v2\/product_cat?post=93"},{"taxonomy":"product_tag","embeddable":true,"href":"https:\/\/vitapulita.com\/index.php\/wp-json\/wp\/v2\/product_tag?post=93"}],"curies":[{"name":"wp","href":"https:\/\/api.w.org\/{rel}","templated":true}]}}