{"id":90,"date":"2023-12-07T23:16:11","date_gmt":"2023-12-07T23:16:11","guid":{"rendered":"https:\/\/vitapulita.com\/?post_type=product&#038;p=90"},"modified":"2024-09-16T21:28:31","modified_gmt":"2024-09-16T21:28:31","slug":"smacchiatore-professionale","status":"publish","type":"product","link":"https:\/\/vitapulita.com\/index.php\/product\/smacchiatore-professionale\/","title":{"rendered":"Smacchiatore professionale"},"content":{"rendered":"<p>Pastruesi p\u00ebr para-trajtimin e njollave dep\u00ebrton thell\u00eb n\u00eb to \u200b\u200bduke leht\u00ebsuar heqjen e tyre gjat\u00eb fazave t\u00eb larjes.<\/p>\n<p>Shkum\u00eb ultra e shpejt\u00eb p\u00ebr tretjen e njollave q\u00eb dep\u00ebrton thell\u00eb n\u00eb njollat \u200b\u200bp\u00ebrgatitore p\u00ebr t&#8217;u lar\u00eb n\u00eb lavatri\u00e7e ose me dor\u00eb. I p\u00ebrshtatsh\u00ebm p\u00ebr t\u00eb bardha dhe ngjyra.<\/p>\n<p>Pastruesi profesional i njollave mund t\u00eb p\u00ebrdoret n\u00eb \u00e7do veshje, duke e l\u00ebn\u00eb t\u00eb veproj\u00eb p\u00ebr disa minuta n\u00ebse d\u00ebshironi t\u00eb p\u00ebrmir\u00ebsoni vetit\u00eb e tij.<\/p>\n","protected":false},"excerpt":{"rendered":"<p>Pastruesi p\u00ebr para-trajtimin e njollave dep\u00ebrton thell\u00eb n\u00eb to \u200b\u200bduke leht\u00ebsuar heqjen e tyre gjat\u00eb fazave t\u00eb larjes. Shkum\u00eb ultra e shpejt\u00eb p\u00ebr tretjen e njollave q\u00eb dep\u00ebrton thell\u00eb n\u00eb njollat \u200b\u200bp\u00ebrgatitore p\u00ebr t&#8217;u lar\u00eb n\u00eb lavatri\u00e7e ose me dor\u00eb. I p\u00ebrshtatsh\u00ebm p\u00ebr t\u00eb bardha dhe ngjyra. Pastruesi profesional i njollave mund t\u00eb p\u00ebrdoret n\u00eb [&hellip;]<\/p>\n","protected":false},"featured_media":433,"comment_status":"open","ping_status":"closed","template":"","meta":[],"product_brand":[],"product_cat":[21],"product_tag":[],"class_list":{"0":"post-90","1":"product","2":"type-product","3":"status-publish","4":"has-post-thumbnail","6":"product_cat-lares-rrobash","8":"first","9":"instock","10":"shipping-taxable","11":"purchasable","12":"product-type-simple"},"_links":{"self":[{"href":"https:\/\/vitapulita.com\/index.php\/wp-json\/wp\/v2\/product\/90","targetHints":{"allow":["GET"]}}],"collection":[{"href":"https:\/\/vitapulita.com\/index.php\/wp-json\/wp\/v2\/product"}],"about":[{"href":"https:\/\/vitapulita.com\/index.php\/wp-json\/wp\/v2\/types\/product"}],"replies":[{"embeddable":true,"href":"https:\/\/vitapulita.com\/index.php\/wp-json\/wp\/v2\/comments?post=90"}],"wp:featuredmedia":[{"embeddable":true,"href":"https:\/\/vitapulita.com\/index.php\/wp-json\/wp\/v2\/media\/433"}],"wp:attachment":[{"href":"https:\/\/vitapulita.com\/index.php\/wp-json\/wp\/v2\/media?parent=90"}],"wp:term":[{"taxonomy":"product_brand","embeddable":true,"href":"https:\/\/vitapulita.com\/index.php\/wp-json\/wp\/v2\/product_brand?post=90"},{"taxonomy":"product_cat","embeddable":true,"href":"https:\/\/vitapulita.com\/index.php\/wp-json\/wp\/v2\/product_cat?post=90"},{"taxonomy":"product_tag","embeddable":true,"href":"https:\/\/vitapulita.com\/index.php\/wp-json\/wp\/v2\/product_tag?post=90"}],"curies":[{"name":"wp","href":"https:\/\/api.w.org\/{rel}","templated":true}]}}