{"id":87,"date":"2023-12-07T23:11:55","date_gmt":"2023-12-07T23:11:55","guid":{"rendered":"https:\/\/vitapulita.com\/?post_type=product&#038;p=87"},"modified":"2024-09-18T20:22:15","modified_gmt":"2024-09-18T20:22:15","slug":"zbutes-rrobash-hipoalergjike","status":"publish","type":"product","link":"https:\/\/vitapulita.com\/index.php\/product\/zbutes-rrobash-hipoalergjike\/","title":{"rendered":"Zbutes Rrobash Hipoalergjike"},"content":{"rendered":"<p><strong>Zbut\u00ebsi i rrobave hipoalergjik<\/strong> zbut p\u00eblhurat duke mbajtur t\u00eb pandryshuara karakteristikat e tyre; \u00ebsht\u00eb me zero arom\u00eb, pra minimizon rrezikun ndaj alergjive q\u00eb shfaqen nga esencat e parfumeve.<\/p>\n<p>I p\u00ebrshtatsh\u00ebm p\u00ebr f\u00ebmij\u00eb dhe persona me l\u00ebkur\u00eb t\u00eb ndjeshme.<\/p>\n<p>Doza: 50-70ml\/larje (p\u00ebr lavatrice me kapacitet 7kg)<\/p>\n","protected":false},"excerpt":{"rendered":"<p>Zbut\u00ebsi i rrobave hipoalergjik zbut p\u00eblhurat duke mbajtur t\u00eb pandryshuara karakteristikat e tyre; \u00ebsht\u00eb me zero arom\u00eb, pra minimizon rrezikun ndaj alergjive q\u00eb shfaqen nga esencat e parfumeve. I p\u00ebrshtatsh\u00ebm p\u00ebr f\u00ebmij\u00eb dhe persona me l\u00ebkur\u00eb t\u00eb ndjeshme. Doza: 50-70ml\/larje (p\u00ebr lavatrice me kapacitet 7kg)<\/p>\n","protected":false},"featured_media":434,"comment_status":"open","ping_status":"closed","template":"","meta":[],"product_brand":[],"product_cat":[23],"product_tag":[],"class_list":{"0":"post-87","1":"product","2":"type-product","3":"status-publish","4":"has-post-thumbnail","6":"product_cat-hipoalergjike","8":"first","9":"instock","10":"shipping-taxable","11":"purchasable","12":"product-type-simple"},"_links":{"self":[{"href":"https:\/\/vitapulita.com\/index.php\/wp-json\/wp\/v2\/product\/87","targetHints":{"allow":["GET"]}}],"collection":[{"href":"https:\/\/vitapulita.com\/index.php\/wp-json\/wp\/v2\/product"}],"about":[{"href":"https:\/\/vitapulita.com\/index.php\/wp-json\/wp\/v2\/types\/product"}],"replies":[{"embeddable":true,"href":"https:\/\/vitapulita.com\/index.php\/wp-json\/wp\/v2\/comments?post=87"}],"wp:featuredmedia":[{"embeddable":true,"href":"https:\/\/vitapulita.com\/index.php\/wp-json\/wp\/v2\/media\/434"}],"wp:attachment":[{"href":"https:\/\/vitapulita.com\/index.php\/wp-json\/wp\/v2\/media?parent=87"}],"wp:term":[{"taxonomy":"product_brand","embeddable":true,"href":"https:\/\/vitapulita.com\/index.php\/wp-json\/wp\/v2\/product_brand?post=87"},{"taxonomy":"product_cat","embeddable":true,"href":"https:\/\/vitapulita.com\/index.php\/wp-json\/wp\/v2\/product_cat?post=87"},{"taxonomy":"product_tag","embeddable":true,"href":"https:\/\/vitapulita.com\/index.php\/wp-json\/wp\/v2\/product_tag?post=87"}],"curies":[{"name":"wp","href":"https:\/\/api.w.org\/{rel}","templated":true}]}}