{"id":85,"date":"2023-12-07T23:10:23","date_gmt":"2023-12-07T23:10:23","guid":{"rendered":"https:\/\/vitapulita.com\/?post_type=product&#038;p=85"},"modified":"2024-09-18T20:32:14","modified_gmt":"2024-09-18T20:32:14","slug":"detergjent-lares-rrobash","status":"publish","type":"product","link":"https:\/\/vitapulita.com\/index.php\/product\/detergjent-lares-rrobash\/","title":{"rendered":"Detergjent Lares Rrobash Hipoalergjike"},"content":{"rendered":"<p><strong>Lar\u00ebsi i rrobave hipoalergjik<\/strong> siguron pastrim t\u00eb thell\u00eb t\u00eb rrobave, duke mbajtur t\u00eb pandryshuara karakteristikat e p\u00eblhurave t\u00eb trajtuara; ka zero arom\u00eb dhe kjo e b\u00ebn t\u00eb minimizoj\u00eb rreziqet p\u00ebr alergji (q\u00eb vijn\u00eb nga p\u00ebrmbajtja e esencave t\u00eb parfumeve).<\/p>\n<p>E p\u00ebrshtatshme p\u00ebr f\u00ebmij\u00eb dhe persona me l\u00ebkur\u00eb t\u00eb ndjeshme.<\/p>\n<p>P\u00ebrdorimi: 50-70ml\/larje (p\u00ebr lavatrice me kapacitet 7kg)<\/p>\n","protected":false},"excerpt":{"rendered":"<p>Lar\u00ebsi i rrobave hipoalergjik siguron pastrim t\u00eb thell\u00eb t\u00eb rrobave, duke mbajtur t\u00eb pandryshuara karakteristikat e p\u00eblhurave t\u00eb trajtuara; ka zero arom\u00eb dhe kjo e b\u00ebn t\u00eb minimizoj\u00eb rreziqet p\u00ebr alergji (q\u00eb vijn\u00eb nga p\u00ebrmbajtja e esencave t\u00eb parfumeve). E p\u00ebrshtatshme p\u00ebr f\u00ebmij\u00eb dhe persona me l\u00ebkur\u00eb t\u00eb ndjeshme. P\u00ebrdorimi: 50-70ml\/larje (p\u00ebr lavatrice me kapacitet [&hellip;]<\/p>\n","protected":false},"featured_media":437,"comment_status":"open","ping_status":"closed","template":"","meta":[],"product_brand":[],"product_cat":[23],"product_tag":[],"class_list":{"0":"post-85","1":"product","2":"type-product","3":"status-publish","4":"has-post-thumbnail","6":"product_cat-hipoalergjike","8":"first","9":"instock","10":"shipping-taxable","11":"purchasable","12":"product-type-simple"},"_links":{"self":[{"href":"https:\/\/vitapulita.com\/index.php\/wp-json\/wp\/v2\/product\/85","targetHints":{"allow":["GET"]}}],"collection":[{"href":"https:\/\/vitapulita.com\/index.php\/wp-json\/wp\/v2\/product"}],"about":[{"href":"https:\/\/vitapulita.com\/index.php\/wp-json\/wp\/v2\/types\/product"}],"replies":[{"embeddable":true,"href":"https:\/\/vitapulita.com\/index.php\/wp-json\/wp\/v2\/comments?post=85"}],"wp:featuredmedia":[{"embeddable":true,"href":"https:\/\/vitapulita.com\/index.php\/wp-json\/wp\/v2\/media\/437"}],"wp:attachment":[{"href":"https:\/\/vitapulita.com\/index.php\/wp-json\/wp\/v2\/media?parent=85"}],"wp:term":[{"taxonomy":"product_brand","embeddable":true,"href":"https:\/\/vitapulita.com\/index.php\/wp-json\/wp\/v2\/product_brand?post=85"},{"taxonomy":"product_cat","embeddable":true,"href":"https:\/\/vitapulita.com\/index.php\/wp-json\/wp\/v2\/product_cat?post=85"},{"taxonomy":"product_tag","embeddable":true,"href":"https:\/\/vitapulita.com\/index.php\/wp-json\/wp\/v2\/product_tag?post=85"}],"curies":[{"name":"wp","href":"https:\/\/api.w.org\/{rel}","templated":true}]}}