{"id":83,"date":"2023-12-07T23:08:35","date_gmt":"2023-12-07T23:08:35","guid":{"rendered":"https:\/\/vitapulita.com\/?post_type=product&#038;p=83"},"modified":"2024-09-18T20:44:19","modified_gmt":"2024-09-18T20:44:19","slug":"lavapiatti","status":"publish","type":"product","link":"https:\/\/vitapulita.com\/index.php\/product\/lavapiatti\/","title":{"rendered":"Lavapiatti"},"content":{"rendered":"<p><strong>Lar\u00ebsi i en\u00ebve hipoalergjik<\/strong> pastron n\u00eb m\u00ebnyr<em>\u00eb<\/em> efikase en\u00ebt dhe mbron personat e predispozuar nga efektet alergjike fal\u00eb munges\u00ebs s\u00eb parfumit.<\/p>\n","protected":false},"excerpt":{"rendered":"<p>Lar\u00ebsi i en\u00ebve hipoalergjik pastron n\u00eb m\u00ebnyr\u00eb efikase en\u00ebt dhe mbron personat e predispozuar nga efektet alergjike fal\u00eb munges\u00ebs s\u00eb parfumit.<\/p>\n","protected":false},"featured_media":438,"comment_status":"open","ping_status":"closed","template":"","meta":[],"product_brand":[],"product_cat":[23],"product_tag":[],"class_list":{"0":"post-83","1":"product","2":"type-product","3":"status-publish","4":"has-post-thumbnail","6":"product_cat-hipoalergjike","8":"first","9":"instock","10":"shipping-taxable","11":"purchasable","12":"product-type-simple"},"_links":{"self":[{"href":"https:\/\/vitapulita.com\/index.php\/wp-json\/wp\/v2\/product\/83","targetHints":{"allow":["GET"]}}],"collection":[{"href":"https:\/\/vitapulita.com\/index.php\/wp-json\/wp\/v2\/product"}],"about":[{"href":"https:\/\/vitapulita.com\/index.php\/wp-json\/wp\/v2\/types\/product"}],"replies":[{"embeddable":true,"href":"https:\/\/vitapulita.com\/index.php\/wp-json\/wp\/v2\/comments?post=83"}],"wp:featuredmedia":[{"embeddable":true,"href":"https:\/\/vitapulita.com\/index.php\/wp-json\/wp\/v2\/media\/438"}],"wp:attachment":[{"href":"https:\/\/vitapulita.com\/index.php\/wp-json\/wp\/v2\/media?parent=83"}],"wp:term":[{"taxonomy":"product_brand","embeddable":true,"href":"https:\/\/vitapulita.com\/index.php\/wp-json\/wp\/v2\/product_brand?post=83"},{"taxonomy":"product_cat","embeddable":true,"href":"https:\/\/vitapulita.com\/index.php\/wp-json\/wp\/v2\/product_cat?post=83"},{"taxonomy":"product_tag","embeddable":true,"href":"https:\/\/vitapulita.com\/index.php\/wp-json\/wp\/v2\/product_tag?post=83"}],"curies":[{"name":"wp","href":"https:\/\/api.w.org\/{rel}","templated":true}]}}