{"id":81,"date":"2023-12-07T23:07:10","date_gmt":"2023-12-07T23:07:10","guid":{"rendered":"https:\/\/vitapulita.com\/?post_type=product&#038;p=81"},"modified":"2025-06-06T18:51:30","modified_gmt":"2025-06-06T18:51:30","slug":"lavamani","status":"publish","type":"product","link":"https:\/\/vitapulita.com\/index.php\/product\/lavamani\/","title":{"rendered":"Lavamani"},"content":{"rendered":"<p><strong>Lar\u00ebsi i duarve hipoalergjik<\/strong> pastron but\u00ebsisht duart dhe mbron personat e predispozuar nga efektet alergjike fal\u00eb munges\u00ebs s\u00eb parfumit. Prania e Quaternium 41 mbron l\u00ebkur\u00ebn nga \u00e7do veprim degreasant i surfaktant\u00ebve.<\/p>\n","protected":false},"excerpt":{"rendered":"<p>Lar\u00ebsi i duarve hipoalergjik pastron but\u00ebsisht duart dhe mbron personat e predispozuar nga efektet alergjike fal\u00eb munges\u00ebs s\u00eb parfumit. Prania e Quaternium 41 mbron l\u00ebkur\u00ebn nga \u00e7do veprim degreasant i surfaktant\u00ebve.<\/p>\n","protected":false},"featured_media":440,"comment_status":"open","ping_status":"closed","template":"","meta":[],"product_brand":[],"product_cat":[23],"product_tag":[],"class_list":{"0":"post-81","1":"product","2":"type-product","3":"status-publish","4":"has-post-thumbnail","6":"product_cat-hipoalergjike","8":"first","9":"instock","10":"shipping-taxable","11":"purchasable","12":"product-type-simple"},"_links":{"self":[{"href":"https:\/\/vitapulita.com\/index.php\/wp-json\/wp\/v2\/product\/81","targetHints":{"allow":["GET"]}}],"collection":[{"href":"https:\/\/vitapulita.com\/index.php\/wp-json\/wp\/v2\/product"}],"about":[{"href":"https:\/\/vitapulita.com\/index.php\/wp-json\/wp\/v2\/types\/product"}],"replies":[{"embeddable":true,"href":"https:\/\/vitapulita.com\/index.php\/wp-json\/wp\/v2\/comments?post=81"}],"wp:featuredmedia":[{"embeddable":true,"href":"https:\/\/vitapulita.com\/index.php\/wp-json\/wp\/v2\/media\/440"}],"wp:attachment":[{"href":"https:\/\/vitapulita.com\/index.php\/wp-json\/wp\/v2\/media?parent=81"}],"wp:term":[{"taxonomy":"product_brand","embeddable":true,"href":"https:\/\/vitapulita.com\/index.php\/wp-json\/wp\/v2\/product_brand?post=81"},{"taxonomy":"product_cat","embeddable":true,"href":"https:\/\/vitapulita.com\/index.php\/wp-json\/wp\/v2\/product_cat?post=81"},{"taxonomy":"product_tag","embeddable":true,"href":"https:\/\/vitapulita.com\/index.php\/wp-json\/wp\/v2\/product_tag?post=81"}],"curies":[{"name":"wp","href":"https:\/\/api.w.org\/{rel}","templated":true}]}}