{"id":75,"date":"2023-12-07T23:00:03","date_gmt":"2023-12-07T23:00:03","guid":{"rendered":"https:\/\/vitapulita.com\/?post_type=product&#038;p=75"},"modified":"2025-06-06T15:19:32","modified_gmt":"2025-06-06T15:19:32","slug":"soft-white-con-acido-citrico","status":"publish","type":"product","link":"https:\/\/vitapulita.com\/index.php\/product\/soft-white-con-acido-citrico\/","title":{"rendered":"Soft White con acido citrico"},"content":{"rendered":"<p><strong>Zbut\u00ebsi i rrobave Enzimatico soft white me acid citrik<\/strong> do t&#8217;i b\u00ebj\u00eb rrobat m\u00eb t\u00eb buta se \u00e7do zbut\u00ebs tjet\u00ebr q\u00eb nga larja e par\u00eb. Rekomandohet p\u00ebrdorimi i tij n\u00eb kombinim me lar\u00ebsin me t\u00eb nj\u00ebjtin em\u00ebr, jo vet\u00ebm p\u00ebr t\u00eb patur dhe p\u00ebrforcuar t\u00eb nj\u00ebjt\u00ebn arom\u00eb, por dhe p\u00ebr larje perfekte fal\u00eb veprimit t\u00eb acidit citrik i cili \u00ebsht\u00eb nj\u00eb p\u00ebrb\u00ebr\u00ebs acid i pranish\u00ebm n\u00eb agrumet, ve\u00e7an\u00ebrisht n\u00eb l\u00ebngun e limonit; konsiderohet nj\u00eb &#8220;acid i dob\u00ebt&#8221; sepse \u00ebsht\u00eb n\u00eb p\u00ebrqendrim t\u00eb ul\u00ebt, pra jo i\u00a0d\u00ebmsh\u00ebm.<\/p>\n<p>Perdorimi: 70 ml per larje<\/p>\n","protected":false},"excerpt":{"rendered":"<p>Zbut\u00ebsi i rrobave Enzimatico soft white me acid citrik do t&#8217;i b\u00ebj\u00eb rrobat m\u00eb t\u00eb buta se \u00e7do zbut\u00ebs tjet\u00ebr q\u00eb nga larja e par\u00eb. Rekomandohet p\u00ebrdorimi i tij n\u00eb kombinim me lar\u00ebsin me t\u00eb nj\u00ebjtin em\u00ebr, jo vet\u00ebm p\u00ebr t\u00eb patur dhe p\u00ebrforcuar t\u00eb nj\u00ebjt\u00ebn arom\u00eb, por dhe p\u00ebr larje perfekte fal\u00eb veprimit t\u00eb [&hellip;]<\/p>\n","protected":false},"featured_media":446,"comment_status":"open","ping_status":"closed","template":"","meta":[],"product_brand":[],"product_cat":[22],"product_tag":[],"class_list":{"0":"post-75","1":"product","2":"type-product","3":"status-publish","4":"has-post-thumbnail","6":"product_cat-zbutes-rrobash","8":"first","9":"instock","10":"shipping-taxable","11":"purchasable","12":"product-type-simple"},"_links":{"self":[{"href":"https:\/\/vitapulita.com\/index.php\/wp-json\/wp\/v2\/product\/75","targetHints":{"allow":["GET"]}}],"collection":[{"href":"https:\/\/vitapulita.com\/index.php\/wp-json\/wp\/v2\/product"}],"about":[{"href":"https:\/\/vitapulita.com\/index.php\/wp-json\/wp\/v2\/types\/product"}],"replies":[{"embeddable":true,"href":"https:\/\/vitapulita.com\/index.php\/wp-json\/wp\/v2\/comments?post=75"}],"wp:featuredmedia":[{"embeddable":true,"href":"https:\/\/vitapulita.com\/index.php\/wp-json\/wp\/v2\/media\/446"}],"wp:attachment":[{"href":"https:\/\/vitapulita.com\/index.php\/wp-json\/wp\/v2\/media?parent=75"}],"wp:term":[{"taxonomy":"product_brand","embeddable":true,"href":"https:\/\/vitapulita.com\/index.php\/wp-json\/wp\/v2\/product_brand?post=75"},{"taxonomy":"product_cat","embeddable":true,"href":"https:\/\/vitapulita.com\/index.php\/wp-json\/wp\/v2\/product_cat?post=75"},{"taxonomy":"product_tag","embeddable":true,"href":"https:\/\/vitapulita.com\/index.php\/wp-json\/wp\/v2\/product_tag?post=75"}],"curies":[{"name":"wp","href":"https:\/\/api.w.org\/{rel}","templated":true}]}}