{"id":73,"date":"2023-12-07T22:57:55","date_gmt":"2023-12-07T22:57:55","guid":{"rendered":"https:\/\/vitapulita.com\/?post_type=product&#038;p=73"},"modified":"2025-06-06T12:10:54","modified_gmt":"2025-06-06T12:10:54","slug":"lenoir-ametista-2","status":"publish","type":"product","link":"https:\/\/vitapulita.com\/index.php\/product\/lenoir-ametista-2\/","title":{"rendered":"Lenoir Ametista"},"content":{"rendered":"<p><strong>Zbut\u00ebsi Lenoir Ametista <\/strong>\u00ebsht\u00eb nj\u00eb p\u00ebrzierje aromash pylli, e pasuruar me nota shum\u00eb delikate t\u00eb pudr\u00ebs s\u00eb fytyr\u00ebs, p\u00ebr nj\u00eb grua romantike q\u00eb i do gj\u00ebrat e bukura. I jep p\u00eblhurave but\u00ebsi dhe nj\u00eb efekt antistatik, duke i b\u00ebr\u00eb veshjet tuaja t\u00eb k\u00ebndshme p\u00ebr t&#8217;u veshur dhe p\u00ebrk\u00ebdhelur dhe m\u00eb t\u00eb lehta n\u00eb hekurosje.<\/p>\n<p>Perdorimi: 70 ml p<em>\u00eb<\/em>r larje<\/p>\n","protected":false},"excerpt":{"rendered":"<p>Zbut\u00ebsi Lenoir Ametista \u00ebsht\u00eb nj\u00eb p\u00ebrzierje aromash pylli, e pasuruar me nota shum\u00eb delikate t\u00eb pudr\u00ebs s\u00eb fytyr\u00ebs, p\u00ebr nj\u00eb grua romantike q\u00eb i do gj\u00ebrat e bukura. I jep p\u00eblhurave but\u00ebsi dhe nj\u00eb efekt antistatik, duke i b\u00ebr\u00eb veshjet tuaja t\u00eb k\u00ebndshme p\u00ebr t&#8217;u veshur dhe p\u00ebrk\u00ebdhelur dhe m\u00eb t\u00eb lehta n\u00eb hekurosje. Perdorimi: [&hellip;]<\/p>\n","protected":false},"featured_media":448,"comment_status":"open","ping_status":"closed","template":"","meta":[],"product_brand":[],"product_cat":[22],"product_tag":[],"class_list":{"0":"post-73","1":"product","2":"type-product","3":"status-publish","4":"has-post-thumbnail","6":"product_cat-zbutes-rrobash","8":"first","9":"instock","10":"shipping-taxable","11":"purchasable","12":"product-type-simple"},"_links":{"self":[{"href":"https:\/\/vitapulita.com\/index.php\/wp-json\/wp\/v2\/product\/73","targetHints":{"allow":["GET"]}}],"collection":[{"href":"https:\/\/vitapulita.com\/index.php\/wp-json\/wp\/v2\/product"}],"about":[{"href":"https:\/\/vitapulita.com\/index.php\/wp-json\/wp\/v2\/types\/product"}],"replies":[{"embeddable":true,"href":"https:\/\/vitapulita.com\/index.php\/wp-json\/wp\/v2\/comments?post=73"}],"wp:featuredmedia":[{"embeddable":true,"href":"https:\/\/vitapulita.com\/index.php\/wp-json\/wp\/v2\/media\/448"}],"wp:attachment":[{"href":"https:\/\/vitapulita.com\/index.php\/wp-json\/wp\/v2\/media?parent=73"}],"wp:term":[{"taxonomy":"product_brand","embeddable":true,"href":"https:\/\/vitapulita.com\/index.php\/wp-json\/wp\/v2\/product_brand?post=73"},{"taxonomy":"product_cat","embeddable":true,"href":"https:\/\/vitapulita.com\/index.php\/wp-json\/wp\/v2\/product_cat?post=73"},{"taxonomy":"product_tag","embeddable":true,"href":"https:\/\/vitapulita.com\/index.php\/wp-json\/wp\/v2\/product_tag?post=73"}],"curies":[{"name":"wp","href":"https:\/\/api.w.org\/{rel}","templated":true}]}}