{"id":71,"date":"2023-12-07T22:56:34","date_gmt":"2023-12-07T22:56:34","guid":{"rendered":"https:\/\/vitapulita.com\/?post_type=product&#038;p=71"},"modified":"2024-09-22T20:59:04","modified_gmt":"2024-09-22T20:59:04","slug":"muschio-bianco-2","status":"publish","type":"product","link":"https:\/\/vitapulita.com\/index.php\/product\/muschio-bianco-2\/","title":{"rendered":"Muschio Bianco"},"content":{"rendered":"<p><strong>Zbut\u00ebsi i rrobave me myshk t\u00eb bardh\u00eb<\/strong> \u00ebsht\u00eb ideal p\u00ebr t&#8217;i zbutur n\u00eb m\u00ebnyr\u00eb delikate rrobat. Cil\u00ebsia e lart\u00eb e esencave t\u00eb p\u00ebrdorura garanton nj\u00eb q\u00ebndrueshm\u00ebri t\u00eb zgjatur t\u00eb aromes edhe pas hekurosjes.<\/p>\n<p>Perdorimi: 50-70 ml per larje<\/p>\n","protected":false},"excerpt":{"rendered":"<p>Zbut\u00ebsi i rrobave me myshk t\u00eb bardh\u00eb \u00ebsht\u00eb ideal p\u00ebr t&#8217;i zbutur n\u00eb m\u00ebnyr\u00eb delikate rrobat. Cil\u00ebsia e lart\u00eb e esencave t\u00eb p\u00ebrdorura garanton nj\u00eb q\u00ebndrueshm\u00ebri t\u00eb zgjatur t\u00eb aromes edhe pas hekurosjes. Perdorimi: 50-70 ml per larje<\/p>\n","protected":false},"featured_media":451,"comment_status":"open","ping_status":"closed","template":"","meta":[],"product_brand":[],"product_cat":[22],"product_tag":[],"class_list":{"0":"post-71","1":"product","2":"type-product","3":"status-publish","4":"has-post-thumbnail","6":"product_cat-zbutes-rrobash","8":"first","9":"instock","10":"shipping-taxable","11":"purchasable","12":"product-type-simple"},"_links":{"self":[{"href":"https:\/\/vitapulita.com\/index.php\/wp-json\/wp\/v2\/product\/71","targetHints":{"allow":["GET"]}}],"collection":[{"href":"https:\/\/vitapulita.com\/index.php\/wp-json\/wp\/v2\/product"}],"about":[{"href":"https:\/\/vitapulita.com\/index.php\/wp-json\/wp\/v2\/types\/product"}],"replies":[{"embeddable":true,"href":"https:\/\/vitapulita.com\/index.php\/wp-json\/wp\/v2\/comments?post=71"}],"wp:featuredmedia":[{"embeddable":true,"href":"https:\/\/vitapulita.com\/index.php\/wp-json\/wp\/v2\/media\/451"}],"wp:attachment":[{"href":"https:\/\/vitapulita.com\/index.php\/wp-json\/wp\/v2\/media?parent=71"}],"wp:term":[{"taxonomy":"product_brand","embeddable":true,"href":"https:\/\/vitapulita.com\/index.php\/wp-json\/wp\/v2\/product_brand?post=71"},{"taxonomy":"product_cat","embeddable":true,"href":"https:\/\/vitapulita.com\/index.php\/wp-json\/wp\/v2\/product_cat?post=71"},{"taxonomy":"product_tag","embeddable":true,"href":"https:\/\/vitapulita.com\/index.php\/wp-json\/wp\/v2\/product_tag?post=71"}],"curies":[{"name":"wp","href":"https:\/\/api.w.org\/{rel}","templated":true}]}}