{"id":69,"date":"2023-12-07T22:55:08","date_gmt":"2023-12-07T22:55:08","guid":{"rendered":"https:\/\/vitapulita.com\/?post_type=product&#038;p=69"},"modified":"2024-09-22T21:00:54","modified_gmt":"2024-09-22T21:00:54","slug":"giardino-dei-sensi-aromatherapy-2","status":"publish","type":"product","link":"https:\/\/vitapulita.com\/index.php\/product\/giardino-dei-sensi-aromatherapy-2\/","title":{"rendered":"Giardino dei sensi Aromatherapy"},"content":{"rendered":"<p><strong>Zbut\u00ebsi i rrobave Giardino dei Sensi,<\/strong> me arom\u00ebn e tij relaksuese dhe qet\u00ebsuese, \u00ebsht\u00eb ideal p\u00ebr t\u00eb zbutur veshjen tuaj t\u00eb preferuar. Cil\u00ebsia e lart\u00eb e esencave t\u00eb p\u00ebrdorura garanton nj\u00eb q\u00ebndrueshm\u00ebri t\u00eb zgjatur t\u00eb aromes edhe pas hekurosjes.<\/p>\n<p>Perdorimi: 50-70 ml per larje<\/p>\n","protected":false},"excerpt":{"rendered":"<p>Zbut\u00ebsi i rrobave Giardino dei Sensi, me arom\u00ebn e tij relaksuese dhe qet\u00ebsuese, \u00ebsht\u00eb ideal p\u00ebr t\u00eb zbutur veshjen tuaj t\u00eb preferuar. Cil\u00ebsia e lart\u00eb e esencave t\u00eb p\u00ebrdorura garanton nj\u00eb q\u00ebndrueshm\u00ebri t\u00eb zgjatur t\u00eb aromes edhe pas hekurosjes. Perdorimi: 50-70 ml per larje<\/p>\n","protected":false},"featured_media":452,"comment_status":"open","ping_status":"closed","template":"","meta":[],"product_brand":[],"product_cat":[22],"product_tag":[],"class_list":{"0":"post-69","1":"product","2":"type-product","3":"status-publish","4":"has-post-thumbnail","6":"product_cat-zbutes-rrobash","8":"first","9":"instock","10":"shipping-taxable","11":"product-type-simple"},"_links":{"self":[{"href":"https:\/\/vitapulita.com\/index.php\/wp-json\/wp\/v2\/product\/69","targetHints":{"allow":["GET"]}}],"collection":[{"href":"https:\/\/vitapulita.com\/index.php\/wp-json\/wp\/v2\/product"}],"about":[{"href":"https:\/\/vitapulita.com\/index.php\/wp-json\/wp\/v2\/types\/product"}],"replies":[{"embeddable":true,"href":"https:\/\/vitapulita.com\/index.php\/wp-json\/wp\/v2\/comments?post=69"}],"wp:featuredmedia":[{"embeddable":true,"href":"https:\/\/vitapulita.com\/index.php\/wp-json\/wp\/v2\/media\/452"}],"wp:attachment":[{"href":"https:\/\/vitapulita.com\/index.php\/wp-json\/wp\/v2\/media?parent=69"}],"wp:term":[{"taxonomy":"product_brand","embeddable":true,"href":"https:\/\/vitapulita.com\/index.php\/wp-json\/wp\/v2\/product_brand?post=69"},{"taxonomy":"product_cat","embeddable":true,"href":"https:\/\/vitapulita.com\/index.php\/wp-json\/wp\/v2\/product_cat?post=69"},{"taxonomy":"product_tag","embeddable":true,"href":"https:\/\/vitapulita.com\/index.php\/wp-json\/wp\/v2\/product_tag?post=69"}],"curies":[{"name":"wp","href":"https:\/\/api.w.org\/{rel}","templated":true}]}}