{"id":67,"date":"2023-12-07T22:54:35","date_gmt":"2023-12-07T22:54:35","guid":{"rendered":"https:\/\/vitapulita.com\/?post_type=product&#038;p=67"},"modified":"2025-06-06T12:37:31","modified_gmt":"2025-06-06T12:37:31","slug":"fiori-di-loto-2","status":"publish","type":"product","link":"https:\/\/vitapulita.com\/index.php\/product\/fiori-di-loto-2\/","title":{"rendered":"Fiori di Loto"},"content":{"rendered":"<p><strong>Zbut\u00ebsi i rrobave Fiori di Loto,<\/strong> fal\u00eb arom\u00ebs intensive dhe intriguese t\u00eb lules s\u00eb lotusit, p\u00ebrk\u00ebdhel shqisat\u00a0 duke siguruar nj\u00eb ndienj\u00eb mir\u00ebqenieje.<\/p>\n<p>Simboli i past\u00ebrtis\u00eb, p\u00ebrsosm\u00ebris\u00eb dhe prosperitetit n\u00eb tradit\u00ebn indiane, Lulja e Lotusit ishte e dashur dhe e nderuar si nga Zoti ashtu edhe nga njer\u00ebzit. Ajo quhet &#8220;eliksiri i shpirtit&#8221; dhe ndihmon n\u00eb meditim duke qet\u00ebsuar mendjen dhe duke nxitur p\u00ebrq\u00ebndrimin.<\/p>\n<p>Perdorimi: 50-70 ml per larje<\/p>\n","protected":false},"excerpt":{"rendered":"<p>Zbut\u00ebsi i rrobave Fiori di Loto, fal\u00eb arom\u00ebs intensive dhe intriguese t\u00eb lules s\u00eb lotusit, p\u00ebrk\u00ebdhel shqisat\u00a0 duke siguruar nj\u00eb ndienj\u00eb mir\u00ebqenieje. Simboli i past\u00ebrtis\u00eb, p\u00ebrsosm\u00ebris\u00eb dhe prosperitetit n\u00eb tradit\u00ebn indiane, Lulja e Lotusit ishte e dashur dhe e nderuar si nga Zoti ashtu edhe nga njer\u00ebzit. Ajo quhet &#8220;eliksiri i shpirtit&#8221; dhe ndihmon n\u00eb [&hellip;]<\/p>\n","protected":false},"featured_media":455,"comment_status":"open","ping_status":"closed","template":"","meta":[],"product_brand":[],"product_cat":[22],"product_tag":[],"class_list":{"0":"post-67","1":"product","2":"type-product","3":"status-publish","4":"has-post-thumbnail","6":"product_cat-zbutes-rrobash","8":"first","9":"instock","10":"shipping-taxable","11":"purchasable","12":"product-type-simple"},"_links":{"self":[{"href":"https:\/\/vitapulita.com\/index.php\/wp-json\/wp\/v2\/product\/67","targetHints":{"allow":["GET"]}}],"collection":[{"href":"https:\/\/vitapulita.com\/index.php\/wp-json\/wp\/v2\/product"}],"about":[{"href":"https:\/\/vitapulita.com\/index.php\/wp-json\/wp\/v2\/types\/product"}],"replies":[{"embeddable":true,"href":"https:\/\/vitapulita.com\/index.php\/wp-json\/wp\/v2\/comments?post=67"}],"wp:featuredmedia":[{"embeddable":true,"href":"https:\/\/vitapulita.com\/index.php\/wp-json\/wp\/v2\/media\/455"}],"wp:attachment":[{"href":"https:\/\/vitapulita.com\/index.php\/wp-json\/wp\/v2\/media?parent=67"}],"wp:term":[{"taxonomy":"product_brand","embeddable":true,"href":"https:\/\/vitapulita.com\/index.php\/wp-json\/wp\/v2\/product_brand?post=67"},{"taxonomy":"product_cat","embeddable":true,"href":"https:\/\/vitapulita.com\/index.php\/wp-json\/wp\/v2\/product_cat?post=67"},{"taxonomy":"product_tag","embeddable":true,"href":"https:\/\/vitapulita.com\/index.php\/wp-json\/wp\/v2\/product_tag?post=67"}],"curies":[{"name":"wp","href":"https:\/\/api.w.org\/{rel}","templated":true}]}}