{"id":65,"date":"2023-12-07T22:53:14","date_gmt":"2023-12-07T22:53:14","guid":{"rendered":"https:\/\/vitapulita.com\/?post_type=product&#038;p=65"},"modified":"2024-09-22T21:07:33","modified_gmt":"2024-09-22T21:07:33","slug":"fiori-bianchi-e-bergamotto-2","status":"publish","type":"product","link":"https:\/\/vitapulita.com\/index.php\/product\/fiori-bianchi-e-bergamotto-2\/","title":{"rendered":"Fiori Bianchi e Bergamotto"},"content":{"rendered":"<p><strong>Zbut<em>\u00eb<\/em>si i rrobave me lule t<em>\u00eb<\/em> bardha<\/strong> i jep p\u00eblhurave but\u00ebsi dhe nj\u00eb efekt antistatik, duke i b\u00ebr\u00eb veshjet t\u00eb k\u00ebndshme p\u00ebr t&#8217;u veshur dhe p\u00ebrk\u00ebdhelur. Gjithashtu e b\u00ebn shum\u00eb m\u00eb t\u00eb leht\u00eb hekurosjen, fal\u00eb reduktimit t\u00eb f\u00ebrkimit midis fibrave.<\/p>\n<p>Perdorimi: 50-70 ml per larje<\/p>\n","protected":false},"excerpt":{"rendered":"<p>Zbut\u00ebsi i rrobave me lule t\u00eb bardha i jep p\u00eblhurave but\u00ebsi dhe nj\u00eb efekt antistatik, duke i b\u00ebr\u00eb veshjet t\u00eb k\u00ebndshme p\u00ebr t&#8217;u veshur dhe p\u00ebrk\u00ebdhelur. Gjithashtu e b\u00ebn shum\u00eb m\u00eb t\u00eb leht\u00eb hekurosjen, fal\u00eb reduktimit t\u00eb f\u00ebrkimit midis fibrave. Perdorimi: 50-70 ml per larje<\/p>\n","protected":false},"featured_media":457,"comment_status":"open","ping_status":"closed","template":"","meta":[],"product_brand":[],"product_cat":[22],"product_tag":[],"class_list":{"0":"post-65","1":"product","2":"type-product","3":"status-publish","4":"has-post-thumbnail","6":"product_cat-zbutes-rrobash","8":"first","9":"instock","10":"shipping-taxable","11":"purchasable","12":"product-type-simple"},"_links":{"self":[{"href":"https:\/\/vitapulita.com\/index.php\/wp-json\/wp\/v2\/product\/65","targetHints":{"allow":["GET"]}}],"collection":[{"href":"https:\/\/vitapulita.com\/index.php\/wp-json\/wp\/v2\/product"}],"about":[{"href":"https:\/\/vitapulita.com\/index.php\/wp-json\/wp\/v2\/types\/product"}],"replies":[{"embeddable":true,"href":"https:\/\/vitapulita.com\/index.php\/wp-json\/wp\/v2\/comments?post=65"}],"wp:featuredmedia":[{"embeddable":true,"href":"https:\/\/vitapulita.com\/index.php\/wp-json\/wp\/v2\/media\/457"}],"wp:attachment":[{"href":"https:\/\/vitapulita.com\/index.php\/wp-json\/wp\/v2\/media?parent=65"}],"wp:term":[{"taxonomy":"product_brand","embeddable":true,"href":"https:\/\/vitapulita.com\/index.php\/wp-json\/wp\/v2\/product_brand?post=65"},{"taxonomy":"product_cat","embeddable":true,"href":"https:\/\/vitapulita.com\/index.php\/wp-json\/wp\/v2\/product_cat?post=65"},{"taxonomy":"product_tag","embeddable":true,"href":"https:\/\/vitapulita.com\/index.php\/wp-json\/wp\/v2\/product_tag?post=65"}],"curies":[{"name":"wp","href":"https:\/\/api.w.org\/{rel}","templated":true}]}}