{"id":63,"date":"2023-12-07T22:52:02","date_gmt":"2023-12-07T22:52:02","guid":{"rendered":"https:\/\/vitapulita.com\/?post_type=product&#038;p=63"},"modified":"2024-09-28T19:41:02","modified_gmt":"2024-09-28T19:41:02","slug":"diamante","status":"publish","type":"product","link":"https:\/\/vitapulita.com\/index.php\/product\/diamante\/","title":{"rendered":"Diamante"},"content":{"rendered":"<p><strong>Zbutesi i rrobave Diamante<\/strong> i jep p\u00eblhurave but\u00ebsi dhe arom\u00eb neutrale past\u00ebrtie ; dallon vecanerisht p\u00ebr efektin e saj antistatik q\u00eb leht\u00ebson hekurosjen.<\/p>\n<p>Perdorimi: 70ml per larje<\/p>\n","protected":false},"excerpt":{"rendered":"<p>Zbutesi i rrobave Diamante i jep p\u00eblhurave but\u00ebsi dhe arom\u00eb neutrale past\u00ebrtie ; dallon vecanerisht p\u00ebr efektin e saj antistatik q\u00eb leht\u00ebson hekurosjen. Perdorimi: 70ml per larje<\/p>\n","protected":false},"featured_media":459,"comment_status":"open","ping_status":"closed","template":"","meta":[],"product_brand":[],"product_cat":[22],"product_tag":[],"class_list":{"0":"post-63","1":"product","2":"type-product","3":"status-publish","4":"has-post-thumbnail","6":"product_cat-zbutes-rrobash","8":"first","9":"instock","10":"shipping-taxable","11":"purchasable","12":"product-type-simple"},"_links":{"self":[{"href":"https:\/\/vitapulita.com\/index.php\/wp-json\/wp\/v2\/product\/63","targetHints":{"allow":["GET"]}}],"collection":[{"href":"https:\/\/vitapulita.com\/index.php\/wp-json\/wp\/v2\/product"}],"about":[{"href":"https:\/\/vitapulita.com\/index.php\/wp-json\/wp\/v2\/types\/product"}],"replies":[{"embeddable":true,"href":"https:\/\/vitapulita.com\/index.php\/wp-json\/wp\/v2\/comments?post=63"}],"wp:featuredmedia":[{"embeddable":true,"href":"https:\/\/vitapulita.com\/index.php\/wp-json\/wp\/v2\/media\/459"}],"wp:attachment":[{"href":"https:\/\/vitapulita.com\/index.php\/wp-json\/wp\/v2\/media?parent=63"}],"wp:term":[{"taxonomy":"product_brand","embeddable":true,"href":"https:\/\/vitapulita.com\/index.php\/wp-json\/wp\/v2\/product_brand?post=63"},{"taxonomy":"product_cat","embeddable":true,"href":"https:\/\/vitapulita.com\/index.php\/wp-json\/wp\/v2\/product_cat?post=63"},{"taxonomy":"product_tag","embeddable":true,"href":"https:\/\/vitapulita.com\/index.php\/wp-json\/wp\/v2\/product_tag?post=63"}],"curies":[{"name":"wp","href":"https:\/\/api.w.org\/{rel}","templated":true}]}}