{"id":61,"date":"2023-12-07T22:51:25","date_gmt":"2023-12-07T22:51:25","guid":{"rendered":"https:\/\/vitapulita.com\/?post_type=product&#038;p=61"},"modified":"2025-06-06T02:19:41","modified_gmt":"2025-06-06T02:19:41","slug":"capri-2","status":"publish","type":"product","link":"https:\/\/vitapulita.com\/index.php\/product\/capri-2\/","title":{"rendered":"Capri"},"content":{"rendered":"<p><strong>Zbut\u00ebsi i rrobave Capri<\/strong> me arom\u00ebn e tij fantastike t\u00eb fresk\u00ebt (shum\u00eb t\u00eb ngjashme me parfumin Light Blue te Dolce and Gabbana-s) i jep p\u00eblhurave but\u00ebsi dhe nj\u00eb efekt antistatik, duke i b\u00ebr\u00eb rrobat tuaja t\u00eb k\u00ebndshme p\u00ebr t&#8217;u veshur. Gjithashtu fal\u00eb reduktimit t\u00eb f\u00ebrkimit midis fibrave e b\u00ebn m\u00eb t\u00eb leht\u00eb pun\u00ebn e hekurit tuaj.<\/p>\n<p>Perdorimi: 70 ml p\u00ebr larje<\/p>\n","protected":false},"excerpt":{"rendered":"<p>Zbut\u00ebsi i rrobave Capri me arom\u00ebn e tij fantastike t\u00eb fresk\u00ebt (shum\u00eb t\u00eb ngjashme me parfumin Light Blue te Dolce and Gabbana-s) i jep p\u00eblhurave but\u00ebsi dhe nj\u00eb efekt antistatik, duke i b\u00ebr\u00eb rrobat tuaja t\u00eb k\u00ebndshme p\u00ebr t&#8217;u veshur. Gjithashtu fal\u00eb reduktimit t\u00eb f\u00ebrkimit midis fibrave e b\u00ebn m\u00eb t\u00eb leht\u00eb pun\u00ebn e hekurit [&hellip;]<\/p>\n","protected":false},"featured_media":462,"comment_status":"open","ping_status":"closed","template":"","meta":[],"product_brand":[],"product_cat":[22],"product_tag":[],"class_list":{"0":"post-61","1":"product","2":"type-product","3":"status-publish","4":"has-post-thumbnail","6":"product_cat-zbutes-rrobash","8":"first","9":"instock","10":"shipping-taxable","11":"purchasable","12":"product-type-simple"},"_links":{"self":[{"href":"https:\/\/vitapulita.com\/index.php\/wp-json\/wp\/v2\/product\/61","targetHints":{"allow":["GET"]}}],"collection":[{"href":"https:\/\/vitapulita.com\/index.php\/wp-json\/wp\/v2\/product"}],"about":[{"href":"https:\/\/vitapulita.com\/index.php\/wp-json\/wp\/v2\/types\/product"}],"replies":[{"embeddable":true,"href":"https:\/\/vitapulita.com\/index.php\/wp-json\/wp\/v2\/comments?post=61"}],"wp:featuredmedia":[{"embeddable":true,"href":"https:\/\/vitapulita.com\/index.php\/wp-json\/wp\/v2\/media\/462"}],"wp:attachment":[{"href":"https:\/\/vitapulita.com\/index.php\/wp-json\/wp\/v2\/media?parent=61"}],"wp:term":[{"taxonomy":"product_brand","embeddable":true,"href":"https:\/\/vitapulita.com\/index.php\/wp-json\/wp\/v2\/product_brand?post=61"},{"taxonomy":"product_cat","embeddable":true,"href":"https:\/\/vitapulita.com\/index.php\/wp-json\/wp\/v2\/product_cat?post=61"},{"taxonomy":"product_tag","embeddable":true,"href":"https:\/\/vitapulita.com\/index.php\/wp-json\/wp\/v2\/product_tag?post=61"}],"curies":[{"name":"wp","href":"https:\/\/api.w.org\/{rel}","templated":true}]}}