{"id":56,"date":"2023-12-07T22:42:07","date_gmt":"2023-12-07T22:42:07","guid":{"rendered":"https:\/\/vitapulita.com\/?post_type=product&#038;p=56"},"modified":"2024-12-01T00:05:40","modified_gmt":"2024-12-01T00:05:40","slug":"acqua-di-sale","status":"publish","type":"product","link":"https:\/\/vitapulita.com\/index.php\/product\/acqua-di-sale\/","title":{"rendered":"Acqua di Sale"},"content":{"rendered":"<p><strong>Detergjenti lar\u00ebs Acqua di Sale<\/strong> pastron n\u00eb thell\u00ebsi duke u l\u00ebn\u00eb rrobave nj\u00eb arom\u00eb fantastike oqeanike. Esht\u00eb i p\u00ebrshtatsh\u00ebm p\u00ebr larjen e rrobave me ngjyra. P\u00ebrdoret si p\u00ebr larjet n\u00eb lavatrice ashtu edhe p\u00ebr larjet me dor\u00eb. Sugjerohet t\u00eb p\u00ebrdoret s\u00eb bashku me zbut\u00ebsin homolog p\u00ebr t\u00eb ruajtur nj\u00ebtrajt\u00ebsin\u00eb e arom\u00ebs.<\/p>\n<p>P\u00ebrdorimi: 70ml p\u00ebr larje<\/p>\n","protected":false},"excerpt":{"rendered":"<p>Detergjenti lar\u00ebs Acqua di Sale pastron n\u00eb thell\u00ebsi duke u l\u00ebn\u00eb rrobave nj\u00eb arom\u00eb fantastike oqeanike. Esht\u00eb i p\u00ebrshtatsh\u00ebm p\u00ebr larjen e rrobave me ngjyra. P\u00ebrdoret si p\u00ebr larjet n\u00eb lavatrice ashtu edhe p\u00ebr larjet me dor\u00eb. Sugjerohet t\u00eb p\u00ebrdoret s\u00eb bashku me zbut\u00ebsin homolog p\u00ebr t\u00eb ruajtur nj\u00ebtrajt\u00ebsin\u00eb e arom\u00ebs. P\u00ebrdorimi: 70ml p\u00ebr larje<\/p>\n","protected":false},"featured_media":465,"comment_status":"open","ping_status":"closed","template":"","meta":[],"product_brand":[],"product_cat":[21],"product_tag":[],"class_list":{"0":"post-56","1":"product","2":"type-product","3":"status-publish","4":"has-post-thumbnail","6":"product_cat-lares-rrobash","8":"first","9":"instock","10":"shipping-taxable","11":"purchasable","12":"product-type-simple"},"_links":{"self":[{"href":"https:\/\/vitapulita.com\/index.php\/wp-json\/wp\/v2\/product\/56","targetHints":{"allow":["GET"]}}],"collection":[{"href":"https:\/\/vitapulita.com\/index.php\/wp-json\/wp\/v2\/product"}],"about":[{"href":"https:\/\/vitapulita.com\/index.php\/wp-json\/wp\/v2\/types\/product"}],"replies":[{"embeddable":true,"href":"https:\/\/vitapulita.com\/index.php\/wp-json\/wp\/v2\/comments?post=56"}],"wp:featuredmedia":[{"embeddable":true,"href":"https:\/\/vitapulita.com\/index.php\/wp-json\/wp\/v2\/media\/465"}],"wp:attachment":[{"href":"https:\/\/vitapulita.com\/index.php\/wp-json\/wp\/v2\/media?parent=56"}],"wp:term":[{"taxonomy":"product_brand","embeddable":true,"href":"https:\/\/vitapulita.com\/index.php\/wp-json\/wp\/v2\/product_brand?post=56"},{"taxonomy":"product_cat","embeddable":true,"href":"https:\/\/vitapulita.com\/index.php\/wp-json\/wp\/v2\/product_cat?post=56"},{"taxonomy":"product_tag","embeddable":true,"href":"https:\/\/vitapulita.com\/index.php\/wp-json\/wp\/v2\/product_tag?post=56"}],"curies":[{"name":"wp","href":"https:\/\/api.w.org\/{rel}","templated":true}]}}