{"id":54,"date":"2023-12-07T22:40:48","date_gmt":"2023-12-07T22:40:48","guid":{"rendered":"https:\/\/vitapulita.com\/?post_type=product&#038;p=54"},"modified":"2024-09-28T20:06:59","modified_gmt":"2024-09-28T20:06:59","slug":"fiori-bianchi-e-bergamotto","status":"publish","type":"product","link":"https:\/\/vitapulita.com\/index.php\/product\/fiori-bianchi-e-bergamotto\/","title":{"rendered":"Fiori Bianchi e Bergamotto"},"content":{"rendered":"<p><strong>Detergjenti lar\u00ebs me arom\u00ebn e Luleve t\u00eb Bardha dhe Bergamotit,<\/strong> p\u00ebrve\u00e7se garanton efektivitetin dhe q\u00ebndrueshm\u00ebrin\u00eb e arom\u00ebs, i jep nj\u00eb but\u00ebsi t\u00eb pabesueshme rrobave, duke e b\u00ebr\u00eb m\u00eb t\u00eb leht\u00eb hekurosjen. Esht\u00eb i p\u00ebrshtatsh\u00ebm p\u00ebr larjen e rrobave me ngjyra dhe t\u00eb bardha, p\u00ebr larje n\u00eb lavatrice dhe me dor\u00eb. Sugjerohet te kombinohet me zbutesin homolog me t\u00eb nj\u00ebjt\u00ebn arom\u00eb p\u00ebr t\u00eb patur nj\u00ebtrajtshm\u00ebri intensive t\u00eb er\u00ebs.<\/p>\n<p>Perdorimi: 70 ml p\u00ebr larje<\/p>\n","protected":false},"excerpt":{"rendered":"<p>Detergjenti lar\u00ebs me arom\u00ebn e Luleve t\u00eb Bardha dhe Bergamotit, p\u00ebrve\u00e7se garanton efektivitetin dhe q\u00ebndrueshm\u00ebrin\u00eb e arom\u00ebs, i jep nj\u00eb but\u00ebsi t\u00eb pabesueshme rrobave, duke e b\u00ebr\u00eb m\u00eb t\u00eb leht\u00eb hekurosjen. Esht\u00eb i p\u00ebrshtatsh\u00ebm p\u00ebr larjen e rrobave me ngjyra dhe t\u00eb bardha, p\u00ebr larje n\u00eb lavatrice dhe me dor\u00eb. Sugjerohet te kombinohet me zbutesin [&hellip;]<\/p>\n","protected":false},"featured_media":55,"comment_status":"open","ping_status":"closed","template":"","meta":[],"product_brand":[],"product_cat":[21],"product_tag":[],"class_list":{"0":"post-54","1":"product","2":"type-product","3":"status-publish","4":"has-post-thumbnail","6":"product_cat-lares-rrobash","8":"first","9":"instock","10":"shipping-taxable","11":"purchasable","12":"product-type-simple"},"_links":{"self":[{"href":"https:\/\/vitapulita.com\/index.php\/wp-json\/wp\/v2\/product\/54","targetHints":{"allow":["GET"]}}],"collection":[{"href":"https:\/\/vitapulita.com\/index.php\/wp-json\/wp\/v2\/product"}],"about":[{"href":"https:\/\/vitapulita.com\/index.php\/wp-json\/wp\/v2\/types\/product"}],"replies":[{"embeddable":true,"href":"https:\/\/vitapulita.com\/index.php\/wp-json\/wp\/v2\/comments?post=54"}],"wp:featuredmedia":[{"embeddable":true,"href":"https:\/\/vitapulita.com\/index.php\/wp-json\/wp\/v2\/media\/55"}],"wp:attachment":[{"href":"https:\/\/vitapulita.com\/index.php\/wp-json\/wp\/v2\/media?parent=54"}],"wp:term":[{"taxonomy":"product_brand","embeddable":true,"href":"https:\/\/vitapulita.com\/index.php\/wp-json\/wp\/v2\/product_brand?post=54"},{"taxonomy":"product_cat","embeddable":true,"href":"https:\/\/vitapulita.com\/index.php\/wp-json\/wp\/v2\/product_cat?post=54"},{"taxonomy":"product_tag","embeddable":true,"href":"https:\/\/vitapulita.com\/index.php\/wp-json\/wp\/v2\/product_tag?post=54"}],"curies":[{"name":"wp","href":"https:\/\/api.w.org\/{rel}","templated":true}]}}