{"id":52,"date":"2023-12-07T22:38:49","date_gmt":"2023-12-07T22:38:49","guid":{"rendered":"https:\/\/vitapulita.com\/?post_type=product&#038;p=52"},"modified":"2024-09-28T20:16:07","modified_gmt":"2024-09-28T20:16:07","slug":"maxi-bianco-plus","status":"publish","type":"product","link":"https:\/\/vitapulita.com\/index.php\/product\/maxi-bianco-plus\/","title":{"rendered":"Maxi Bianco Plus"},"content":{"rendered":"<p><strong>Detergjenti Maxi Bianco Plus \u00ebsht\u00eb nj\u00eb lar\u00ebs specifik p\u00ebr rrobat e bardha;<\/strong> fal\u00eb formul\u00ebs speciale t\u00eb surfaktantit, rrit bardh\u00ebsin\u00eb dhe higjen\u00ebn e thell\u00eb t\u00eb p\u00eblhurave. Perdoret p\u00ebr larje n\u00eb lavatrice dhe me dor\u00eb.<\/p>\n<p>P\u00ebrdorimi: 70 ml p\u00ebr larje<\/p>\n","protected":false},"excerpt":{"rendered":"<p>Detergjenti Maxi Bianco Plus \u00ebsht\u00eb nj\u00eb lar\u00ebs specifik p\u00ebr rrobat e bardha; fal\u00eb formul\u00ebs speciale t\u00eb surfaktantit, rrit bardh\u00ebsin\u00eb dhe higjen\u00ebn e thell\u00eb t\u00eb p\u00eblhurave. Perdoret p\u00ebr larje n\u00eb lavatrice dhe me dor\u00eb. P\u00ebrdorimi: 70 ml p\u00ebr larje<\/p>\n","protected":false},"featured_media":468,"comment_status":"open","ping_status":"closed","template":"","meta":[],"product_brand":[],"product_cat":[21],"product_tag":[],"class_list":{"0":"post-52","1":"product","2":"type-product","3":"status-publish","4":"has-post-thumbnail","6":"product_cat-lares-rrobash","8":"first","9":"instock","10":"shipping-taxable","11":"purchasable","12":"product-type-simple"},"_links":{"self":[{"href":"https:\/\/vitapulita.com\/index.php\/wp-json\/wp\/v2\/product\/52","targetHints":{"allow":["GET"]}}],"collection":[{"href":"https:\/\/vitapulita.com\/index.php\/wp-json\/wp\/v2\/product"}],"about":[{"href":"https:\/\/vitapulita.com\/index.php\/wp-json\/wp\/v2\/types\/product"}],"replies":[{"embeddable":true,"href":"https:\/\/vitapulita.com\/index.php\/wp-json\/wp\/v2\/comments?post=52"}],"wp:featuredmedia":[{"embeddable":true,"href":"https:\/\/vitapulita.com\/index.php\/wp-json\/wp\/v2\/media\/468"}],"wp:attachment":[{"href":"https:\/\/vitapulita.com\/index.php\/wp-json\/wp\/v2\/media?parent=52"}],"wp:term":[{"taxonomy":"product_brand","embeddable":true,"href":"https:\/\/vitapulita.com\/index.php\/wp-json\/wp\/v2\/product_brand?post=52"},{"taxonomy":"product_cat","embeddable":true,"href":"https:\/\/vitapulita.com\/index.php\/wp-json\/wp\/v2\/product_cat?post=52"},{"taxonomy":"product_tag","embeddable":true,"href":"https:\/\/vitapulita.com\/index.php\/wp-json\/wp\/v2\/product_tag?post=52"}],"curies":[{"name":"wp","href":"https:\/\/api.w.org\/{rel}","templated":true}]}}