{"id":41,"date":"2023-12-07T22:29:15","date_gmt":"2023-12-07T22:29:15","guid":{"rendered":"https:\/\/vitapulita.com\/?post_type=product&#038;p=41"},"modified":"2024-10-01T20:10:44","modified_gmt":"2024-10-01T20:10:44","slug":"muschio-bianco","status":"publish","type":"product","link":"https:\/\/vitapulita.com\/index.php\/product\/muschio-bianco\/","title":{"rendered":"Muschio Bianco"},"content":{"rendered":"<p><strong>Detergjenti lar\u00ebs i rrobave me ngjyra Muschio Bianco<\/strong> \u00ebsht\u00eb shum\u00eb efikas kund\u00ebr papast\u00ebrtive dhe delikat me fibrat. Ka nj\u00eb arom\u00eb t\u00eb leht\u00eb myshku t\u00eb perzier me arom\u00eb past\u00ebrtie. Esht\u00eb i p\u00ebrshtatsh\u00ebm kryesisht p\u00ebr rroba me ngjyra, por edhe p\u00ebr t\u00eb bardha. Sugjerohet si p\u00ebr larje n\u00eb lavatrice ashtu edhe p\u00ebr larje me dor\u00eb, dhe gjithashtu t\u00eb p\u00ebrdoret s\u00eb bashku me zbut\u00ebsin homolog me t\u00eb nj\u00ebjt\u00ebn arom\u00eb.<\/p>\n<p>P\u00ebrdorimi: 70 ml p\u00ebr larje<\/p>\n","protected":false},"excerpt":{"rendered":"<p>Detergjenti lar\u00ebs i rrobave me ngjyra Muschio Bianco \u00ebsht\u00eb shum\u00eb efikas kund\u00ebr papast\u00ebrtive dhe delikat me fibrat. Ka nj\u00eb arom\u00eb t\u00eb leht\u00eb myshku t\u00eb perzier me arom\u00eb past\u00ebrtie. Esht\u00eb i p\u00ebrshtatsh\u00ebm kryesisht p\u00ebr rroba me ngjyra, por edhe p\u00ebr t\u00eb bardha. Sugjerohet si p\u00ebr larje n\u00eb lavatrice ashtu edhe p\u00ebr larje me dor\u00eb, dhe gjithashtu [&hellip;]<\/p>\n","protected":false},"featured_media":487,"comment_status":"open","ping_status":"closed","template":"","meta":[],"product_brand":[],"product_cat":[21],"product_tag":[],"class_list":{"0":"post-41","1":"product","2":"type-product","3":"status-publish","4":"has-post-thumbnail","6":"product_cat-lares-rrobash","8":"first","9":"instock","10":"shipping-taxable","11":"purchasable","12":"product-type-simple"},"_links":{"self":[{"href":"https:\/\/vitapulita.com\/index.php\/wp-json\/wp\/v2\/product\/41","targetHints":{"allow":["GET"]}}],"collection":[{"href":"https:\/\/vitapulita.com\/index.php\/wp-json\/wp\/v2\/product"}],"about":[{"href":"https:\/\/vitapulita.com\/index.php\/wp-json\/wp\/v2\/types\/product"}],"replies":[{"embeddable":true,"href":"https:\/\/vitapulita.com\/index.php\/wp-json\/wp\/v2\/comments?post=41"}],"wp:featuredmedia":[{"embeddable":true,"href":"https:\/\/vitapulita.com\/index.php\/wp-json\/wp\/v2\/media\/487"}],"wp:attachment":[{"href":"https:\/\/vitapulita.com\/index.php\/wp-json\/wp\/v2\/media?parent=41"}],"wp:term":[{"taxonomy":"product_brand","embeddable":true,"href":"https:\/\/vitapulita.com\/index.php\/wp-json\/wp\/v2\/product_brand?post=41"},{"taxonomy":"product_cat","embeddable":true,"href":"https:\/\/vitapulita.com\/index.php\/wp-json\/wp\/v2\/product_cat?post=41"},{"taxonomy":"product_tag","embeddable":true,"href":"https:\/\/vitapulita.com\/index.php\/wp-json\/wp\/v2\/product_tag?post=41"}],"curies":[{"name":"wp","href":"https:\/\/api.w.org\/{rel}","templated":true}]}}