{"id":40,"date":"2023-12-07T22:24:55","date_gmt":"2023-12-07T22:24:55","guid":{"rendered":"https:\/\/vitapulita.com\/?post_type=product&#038;p=40"},"modified":"2025-06-06T22:57:14","modified_gmt":"2025-06-06T22:57:14","slug":"lenoir-ametista","status":"publish","type":"product","link":"https:\/\/vitapulita.com\/index.php\/product\/lenoir-ametista\/","title":{"rendered":"Lenoir Ametista"},"content":{"rendered":"<p><strong>Detergjenti lar\u00ebs i rrobave me ngjyra Lenoir Ametista<\/strong> \u00ebsht\u00eb nj\u00eb p\u00ebrzierje aromash pylli, e pasuruar me nota shum\u00eb delikate t\u00eb pudr\u00ebs s\u00eb fytyr\u00ebs. Esht\u00eb i p\u00ebrshtatsh\u00ebm p\u00ebr larje me lavatrice dhe me dor\u00eb. Sugjerohet t\u00eb p\u00ebrdoret bashk\u00eb me zbut\u00ebsin homolog me t\u00eb nj\u00ebjt\u00ebn arom\u00eb.<\/p>\n<p>P\u00ebrdorimi: 70 ml p\u00ebr larje<\/p>\n","protected":false},"excerpt":{"rendered":"<p>Detergjenti lar\u00ebs i rrobave me ngjyra Lenoir Ametista \u00ebsht\u00eb nj\u00eb p\u00ebrzierje aromash pylli, e pasuruar me nota shum\u00eb delikate t\u00eb pudr\u00ebs s\u00eb fytyr\u00ebs. Esht\u00eb i p\u00ebrshtatsh\u00ebm p\u00ebr larje me lavatrice dhe me dor\u00eb. Sugjerohet t\u00eb p\u00ebrdoret bashk\u00eb me zbut\u00ebsin homolog me t\u00eb nj\u00ebjt\u00ebn arom\u00eb. P\u00ebrdorimi: 70 ml p\u00ebr larje<\/p>\n","protected":false},"featured_media":486,"comment_status":"open","ping_status":"closed","template":"","meta":[],"product_brand":[],"product_cat":[21],"product_tag":[],"class_list":{"0":"post-40","1":"product","2":"type-product","3":"status-publish","4":"has-post-thumbnail","6":"product_cat-lares-rrobash","8":"first","9":"instock","10":"shipping-taxable","11":"purchasable","12":"product-type-simple"},"_links":{"self":[{"href":"https:\/\/vitapulita.com\/index.php\/wp-json\/wp\/v2\/product\/40","targetHints":{"allow":["GET"]}}],"collection":[{"href":"https:\/\/vitapulita.com\/index.php\/wp-json\/wp\/v2\/product"}],"about":[{"href":"https:\/\/vitapulita.com\/index.php\/wp-json\/wp\/v2\/types\/product"}],"replies":[{"embeddable":true,"href":"https:\/\/vitapulita.com\/index.php\/wp-json\/wp\/v2\/comments?post=40"}],"wp:featuredmedia":[{"embeddable":true,"href":"https:\/\/vitapulita.com\/index.php\/wp-json\/wp\/v2\/media\/486"}],"wp:attachment":[{"href":"https:\/\/vitapulita.com\/index.php\/wp-json\/wp\/v2\/media?parent=40"}],"wp:term":[{"taxonomy":"product_brand","embeddable":true,"href":"https:\/\/vitapulita.com\/index.php\/wp-json\/wp\/v2\/product_brand?post=40"},{"taxonomy":"product_cat","embeddable":true,"href":"https:\/\/vitapulita.com\/index.php\/wp-json\/wp\/v2\/product_cat?post=40"},{"taxonomy":"product_tag","embeddable":true,"href":"https:\/\/vitapulita.com\/index.php\/wp-json\/wp\/v2\/product_tag?post=40"}],"curies":[{"name":"wp","href":"https:\/\/api.w.org\/{rel}","templated":true}]}}