{"id":39,"date":"2023-12-07T22:23:59","date_gmt":"2023-12-07T22:23:59","guid":{"rendered":"https:\/\/vitapulita.com\/?post_type=product&#038;p=39"},"modified":"2024-09-28T20:34:23","modified_gmt":"2024-09-28T20:34:23","slug":"lavalana-e-delicati","status":"publish","type":"product","link":"https:\/\/vitapulita.com\/index.php\/product\/lavalana-e-delicati\/","title":{"rendered":"Lavalana e delicati"},"content":{"rendered":"<p><strong>Detergjenti Lavalana e delicati<\/strong> \u00ebsht\u00eb ve\u00e7an\u00ebrisht i p\u00ebrshtatsh\u00ebm p\u00ebr larjen e materialeve t\u00eb leshta dhe kashmiri. Larja mund t\u00eb b\u00ebhet n\u00eb temperatura t\u00eb ul\u00ebta (30 grade) si dhe mesatare (deri n\u00eb 60 grad\u00eb), si n\u00eb lavatrice ashtu edhe me dor\u00eb, sipas d\u00ebshir\u00ebs.<\/p>\n<p>P\u00ebrdorimi: 70 ml p\u00ebr larje<\/p>\n","protected":false},"excerpt":{"rendered":"<p>Detergjenti Lavalana e delicati \u00ebsht\u00eb ve\u00e7an\u00ebrisht i p\u00ebrshtatsh\u00ebm p\u00ebr larjen e materialeve t\u00eb leshta dhe kashmiri. Larja mund t\u00eb b\u00ebhet n\u00eb temperatura t\u00eb ul\u00ebta (30 grade) si dhe mesatare (deri n\u00eb 60 grad\u00eb), si n\u00eb lavatrice ashtu edhe me dor\u00eb, sipas d\u00ebshir\u00ebs. P\u00ebrdorimi: 70 ml p\u00ebr larje<\/p>\n","protected":false},"featured_media":472,"comment_status":"open","ping_status":"closed","template":"","meta":[],"product_brand":[],"product_cat":[21],"product_tag":[],"class_list":{"0":"post-39","1":"product","2":"type-product","3":"status-publish","4":"has-post-thumbnail","6":"product_cat-lares-rrobash","8":"first","9":"instock","10":"shipping-taxable","11":"purchasable","12":"product-type-simple"},"_links":{"self":[{"href":"https:\/\/vitapulita.com\/index.php\/wp-json\/wp\/v2\/product\/39","targetHints":{"allow":["GET"]}}],"collection":[{"href":"https:\/\/vitapulita.com\/index.php\/wp-json\/wp\/v2\/product"}],"about":[{"href":"https:\/\/vitapulita.com\/index.php\/wp-json\/wp\/v2\/types\/product"}],"replies":[{"embeddable":true,"href":"https:\/\/vitapulita.com\/index.php\/wp-json\/wp\/v2\/comments?post=39"}],"wp:featuredmedia":[{"embeddable":true,"href":"https:\/\/vitapulita.com\/index.php\/wp-json\/wp\/v2\/media\/472"}],"wp:attachment":[{"href":"https:\/\/vitapulita.com\/index.php\/wp-json\/wp\/v2\/media?parent=39"}],"wp:term":[{"taxonomy":"product_brand","embeddable":true,"href":"https:\/\/vitapulita.com\/index.php\/wp-json\/wp\/v2\/product_brand?post=39"},{"taxonomy":"product_cat","embeddable":true,"href":"https:\/\/vitapulita.com\/index.php\/wp-json\/wp\/v2\/product_cat?post=39"},{"taxonomy":"product_tag","embeddable":true,"href":"https:\/\/vitapulita.com\/index.php\/wp-json\/wp\/v2\/product_tag?post=39"}],"curies":[{"name":"wp","href":"https:\/\/api.w.org\/{rel}","templated":true}]}}