{"id":38,"date":"2023-12-07T22:22:55","date_gmt":"2023-12-07T22:22:55","guid":{"rendered":"https:\/\/vitapulita.com\/?post_type=product&#038;p=38"},"modified":"2025-06-07T01:13:27","modified_gmt":"2025-06-07T01:13:27","slug":"fiori-di-loto","status":"publish","type":"product","link":"https:\/\/vitapulita.com\/index.php\/product\/fiori-di-loto\/","title":{"rendered":"Fiori di Loto"},"content":{"rendered":"<p><strong>Detergjenti lar\u00ebs p\u00ebr rroba me ngjyra Fiori di Loto<\/strong> i jep rrobave arom\u00ebn intensive dhe\u00a0t\u00eb vecant\u00eb t\u00eb lules s\u00eb lotusit, q\u00eb krijon nj\u00eb ndjesi mistike dhe haset shpesh n\u00ebp\u00ebr tempuj, institucione t\u00eb vjetra dhe p\u00ebrdoret r\u00ebndom edhe n\u00eb vendet e lindjes. K\u00ebshillohet t\u00eb p\u00ebrdoret s\u00eb bashku me zbut\u00ebsin homolog p\u00ebr t\u00eb ruajtur njetrajtshm\u00ebrin\u00eb e arom\u00ebs. I p\u00ebrshtatsh\u00ebm p\u00ebr larjen e rrobave n\u00eb lavatrice dhe me dor\u00eb.<\/p>\n<p>P\u00ebrdorimi: 70ml p\u00ebr larje<\/p>\n","protected":false},"excerpt":{"rendered":"<p>Detergjenti lar\u00ebs p\u00ebr rroba me ngjyra Fiori di Loto i jep rrobave arom\u00ebn intensive dhe\u00a0t\u00eb vecant\u00eb t\u00eb lules s\u00eb lotusit, q\u00eb krijon nj\u00eb ndjesi mistike dhe haset shpesh n\u00ebp\u00ebr tempuj, institucione t\u00eb vjetra dhe p\u00ebrdoret r\u00ebndom edhe n\u00eb vendet e lindjes. K\u00ebshillohet t\u00eb p\u00ebrdoret s\u00eb bashku me zbut\u00ebsin homolog p\u00ebr t\u00eb ruajtur njetrajtshm\u00ebrin\u00eb e arom\u00ebs. [&hellip;]<\/p>\n","protected":false},"featured_media":485,"comment_status":"open","ping_status":"closed","template":"","meta":[],"product_brand":[],"product_cat":[21],"product_tag":[],"class_list":{"0":"post-38","1":"product","2":"type-product","3":"status-publish","4":"has-post-thumbnail","6":"product_cat-lares-rrobash","8":"first","9":"instock","10":"shipping-taxable","11":"purchasable","12":"product-type-simple"},"_links":{"self":[{"href":"https:\/\/vitapulita.com\/index.php\/wp-json\/wp\/v2\/product\/38","targetHints":{"allow":["GET"]}}],"collection":[{"href":"https:\/\/vitapulita.com\/index.php\/wp-json\/wp\/v2\/product"}],"about":[{"href":"https:\/\/vitapulita.com\/index.php\/wp-json\/wp\/v2\/types\/product"}],"replies":[{"embeddable":true,"href":"https:\/\/vitapulita.com\/index.php\/wp-json\/wp\/v2\/comments?post=38"}],"wp:featuredmedia":[{"embeddable":true,"href":"https:\/\/vitapulita.com\/index.php\/wp-json\/wp\/v2\/media\/485"}],"wp:attachment":[{"href":"https:\/\/vitapulita.com\/index.php\/wp-json\/wp\/v2\/media?parent=38"}],"wp:term":[{"taxonomy":"product_brand","embeddable":true,"href":"https:\/\/vitapulita.com\/index.php\/wp-json\/wp\/v2\/product_brand?post=38"},{"taxonomy":"product_cat","embeddable":true,"href":"https:\/\/vitapulita.com\/index.php\/wp-json\/wp\/v2\/product_cat?post=38"},{"taxonomy":"product_tag","embeddable":true,"href":"https:\/\/vitapulita.com\/index.php\/wp-json\/wp\/v2\/product_tag?post=38"}],"curies":[{"name":"wp","href":"https:\/\/api.w.org\/{rel}","templated":true}]}}