{"id":37,"date":"2023-12-07T22:22:03","date_gmt":"2023-12-07T22:22:03","guid":{"rendered":"https:\/\/vitapulita.com\/?post_type=product&#038;p=37"},"modified":"2024-09-29T19:13:34","modified_gmt":"2024-09-29T19:13:34","slug":"giardino-dei-sensi-aromatherapy","status":"publish","type":"product","link":"https:\/\/vitapulita.com\/index.php\/product\/giardino-dei-sensi-aromatherapy\/","title":{"rendered":"Giardino dei sensi Aromatherapy"},"content":{"rendered":"<p><strong>Detergjenti lar\u00ebs p\u00ebr rroba me ngjyra Giardino dei Sensi<\/strong> ka nj\u00eb arom\u00eb fantastike intensive frutash pylli dhe er\u00ebzash, me nota t\u00eb fresk\u00ebta dhe t\u00eb \u00ebmbla q\u00eb zgjat n\u00eb koh\u00eb. Esht\u00eb i p\u00ebrshtatshem p\u00ebr larje n\u00eb lavatrice dhe me dor\u00eb. Sugjerohet t\u00eb p\u00ebrdoret s\u00eb bashku me zbut\u00ebsin homolog p\u00ebr t\u00eb ruajtur nj\u00ebtrajtshm\u00ebrin\u00eb e arom\u00ebs.<\/p>\n<p>P\u00ebrdorimi: 70 ml p\u00ebr cdo larje<\/p>\n<p>&nbsp;<\/p>\n<p><a href=\"https:\/\/vitapulita.com\/wp-content\/uploads\/2023\/12\/ST_Lavatrice-giardino-dei-sensi.pdf\">ST_Lavatrice-giardino-dei-sensi<\/a><\/p>\n","protected":false},"excerpt":{"rendered":"<p>Detergjenti lar\u00ebs p\u00ebr rroba me ngjyra Giardino dei Sensi ka nj\u00eb arom\u00eb fantastike intensive frutash pylli dhe er\u00ebzash, me nota t\u00eb fresk\u00ebta dhe t\u00eb \u00ebmbla q\u00eb zgjat n\u00eb koh\u00eb. Esht\u00eb i p\u00ebrshtatshem p\u00ebr larje n\u00eb lavatrice dhe me dor\u00eb. Sugjerohet t\u00eb p\u00ebrdoret s\u00eb bashku me zbut\u00ebsin homolog p\u00ebr t\u00eb ruajtur nj\u00ebtrajtshm\u00ebrin\u00eb e arom\u00ebs. P\u00ebrdorimi: 70 [&hellip;]<\/p>\n","protected":false},"featured_media":475,"comment_status":"open","ping_status":"closed","template":"","meta":[],"product_brand":[],"product_cat":[21],"product_tag":[],"class_list":{"0":"post-37","1":"product","2":"type-product","3":"status-publish","4":"has-post-thumbnail","6":"product_cat-lares-rrobash","8":"first","9":"instock","10":"shipping-taxable","11":"purchasable","12":"product-type-simple"},"_links":{"self":[{"href":"https:\/\/vitapulita.com\/index.php\/wp-json\/wp\/v2\/product\/37","targetHints":{"allow":["GET"]}}],"collection":[{"href":"https:\/\/vitapulita.com\/index.php\/wp-json\/wp\/v2\/product"}],"about":[{"href":"https:\/\/vitapulita.com\/index.php\/wp-json\/wp\/v2\/types\/product"}],"replies":[{"embeddable":true,"href":"https:\/\/vitapulita.com\/index.php\/wp-json\/wp\/v2\/comments?post=37"}],"wp:featuredmedia":[{"embeddable":true,"href":"https:\/\/vitapulita.com\/index.php\/wp-json\/wp\/v2\/media\/475"}],"wp:attachment":[{"href":"https:\/\/vitapulita.com\/index.php\/wp-json\/wp\/v2\/media?parent=37"}],"wp:term":[{"taxonomy":"product_brand","embeddable":true,"href":"https:\/\/vitapulita.com\/index.php\/wp-json\/wp\/v2\/product_brand?post=37"},{"taxonomy":"product_cat","embeddable":true,"href":"https:\/\/vitapulita.com\/index.php\/wp-json\/wp\/v2\/product_cat?post=37"},{"taxonomy":"product_tag","embeddable":true,"href":"https:\/\/vitapulita.com\/index.php\/wp-json\/wp\/v2\/product_tag?post=37"}],"curies":[{"name":"wp","href":"https:\/\/api.w.org\/{rel}","templated":true}]}}