{"id":35,"date":"2023-12-07T22:18:45","date_gmt":"2023-12-07T22:18:45","guid":{"rendered":"https:\/\/vitapulita.com\/?post_type=product&#038;p=35"},"modified":"2025-06-06T22:34:19","modified_gmt":"2025-06-06T22:34:19","slug":"capi-scuri-e-colorati","status":"publish","type":"product","link":"https:\/\/vitapulita.com\/index.php\/product\/capi-scuri-e-colorati\/","title":{"rendered":"Capi Scuri e Colorati"},"content":{"rendered":"<p><strong>Detergjenti lar\u00ebs i rrobave Capi Scuri e Colorati<\/strong> p\u00ebrdoret p\u00ebr larjen e rrobave t\u00eb err\u00ebta dhe me ngjyra, p\u00ebr larje n\u00eb lavatrice dhe me dor\u00eb.<\/p>\n<p>N\u00eb saj\u00eb t\u00eb efektit t\u00eb tij t\u00eb dyfisht\u00eb ndalon trasferimin e ngjyrave mes rrobave dhe ndihmon n\u00eb ruajtjen e shk\u00eblqimit dhe gjall\u00ebris\u00eb s\u00eb tyre.<\/p>\n<p>P\u00ebrdorimi: 70 ml p\u00ebr larje<\/p>\n","protected":false},"excerpt":{"rendered":"<p>Detergjenti lar\u00ebs i rrobave Capi Scuri e Colorati p\u00ebrdoret p\u00ebr larjen e rrobave t\u00eb err\u00ebta dhe me ngjyra, p\u00ebr larje n\u00eb lavatrice dhe me dor\u00eb. N\u00eb saj\u00eb t\u00eb efektit t\u00eb tij t\u00eb dyfisht\u00eb ndalon trasferimin e ngjyrave mes rrobave dhe ndihmon n\u00eb ruajtjen e shk\u00eblqimit dhe gjall\u00ebris\u00eb s\u00eb tyre. P\u00ebrdorimi: 70 ml p\u00ebr larje<\/p>\n","protected":false},"featured_media":480,"comment_status":"open","ping_status":"closed","template":"","meta":[],"product_brand":[],"product_cat":[21],"product_tag":[],"class_list":{"0":"post-35","1":"product","2":"type-product","3":"status-publish","4":"has-post-thumbnail","6":"product_cat-lares-rrobash","8":"first","9":"instock","10":"shipping-taxable","11":"purchasable","12":"product-type-simple"},"_links":{"self":[{"href":"https:\/\/vitapulita.com\/index.php\/wp-json\/wp\/v2\/product\/35","targetHints":{"allow":["GET"]}}],"collection":[{"href":"https:\/\/vitapulita.com\/index.php\/wp-json\/wp\/v2\/product"}],"about":[{"href":"https:\/\/vitapulita.com\/index.php\/wp-json\/wp\/v2\/types\/product"}],"replies":[{"embeddable":true,"href":"https:\/\/vitapulita.com\/index.php\/wp-json\/wp\/v2\/comments?post=35"}],"wp:featuredmedia":[{"embeddable":true,"href":"https:\/\/vitapulita.com\/index.php\/wp-json\/wp\/v2\/media\/480"}],"wp:attachment":[{"href":"https:\/\/vitapulita.com\/index.php\/wp-json\/wp\/v2\/media?parent=35"}],"wp:term":[{"taxonomy":"product_brand","embeddable":true,"href":"https:\/\/vitapulita.com\/index.php\/wp-json\/wp\/v2\/product_brand?post=35"},{"taxonomy":"product_cat","embeddable":true,"href":"https:\/\/vitapulita.com\/index.php\/wp-json\/wp\/v2\/product_cat?post=35"},{"taxonomy":"product_tag","embeddable":true,"href":"https:\/\/vitapulita.com\/index.php\/wp-json\/wp\/v2\/product_tag?post=35"}],"curies":[{"name":"wp","href":"https:\/\/api.w.org\/{rel}","templated":true}]}}