{"id":307,"date":"2024-05-31T14:33:00","date_gmt":"2024-05-31T14:33:00","guid":{"rendered":"https:\/\/vitapulita.com\/?post_type=product&#038;p=307"},"modified":"2024-09-04T21:43:22","modified_gmt":"2024-09-04T21:43:22","slug":"zaffiro","status":"publish","type":"product","link":"https:\/\/vitapulita.com\/index.php\/product\/zaffiro\/","title":{"rendered":"Zaffiro"},"content":{"rendered":"<p>Kristalet e Parfumit, ose t\u00eb quajtura ndryshe Perlinat, mund t\u00eb p\u00ebrdoren p\u00ebr rrobat si p\u00ebr larje me dor\u00eb ashtu edhe n\u00eb lavatrice.<\/p>\n<p>Perlinat Zaffiro kan\u00eb arom\u00eb fantastike past\u00ebrtie. P\u00ebrmbajn\u00eb p\u00ebrb\u00ebr\u00ebs aktiv\u00eb q\u00eb kryejn\u00eb funksionin e mikrolarjes, p\u00ebr nj\u00eb pastrim m\u00eb t\u00eb thell\u00eb por m\u00eb delikat.<\/p>\n<p>Respekton ngjyrat dhe mund t\u00eb p\u00ebrdoret p\u00ebr t\u00eb gjitha llojet e p\u00eblhurave.<\/p>\n<p>Pastrues t\u00eb njollave: fal\u00eb veprimit t\u00eb perkarbonatit ndihmojn\u00eb n\u00eb heqjen e njollave t\u00eb papast\u00ebrtive nga rrobat tuaja.<\/p>\n<p>P\u00ebrdorimi: Hidhni n\u00eb kazanin e lavatrices nj\u00eb-dy lug\u00eb perlina s\u00eb bashku me rrobat q\u00eb do lahen.<\/p>\n<p>Mund t\u00eb p\u00ebrdoren edhe si aromatizues ambienti duke hedhur nj\u00eb-dy lug\u00eb n\u00eb nj\u00eb pjat\u00eb\/tav\u00ebll t\u00eb vog\u00ebl e duke u l\u00ebn\u00eb t\u00eb ndihet aroma n\u00eb aj\u00ebr; gjithashtu mund t\u00eb vendosen n\u00eb qes\u00ebza t\u00eb vogla rrjete dhe t\u00eb perdoren si aromatizues dollapesh.<\/p>\n","protected":false},"excerpt":{"rendered":"<p>Kristalet e Parfumit, ose t\u00eb quajtura ndryshe Perlinat, mund t\u00eb p\u00ebrdoren p\u00ebr rrobat si p\u00ebr larje me dor\u00eb ashtu edhe n\u00eb lavatrice. Perlinat Zaffiro kan\u00eb arom\u00eb fantastike past\u00ebrtie. P\u00ebrmbajn\u00eb p\u00ebrb\u00ebr\u00ebs aktiv\u00eb q\u00eb kryejn\u00eb funksionin e mikrolarjes, p\u00ebr nj\u00eb pastrim m\u00eb t\u00eb thell\u00eb por m\u00eb delikat. Respekton ngjyrat dhe mund t\u00eb p\u00ebrdoret p\u00ebr t\u00eb gjitha llojet [&hellip;]<\/p>\n","protected":false},"featured_media":335,"comment_status":"open","ping_status":"closed","template":"","meta":[],"product_brand":[],"product_cat":[26],"product_tag":[],"class_list":{"0":"post-307","1":"product","2":"type-product","3":"status-publish","4":"has-post-thumbnail","6":"product_cat-kristale-parfumi","8":"first","9":"instock","10":"shipping-taxable","11":"purchasable","12":"product-type-simple"},"_links":{"self":[{"href":"https:\/\/vitapulita.com\/index.php\/wp-json\/wp\/v2\/product\/307","targetHints":{"allow":["GET"]}}],"collection":[{"href":"https:\/\/vitapulita.com\/index.php\/wp-json\/wp\/v2\/product"}],"about":[{"href":"https:\/\/vitapulita.com\/index.php\/wp-json\/wp\/v2\/types\/product"}],"replies":[{"embeddable":true,"href":"https:\/\/vitapulita.com\/index.php\/wp-json\/wp\/v2\/comments?post=307"}],"wp:featuredmedia":[{"embeddable":true,"href":"https:\/\/vitapulita.com\/index.php\/wp-json\/wp\/v2\/media\/335"}],"wp:attachment":[{"href":"https:\/\/vitapulita.com\/index.php\/wp-json\/wp\/v2\/media?parent=307"}],"wp:term":[{"taxonomy":"product_brand","embeddable":true,"href":"https:\/\/vitapulita.com\/index.php\/wp-json\/wp\/v2\/product_brand?post=307"},{"taxonomy":"product_cat","embeddable":true,"href":"https:\/\/vitapulita.com\/index.php\/wp-json\/wp\/v2\/product_cat?post=307"},{"taxonomy":"product_tag","embeddable":true,"href":"https:\/\/vitapulita.com\/index.php\/wp-json\/wp\/v2\/product_tag?post=307"}],"curies":[{"name":"wp","href":"https:\/\/api.w.org\/{rel}","templated":true}]}}