{"id":30,"date":"2023-11-04T20:01:53","date_gmt":"2023-11-04T20:01:53","guid":{"rendered":"https:\/\/vitapulita.com\/?post_type=product&#038;p=30"},"modified":"2024-10-01T17:22:12","modified_gmt":"2024-10-01T17:22:12","slug":"detergjente-lavatrice-diamante","status":"publish","type":"product","link":"https:\/\/vitapulita.com\/index.php\/product\/detergjente-lavatrice-diamante\/","title":{"rendered":"Diamante"},"content":{"rendered":"<p><strong>Detergjenti lar\u00ebs p\u00ebr rroba me ngjyra Diamante<\/strong> \u00ebsht\u00eb nj\u00eb fragranc\u00eb intensive dhe e fresk\u00ebt. P\u00ebrdoret kryesisht p\u00ebr rroba me ngjyra, p\u00ebr larje me lavatrice dhe larje me dor\u00eb. K\u00ebshillohet p\u00ebrdorimi i zbut\u00ebsit t\u00eb s\u00eb nj\u00ebjt\u00ebs fragranc\u00eb.<\/p>\n<p>P\u00ebrdorimi: 70 ml p\u00ebr larje<\/p>\n<p>&nbsp;<\/p>\n","protected":false},"excerpt":{"rendered":"<p>Detergjenti lar\u00ebs p\u00ebr rroba me ngjyra Diamante \u00ebsht\u00eb nj\u00eb fragranc\u00eb intensive dhe e fresk\u00ebt. P\u00ebrdoret kryesisht p\u00ebr rroba me ngjyra, p\u00ebr larje me lavatrice dhe larje me dor\u00eb. K\u00ebshillohet p\u00ebrdorimi i zbut\u00ebsit t\u00eb s\u00eb nj\u00ebjt\u00ebs fragranc\u00eb. P\u00ebrdorimi: 70 ml p\u00ebr larje &nbsp;<\/p>\n","protected":false},"featured_media":483,"comment_status":"open","ping_status":"closed","template":"","meta":[],"product_brand":[],"product_cat":[21],"product_tag":[],"class_list":{"0":"post-30","1":"product","2":"type-product","3":"status-publish","4":"has-post-thumbnail","6":"product_cat-lares-rrobash","8":"first","9":"instock","10":"shipping-taxable","11":"purchasable","12":"product-type-simple"},"_links":{"self":[{"href":"https:\/\/vitapulita.com\/index.php\/wp-json\/wp\/v2\/product\/30","targetHints":{"allow":["GET"]}}],"collection":[{"href":"https:\/\/vitapulita.com\/index.php\/wp-json\/wp\/v2\/product"}],"about":[{"href":"https:\/\/vitapulita.com\/index.php\/wp-json\/wp\/v2\/types\/product"}],"replies":[{"embeddable":true,"href":"https:\/\/vitapulita.com\/index.php\/wp-json\/wp\/v2\/comments?post=30"}],"wp:featuredmedia":[{"embeddable":true,"href":"https:\/\/vitapulita.com\/index.php\/wp-json\/wp\/v2\/media\/483"}],"wp:attachment":[{"href":"https:\/\/vitapulita.com\/index.php\/wp-json\/wp\/v2\/media?parent=30"}],"wp:term":[{"taxonomy":"product_brand","embeddable":true,"href":"https:\/\/vitapulita.com\/index.php\/wp-json\/wp\/v2\/product_brand?post=30"},{"taxonomy":"product_cat","embeddable":true,"href":"https:\/\/vitapulita.com\/index.php\/wp-json\/wp\/v2\/product_cat?post=30"},{"taxonomy":"product_tag","embeddable":true,"href":"https:\/\/vitapulita.com\/index.php\/wp-json\/wp\/v2\/product_tag?post=30"}],"curies":[{"name":"wp","href":"https:\/\/api.w.org\/{rel}","templated":true}]}}