{"id":233,"date":"2023-12-18T16:06:51","date_gmt":"2023-12-18T16:06:51","guid":{"rendered":"https:\/\/vitapulita.com\/?post_type=product&#038;p=233"},"modified":"2024-09-04T21:58:46","modified_gmt":"2024-09-04T21:58:46","slug":"deus","status":"publish","type":"product","link":"https:\/\/vitapulita.com\/index.php\/product\/deus\/","title":{"rendered":"Deus"},"content":{"rendered":"<p>Aromatizuesi Deus \u00ebsht\u00eb ideal p\u00ebr t&#8217;u sp\u00ebrkatur n\u00eb aj\u00ebr, perde, divane dhe p\u00eblhura.<\/p>\n<p>Ka arom\u00eb t\u00eb k\u00ebndshme dhe t\u00eb q\u00ebndrueshme karameleje dhe vaniljeje.<\/p>\n<p>P\u00ebrdorimi: Sp\u00ebrkateni direkt n\u00eb ambient ose n\u00eb cop\u00ebn q\u00eb doni t\u00eb aromatizoni.<\/p>\n","protected":false},"excerpt":{"rendered":"<p>Aromatizuesi Deus \u00ebsht\u00eb ideal p\u00ebr perde, divane dhe n\u00eb p\u00ebrgjith\u00ebsi n\u00eb p\u00eblhura. L\u00eb nj\u00eb arom\u00eb t\u00eb k\u00ebndshme dhe t\u00eb q\u00ebndrueshme t\u00eb karameles dhe vaniljes.<\/p>\n<p>Perdorimi: Sperkateni direkt ne ambient ose ne copen qe doni te aromatizoni<\/p>\n","protected":false},"featured_media":337,"comment_status":"open","ping_status":"closed","template":"","meta":[],"product_brand":[],"product_cat":[36],"product_tag":[],"class_list":{"0":"post-233","1":"product","2":"type-product","3":"status-publish","4":"has-post-thumbnail","6":"product_cat-aroma-ambienti","8":"first","9":"instock","10":"shipping-taxable","11":"purchasable","12":"product-type-simple"},"_links":{"self":[{"href":"https:\/\/vitapulita.com\/index.php\/wp-json\/wp\/v2\/product\/233","targetHints":{"allow":["GET"]}}],"collection":[{"href":"https:\/\/vitapulita.com\/index.php\/wp-json\/wp\/v2\/product"}],"about":[{"href":"https:\/\/vitapulita.com\/index.php\/wp-json\/wp\/v2\/types\/product"}],"replies":[{"embeddable":true,"href":"https:\/\/vitapulita.com\/index.php\/wp-json\/wp\/v2\/comments?post=233"}],"wp:featuredmedia":[{"embeddable":true,"href":"https:\/\/vitapulita.com\/index.php\/wp-json\/wp\/v2\/media\/337"}],"wp:attachment":[{"href":"https:\/\/vitapulita.com\/index.php\/wp-json\/wp\/v2\/media?parent=233"}],"wp:term":[{"taxonomy":"product_brand","embeddable":true,"href":"https:\/\/vitapulita.com\/index.php\/wp-json\/wp\/v2\/product_brand?post=233"},{"taxonomy":"product_cat","embeddable":true,"href":"https:\/\/vitapulita.com\/index.php\/wp-json\/wp\/v2\/product_cat?post=233"},{"taxonomy":"product_tag","embeddable":true,"href":"https:\/\/vitapulita.com\/index.php\/wp-json\/wp\/v2\/product_tag?post=233"}],"curies":[{"name":"wp","href":"https:\/\/api.w.org\/{rel}","templated":true}]}}