{"id":231,"date":"2023-12-18T16:05:34","date_gmt":"2023-12-18T16:05:34","guid":{"rendered":"https:\/\/vitapulita.com\/?post_type=product&#038;p=231"},"modified":"2025-06-06T23:40:45","modified_gmt":"2025-06-06T23:40:45","slug":"iris","status":"publish","type":"product","link":"https:\/\/vitapulita.com\/index.php\/product\/iris\/","title":{"rendered":"Iris"},"content":{"rendered":"<p>Aromatizuesi Iris p\u00ebrdoret p\u00ebr sprucim n\u00eb aj\u00ebr dhe \u00ebsht\u00eb gjithashtu ideal p\u00ebr p\u00ebrdorim tek tendat, perdet, divanet dhe p\u00eblhurat.<\/p>\n<p>Ai l\u00eb nj\u00eb arom\u00eb t\u00eb k\u00ebndshme dhe t\u00eb q\u00ebndrueshme, e cila kombinon eleganc\u00ebn diskrete t\u00eb notave t\u00eb luleve me rafinimin e chypre. Hapet me nota t\u00eb fresk\u00ebta t\u00eb mandarin\u00ebs siciliane, bergamotit dhe m\u00eb pas evoluon n\u00eb arom\u00ebn intensive t\u00eb irisit dhe ylang-ut.<\/p>\n<p>Perdorimi: Sp\u00ebrkateni direkt n\u00eb ambient ose n\u00eb cop\u00ebn q\u00eb doni t\u00eb aromatizoni.<\/p>\n","protected":false},"excerpt":{"rendered":"<p>Aromatizuesi Iris p\u00ebrdoret p\u00ebr sprucim n\u00eb aj\u00ebr dhe \u00ebsht\u00eb gjithashtu ideal p\u00ebr p\u00ebrdorim tek tendat, perdet, divanet dhe p\u00eblhurat. Ai l\u00eb nj\u00eb arom\u00eb t\u00eb k\u00ebndshme dhe t\u00eb q\u00ebndrueshme, e cila kombinon eleganc\u00ebn diskrete t\u00eb notave t\u00eb luleve me rafinimin e chypre. Hapet me nota t\u00eb fresk\u00ebta t\u00eb mandarin\u00ebs siciliane, bergamotit dhe m\u00eb pas evoluon n\u00eb [&hellip;]<\/p>\n","protected":false},"featured_media":339,"comment_status":"open","ping_status":"closed","template":"","meta":[],"product_brand":[],"product_cat":[36],"product_tag":[],"class_list":{"0":"post-231","1":"product","2":"type-product","3":"status-publish","4":"has-post-thumbnail","6":"product_cat-aroma-ambienti","8":"first","9":"instock","10":"shipping-taxable","11":"purchasable","12":"product-type-simple"},"_links":{"self":[{"href":"https:\/\/vitapulita.com\/index.php\/wp-json\/wp\/v2\/product\/231","targetHints":{"allow":["GET"]}}],"collection":[{"href":"https:\/\/vitapulita.com\/index.php\/wp-json\/wp\/v2\/product"}],"about":[{"href":"https:\/\/vitapulita.com\/index.php\/wp-json\/wp\/v2\/types\/product"}],"replies":[{"embeddable":true,"href":"https:\/\/vitapulita.com\/index.php\/wp-json\/wp\/v2\/comments?post=231"}],"wp:featuredmedia":[{"embeddable":true,"href":"https:\/\/vitapulita.com\/index.php\/wp-json\/wp\/v2\/media\/339"}],"wp:attachment":[{"href":"https:\/\/vitapulita.com\/index.php\/wp-json\/wp\/v2\/media?parent=231"}],"wp:term":[{"taxonomy":"product_brand","embeddable":true,"href":"https:\/\/vitapulita.com\/index.php\/wp-json\/wp\/v2\/product_brand?post=231"},{"taxonomy":"product_cat","embeddable":true,"href":"https:\/\/vitapulita.com\/index.php\/wp-json\/wp\/v2\/product_cat?post=231"},{"taxonomy":"product_tag","embeddable":true,"href":"https:\/\/vitapulita.com\/index.php\/wp-json\/wp\/v2\/product_tag?post=231"}],"curies":[{"name":"wp","href":"https:\/\/api.w.org\/{rel}","templated":true}]}}