{"id":226,"date":"2023-12-18T15:44:10","date_gmt":"2023-12-18T15:44:10","guid":{"rendered":"https:\/\/vitapulita.com\/?post_type=product&#038;p=226"},"modified":"2025-06-06T18:46:28","modified_gmt":"2025-06-06T18:46:28","slug":"muschio-bianco-4","status":"publish","type":"product","link":"https:\/\/vitapulita.com\/index.php\/product\/muschio-bianco-4\/","title":{"rendered":"Muschio Bianco"},"content":{"rendered":"<p>Lar\u00ebsi i duarve Muschio Bianco ka nj\u00eb arom\u00eb karakteristike t\u00eb myshkut t\u00eb bardh\u00eb. Ai pastron but\u00ebsisht duart duke l\u00ebn\u00eb tek to nj\u00eb arom\u00eb t\u00eb fresk\u00ebt.<\/p>\n<p><img decoding=\"async\" class=\"size-medium wp-image-330\" src=\"https:\/\/vitapulita.com\/wp-content\/uploads\/2023\/12\/Lavamani-Muschio-Bianco-134x300.jpg\" alt=\"\" width=\"134\" height=\"300\" srcset=\"https:\/\/vitapulita.com\/wp-content\/uploads\/2023\/12\/Lavamani-Muschio-Bianco-134x300.jpg 134w, https:\/\/vitapulita.com\/wp-content\/uploads\/2023\/12\/Lavamani-Muschio-Bianco-459x1024.jpg 459w, https:\/\/vitapulita.com\/wp-content\/uploads\/2023\/12\/Lavamani-Muschio-Bianco-768x1714.jpg 768w, https:\/\/vitapulita.com\/wp-content\/uploads\/2023\/12\/Lavamani-Muschio-Bianco-688x1536.jpg 688w, https:\/\/vitapulita.com\/wp-content\/uploads\/2023\/12\/Lavamani-Muschio-Bianco-918x2048.jpg 918w, https:\/\/vitapulita.com\/wp-content\/uploads\/2023\/12\/Lavamani-Muschio-Bianco-600x1339.jpg 600w, https:\/\/vitapulita.com\/wp-content\/uploads\/2023\/12\/Lavamani-Muschio-Bianco-scaled.jpg 1147w\" sizes=\"(max-width: 134px) 100vw, 134px\" \/><\/p>\n","protected":false},"excerpt":{"rendered":"<p>Lar\u00ebsi i duarve Muschio Bianco ka nj\u00eb arom\u00eb karakteristike t\u00eb myshkut t\u00eb bardh\u00eb. Ai pastron but\u00ebsisht duart duke l\u00ebn\u00eb tek to nj\u00eb arom\u00eb t\u00eb fresk\u00ebt.<\/p>\n","protected":false},"featured_media":330,"comment_status":"open","ping_status":"closed","template":"","meta":[],"product_brand":[],"product_cat":[35],"product_tag":[],"class_list":{"0":"post-226","1":"product","2":"type-product","3":"status-publish","4":"has-post-thumbnail","6":"product_cat-lares-duarsh","8":"first","9":"instock","10":"shipping-taxable","11":"purchasable","12":"product-type-simple"},"_links":{"self":[{"href":"https:\/\/vitapulita.com\/index.php\/wp-json\/wp\/v2\/product\/226","targetHints":{"allow":["GET"]}}],"collection":[{"href":"https:\/\/vitapulita.com\/index.php\/wp-json\/wp\/v2\/product"}],"about":[{"href":"https:\/\/vitapulita.com\/index.php\/wp-json\/wp\/v2\/types\/product"}],"replies":[{"embeddable":true,"href":"https:\/\/vitapulita.com\/index.php\/wp-json\/wp\/v2\/comments?post=226"}],"wp:featuredmedia":[{"embeddable":true,"href":"https:\/\/vitapulita.com\/index.php\/wp-json\/wp\/v2\/media\/330"}],"wp:attachment":[{"href":"https:\/\/vitapulita.com\/index.php\/wp-json\/wp\/v2\/media?parent=226"}],"wp:term":[{"taxonomy":"product_brand","embeddable":true,"href":"https:\/\/vitapulita.com\/index.php\/wp-json\/wp\/v2\/product_brand?post=226"},{"taxonomy":"product_cat","embeddable":true,"href":"https:\/\/vitapulita.com\/index.php\/wp-json\/wp\/v2\/product_cat?post=226"},{"taxonomy":"product_tag","embeddable":true,"href":"https:\/\/vitapulita.com\/index.php\/wp-json\/wp\/v2\/product_tag?post=226"}],"curies":[{"name":"wp","href":"https:\/\/api.w.org\/{rel}","templated":true}]}}