{"id":224,"date":"2023-12-18T15:43:27","date_gmt":"2023-12-18T15:43:27","guid":{"rendered":"https:\/\/vitapulita.com\/?post_type=product&#038;p=224"},"modified":"2025-06-06T06:55:04","modified_gmt":"2025-06-06T06:55:04","slug":"classic-d","status":"publish","type":"product","link":"https:\/\/vitapulita.com\/index.php\/product\/classic-d\/","title":{"rendered":"Classic D"},"content":{"rendered":"<p>Sapuni i l\u00ebngsh\u00ebm i duarve Classic D i jep atyre hidratim t\u00eb fresk\u00ebt, duke i b\u00ebr\u00eb m\u00eb t\u00eb buta dhe m\u00eb elastike.<\/p>\n<p>Esht\u00eb i pasur me substanca zbut\u00ebse dhe mban t\u00eb pandryshuar pH-n fiziologjik t\u00eb l\u00ebkur\u00ebs.<\/p>\n","protected":false},"excerpt":{"rendered":"<p>Sapuni i l\u00ebngsh\u00ebm i duarve Classic D i jep atyre hidratim t\u00eb fresk\u00ebt, duke i b\u00ebr\u00eb m\u00eb t\u00eb buta dhe m\u00eb elastike. Esht\u00eb i pasur me substanca zbut\u00ebse dhe mban t\u00eb pandryshuar pH-n fiziologjik t\u00eb l\u00ebkur\u00ebs.<\/p>\n","protected":false},"featured_media":347,"comment_status":"open","ping_status":"closed","template":"","meta":[],"product_brand":[],"product_cat":[35],"product_tag":[],"class_list":{"0":"post-224","1":"product","2":"type-product","3":"status-publish","4":"has-post-thumbnail","6":"product_cat-lares-duarsh","8":"first","9":"instock","10":"shipping-taxable","11":"purchasable","12":"product-type-simple"},"_links":{"self":[{"href":"https:\/\/vitapulita.com\/index.php\/wp-json\/wp\/v2\/product\/224","targetHints":{"allow":["GET"]}}],"collection":[{"href":"https:\/\/vitapulita.com\/index.php\/wp-json\/wp\/v2\/product"}],"about":[{"href":"https:\/\/vitapulita.com\/index.php\/wp-json\/wp\/v2\/types\/product"}],"replies":[{"embeddable":true,"href":"https:\/\/vitapulita.com\/index.php\/wp-json\/wp\/v2\/comments?post=224"}],"wp:featuredmedia":[{"embeddable":true,"href":"https:\/\/vitapulita.com\/index.php\/wp-json\/wp\/v2\/media\/347"}],"wp:attachment":[{"href":"https:\/\/vitapulita.com\/index.php\/wp-json\/wp\/v2\/media?parent=224"}],"wp:term":[{"taxonomy":"product_brand","embeddable":true,"href":"https:\/\/vitapulita.com\/index.php\/wp-json\/wp\/v2\/product_brand?post=224"},{"taxonomy":"product_cat","embeddable":true,"href":"https:\/\/vitapulita.com\/index.php\/wp-json\/wp\/v2\/product_cat?post=224"},{"taxonomy":"product_tag","embeddable":true,"href":"https:\/\/vitapulita.com\/index.php\/wp-json\/wp\/v2\/product_tag?post=224"}],"curies":[{"name":"wp","href":"https:\/\/api.w.org\/{rel}","templated":true}]}}