{"id":194,"date":"2023-12-14T16:28:29","date_gmt":"2023-12-14T16:28:29","guid":{"rendered":"https:\/\/vitapulita.com\/?post_type=product&#038;p=194"},"modified":"2024-09-05T20:50:53","modified_gmt":"2024-09-05T20:50:53","slug":"anticalcare-2in1","status":"publish","type":"product","link":"https:\/\/vitapulita.com\/index.php\/product\/anticalcare-2in1\/","title":{"rendered":"Anticalcare 2in1"},"content":{"rendered":"<p>Anticalcare mund\u00ebson heqjen e g\u00eblqeres m\u00eb rezistente n\u00eb pllaka, \u00e7ezma, lavaman\u00eb dhe t\u00eb gjitha sip\u00ebrfaqet e inoksit, duke l\u00ebn\u00eb nj\u00eb shk\u00eblqim q\u00eb zgjat me kalimin e koh\u00ebs.<\/p>\n<p>Ai jo vetem q\u00eb eliminon gelqeren dhe depozitimin e krip\u00ebrave, por edhe parandalon formimin e tyre, duke i l\u00ebn\u00eb sip\u00ebrfaqet e sht\u00ebpis\u00eb tuaj me shk\u00eblqim p\u00ebr m\u00eb gjat\u00eb.<\/p>\n<p><strong>Kujdes! Mos e p\u00ebrdor n\u00eb mermer.<\/strong><\/p>\n","protected":false},"excerpt":{"rendered":"<p>Anticalcare mund\u00ebson heqjen e g\u00eblqeres m\u00eb rezistente n\u00eb pllaka, \u00e7ezma, lavaman\u00eb dhe t\u00eb gjitha sip\u00ebrfaqet e inoksit, duke l\u00ebn\u00eb nj\u00eb shk\u00eblqim q\u00eb zgjat me kalimin e koh\u00ebs. Ai jo vetem q\u00eb eliminon gelqeren dhe depozitimin e krip\u00ebrave, por edhe parandalon formimin e tyre, duke i l\u00ebn\u00eb sip\u00ebrfaqet e sht\u00ebpis\u00eb tuaj me shk\u00eblqim p\u00ebr m\u00eb gjat\u00eb. [&hellip;]<\/p>\n","protected":false},"featured_media":348,"comment_status":"open","ping_status":"closed","template":"","meta":[],"product_brand":[],"product_cat":[33],"product_tag":[],"class_list":{"0":"post-194","1":"product","2":"type-product","3":"status-publish","4":"has-post-thumbnail","6":"product_cat-multiuso-casa","8":"first","9":"instock","10":"shipping-taxable","11":"purchasable","12":"product-type-simple"},"_links":{"self":[{"href":"https:\/\/vitapulita.com\/index.php\/wp-json\/wp\/v2\/product\/194","targetHints":{"allow":["GET"]}}],"collection":[{"href":"https:\/\/vitapulita.com\/index.php\/wp-json\/wp\/v2\/product"}],"about":[{"href":"https:\/\/vitapulita.com\/index.php\/wp-json\/wp\/v2\/types\/product"}],"replies":[{"embeddable":true,"href":"https:\/\/vitapulita.com\/index.php\/wp-json\/wp\/v2\/comments?post=194"}],"wp:featuredmedia":[{"embeddable":true,"href":"https:\/\/vitapulita.com\/index.php\/wp-json\/wp\/v2\/media\/348"}],"wp:attachment":[{"href":"https:\/\/vitapulita.com\/index.php\/wp-json\/wp\/v2\/media?parent=194"}],"wp:term":[{"taxonomy":"product_brand","embeddable":true,"href":"https:\/\/vitapulita.com\/index.php\/wp-json\/wp\/v2\/product_brand?post=194"},{"taxonomy":"product_cat","embeddable":true,"href":"https:\/\/vitapulita.com\/index.php\/wp-json\/wp\/v2\/product_cat?post=194"},{"taxonomy":"product_tag","embeddable":true,"href":"https:\/\/vitapulita.com\/index.php\/wp-json\/wp\/v2\/product_tag?post=194"}],"curies":[{"name":"wp","href":"https:\/\/api.w.org\/{rel}","templated":true}]}}