{"id":192,"date":"2023-12-14T16:27:07","date_gmt":"2023-12-14T16:27:07","guid":{"rendered":"https:\/\/vitapulita.com\/?post_type=product&#038;p=192"},"modified":"2024-09-05T20:55:54","modified_gmt":"2024-09-05T20:55:54","slug":"parquet-e-mobili-in-legno","status":"publish","type":"product","link":"https:\/\/vitapulita.com\/index.php\/product\/parquet-e-mobili-in-legno\/","title":{"rendered":"Parquet e Mobili in Legno"},"content":{"rendered":"<p>Lar\u00ebsi <strong>Parquet e mobili in Legno<\/strong> p\u00ebrdoret p\u00ebr larjen e parketit dhe pastrimin e cdo sip\u00ebrfaqeje druri.<\/p>\n<p>Ai ushqen thell\u00ebsisht t\u00eb gjitha llojet e drurit, duke e l\u00ebn\u00eb at\u00eb t\u00eb shk\u00eblqyesh\u00ebm dhe t\u00eb pap\u00ebrshkuesh\u00ebm nga uji fal\u00eb vetis\u00eb s\u00eb tij t\u00eb cer\u00ebs izoluese.<\/p>\n<p>Nuk ka nevoj\u00eb p\u00ebr shp\u00eblarje.<\/p>\n<p><em>P\u00ebrdorimi p\u00ebr mobilje druri: Sic blihet tek Vita Pulita i paholluar<\/em><\/p>\n<p><em>P\u00ebrdorimi p\u00ebr parket: 50ml n\u00eb 5L uj\u00eb<\/em><\/p>\n","protected":false},"excerpt":{"rendered":"<p>Lar\u00ebsi Parquet e mobili in Legno p\u00ebrdoret p\u00ebr larjen e parketit dhe pastrimin e cdo sip\u00ebrfaqeje druri. Ai ushqen thell\u00ebsisht t\u00eb gjitha llojet e drurit, duke e l\u00ebn\u00eb at\u00eb t\u00eb shk\u00eblqyesh\u00ebm dhe t\u00eb pap\u00ebrshkuesh\u00ebm nga uji fal\u00eb vetis\u00eb s\u00eb tij t\u00eb cer\u00ebs izoluese. Nuk ka nevoj\u00eb p\u00ebr shp\u00eblarje. P\u00ebrdorimi p\u00ebr mobilje druri: Sic blihet tek [&hellip;]<\/p>\n","protected":false},"featured_media":198,"comment_status":"open","ping_status":"closed","template":"","meta":[],"product_brand":[],"product_cat":[33],"product_tag":[],"class_list":{"0":"post-192","1":"product","2":"type-product","3":"status-publish","4":"has-post-thumbnail","6":"product_cat-multiuso-casa","8":"first","9":"instock","10":"shipping-taxable","11":"purchasable","12":"product-type-simple"},"_links":{"self":[{"href":"https:\/\/vitapulita.com\/index.php\/wp-json\/wp\/v2\/product\/192","targetHints":{"allow":["GET"]}}],"collection":[{"href":"https:\/\/vitapulita.com\/index.php\/wp-json\/wp\/v2\/product"}],"about":[{"href":"https:\/\/vitapulita.com\/index.php\/wp-json\/wp\/v2\/types\/product"}],"replies":[{"embeddable":true,"href":"https:\/\/vitapulita.com\/index.php\/wp-json\/wp\/v2\/comments?post=192"}],"wp:featuredmedia":[{"embeddable":true,"href":"https:\/\/vitapulita.com\/index.php\/wp-json\/wp\/v2\/media\/198"}],"wp:attachment":[{"href":"https:\/\/vitapulita.com\/index.php\/wp-json\/wp\/v2\/media?parent=192"}],"wp:term":[{"taxonomy":"product_brand","embeddable":true,"href":"https:\/\/vitapulita.com\/index.php\/wp-json\/wp\/v2\/product_brand?post=192"},{"taxonomy":"product_cat","embeddable":true,"href":"https:\/\/vitapulita.com\/index.php\/wp-json\/wp\/v2\/product_cat?post=192"},{"taxonomy":"product_tag","embeddable":true,"href":"https:\/\/vitapulita.com\/index.php\/wp-json\/wp\/v2\/product_tag?post=192"}],"curies":[{"name":"wp","href":"https:\/\/api.w.org\/{rel}","templated":true}]}}