{"id":190,"date":"2023-12-14T16:24:39","date_gmt":"2023-12-14T16:24:39","guid":{"rendered":"https:\/\/vitapulita.com\/?post_type=product&#038;p=190"},"modified":"2025-06-06T08:24:29","modified_gmt":"2025-06-06T08:24:29","slug":"lavastoviglie-a-macchina","status":"publish","type":"product","link":"https:\/\/vitapulita.com\/index.php\/product\/lavastoviglie-a-macchina\/","title":{"rendered":"Lavastoviglie a Macchina"},"content":{"rendered":"<p>Lar\u00ebsi p\u00ebr lavastovilje <strong>Lavastoviglie a macchina<\/strong> \u00ebsht\u00eb p\u00ebr p\u00ebrdorim profesional n\u00eb biznese me nj\u00eb performanc\u00eb t\u00eb lart\u00eb t\u00eb heqjes s\u00eb yndyr\u00ebs.<\/p>\n<p>Ai \u00ebsht\u00eb projektuar p\u00ebr t\u00eb dep\u00ebrtuar thell\u00eb dhe p\u00ebr t\u00eb hequr edhe njollat \u200b\u200bm\u00eb t\u00eb v\u00ebshtira.<\/p>\n<p>Ruan efektivitetin e tij edhe me uj\u00ebrat m\u00eb t\u00eb fort\u00eb.<\/p>\n","protected":false},"excerpt":{"rendered":"<p>Lar\u00ebsi p\u00ebr lavastovilje Lavastoviglie a macchina \u00ebsht\u00eb p\u00ebr p\u00ebrdorim profesional n\u00eb biznese me nj\u00eb performanc\u00eb t\u00eb lart\u00eb t\u00eb heqjes s\u00eb yndyr\u00ebs. Ai \u00ebsht\u00eb projektuar p\u00ebr t\u00eb dep\u00ebrtuar thell\u00eb dhe p\u00ebr t\u00eb hequr edhe njollat \u200b\u200bm\u00eb t\u00eb v\u00ebshtira. Ruan efektivitetin e tij edhe me uj\u00ebrat m\u00eb t\u00eb fort\u00eb.<\/p>\n","protected":false},"featured_media":350,"comment_status":"open","ping_status":"closed","template":"","meta":[],"product_brand":[],"product_cat":[27],"product_tag":[],"class_list":{"0":"post-190","1":"product","2":"type-product","3":"status-publish","4":"has-post-thumbnail","6":"product_cat-lares-enesh","8":"first","9":"instock","10":"shipping-taxable","11":"purchasable","12":"product-type-simple"},"_links":{"self":[{"href":"https:\/\/vitapulita.com\/index.php\/wp-json\/wp\/v2\/product\/190","targetHints":{"allow":["GET"]}}],"collection":[{"href":"https:\/\/vitapulita.com\/index.php\/wp-json\/wp\/v2\/product"}],"about":[{"href":"https:\/\/vitapulita.com\/index.php\/wp-json\/wp\/v2\/types\/product"}],"replies":[{"embeddable":true,"href":"https:\/\/vitapulita.com\/index.php\/wp-json\/wp\/v2\/comments?post=190"}],"wp:featuredmedia":[{"embeddable":true,"href":"https:\/\/vitapulita.com\/index.php\/wp-json\/wp\/v2\/media\/350"}],"wp:attachment":[{"href":"https:\/\/vitapulita.com\/index.php\/wp-json\/wp\/v2\/media?parent=190"}],"wp:term":[{"taxonomy":"product_brand","embeddable":true,"href":"https:\/\/vitapulita.com\/index.php\/wp-json\/wp\/v2\/product_brand?post=190"},{"taxonomy":"product_cat","embeddable":true,"href":"https:\/\/vitapulita.com\/index.php\/wp-json\/wp\/v2\/product_cat?post=190"},{"taxonomy":"product_tag","embeddable":true,"href":"https:\/\/vitapulita.com\/index.php\/wp-json\/wp\/v2\/product_tag?post=190"}],"curies":[{"name":"wp","href":"https:\/\/api.w.org\/{rel}","templated":true}]}}