{"id":188,"date":"2023-12-14T16:18:21","date_gmt":"2023-12-14T16:18:21","guid":{"rendered":"https:\/\/vitapulita.com\/?post_type=product&#038;p=188"},"modified":"2025-06-05T21:59:23","modified_gmt":"2025-06-05T21:59:23","slug":"olio-di-argan","status":"publish","type":"product","link":"https:\/\/vitapulita.com\/index.php\/product\/olio-di-argan\/","title":{"rendered":"Olio di Argan"},"content":{"rendered":"<p>Nj\u00eb shkum\u00eb kremoze dhe vetit\u00eb ushqyese t\u00eb vajit t\u00eb arganit kombinohen me veprimin mbrojt\u00ebs t\u00eb Quaternium 41, p\u00ebr nj\u00eb moment qetesie dhe \u00ebmb\u00eblsie.<\/p>\n<p>&nbsp;<\/p>\n<p><img fetchpriority=\"high\" decoding=\"async\" class=\"alignnone size-medium wp-image-353\" src=\"https:\/\/vitapulita.com\/wp-content\/uploads\/2023\/12\/Bagnoschiuma-Olio-di-Argan-284x300.jpg\" alt=\"\" width=\"284\" height=\"300\" srcset=\"https:\/\/vitapulita.com\/wp-content\/uploads\/2023\/12\/Bagnoschiuma-Olio-di-Argan-284x300.jpg 284w, https:\/\/vitapulita.com\/wp-content\/uploads\/2023\/12\/Bagnoschiuma-Olio-di-Argan-970x1024.jpg 970w, https:\/\/vitapulita.com\/wp-content\/uploads\/2023\/12\/Bagnoschiuma-Olio-di-Argan-768x811.jpg 768w, https:\/\/vitapulita.com\/wp-content\/uploads\/2023\/12\/Bagnoschiuma-Olio-di-Argan-1455x1536.jpg 1455w, https:\/\/vitapulita.com\/wp-content\/uploads\/2023\/12\/Bagnoschiuma-Olio-di-Argan-1940x2048.jpg 1940w, https:\/\/vitapulita.com\/wp-content\/uploads\/2023\/12\/Bagnoschiuma-Olio-di-Argan-600x633.jpg 600w\" sizes=\"(max-width: 284px) 100vw, 284px\" \/><\/p>\n","protected":false},"excerpt":{"rendered":"<p>Nj\u00eb shkum\u00eb kremoze dhe vetit\u00eb ushqyese t\u00eb vajit t\u00eb arganit kombinohen me veprimin mbrojt\u00ebs t\u00eb Quaternium 41, p\u00ebr nj\u00eb moment qetesie dhe \u00ebmb\u00eblsie. &nbsp;<\/p>\n","protected":false},"featured_media":352,"comment_status":"open","ping_status":"closed","template":"","meta":[],"product_brand":[],"product_cat":[32],"product_tag":[],"class_list":{"0":"post-188","1":"product","2":"type-product","3":"status-publish","4":"has-post-thumbnail","6":"product_cat-bagnoschiuma","8":"first","9":"instock","10":"shipping-taxable","11":"purchasable","12":"product-type-simple"},"_links":{"self":[{"href":"https:\/\/vitapulita.com\/index.php\/wp-json\/wp\/v2\/product\/188","targetHints":{"allow":["GET"]}}],"collection":[{"href":"https:\/\/vitapulita.com\/index.php\/wp-json\/wp\/v2\/product"}],"about":[{"href":"https:\/\/vitapulita.com\/index.php\/wp-json\/wp\/v2\/types\/product"}],"replies":[{"embeddable":true,"href":"https:\/\/vitapulita.com\/index.php\/wp-json\/wp\/v2\/comments?post=188"}],"wp:featuredmedia":[{"embeddable":true,"href":"https:\/\/vitapulita.com\/index.php\/wp-json\/wp\/v2\/media\/352"}],"wp:attachment":[{"href":"https:\/\/vitapulita.com\/index.php\/wp-json\/wp\/v2\/media?parent=188"}],"wp:term":[{"taxonomy":"product_brand","embeddable":true,"href":"https:\/\/vitapulita.com\/index.php\/wp-json\/wp\/v2\/product_brand?post=188"},{"taxonomy":"product_cat","embeddable":true,"href":"https:\/\/vitapulita.com\/index.php\/wp-json\/wp\/v2\/product_cat?post=188"},{"taxonomy":"product_tag","embeddable":true,"href":"https:\/\/vitapulita.com\/index.php\/wp-json\/wp\/v2\/product_tag?post=188"}],"curies":[{"name":"wp","href":"https:\/\/api.w.org\/{rel}","templated":true}]}}