{"id":167,"date":"2023-12-13T21:09:29","date_gmt":"2023-12-13T21:09:29","guid":{"rendered":"https:\/\/vitapulita.com\/?post_type=product&#038;p=167"},"modified":"2025-06-07T00:29:23","modified_gmt":"2025-06-07T00:29:23","slug":"agrumi-e-spezie","status":"publish","type":"product","link":"https:\/\/vitapulita.com\/index.php\/product\/agrumi-e-spezie\/","title":{"rendered":"Agrumi e Spezie"},"content":{"rendered":"<p>Nj\u00eb shkum\u00eb kremoze dhe vetit\u00eb ushqyese t\u00eb agrumeve dhe er\u00ebzave kombinohen me veprimin mbrojt\u00ebs t\u00eb Quaternium 41, p\u00ebr nj\u00eb moment relaksi t\u00eb past\u00ebr.<\/p>\n","protected":false},"excerpt":{"rendered":"<p>Nj\u00eb shkum\u00eb kremoze dhe vetit\u00eb ushqyese t\u00eb agrumeve dhe er\u00ebzave kombinohen me veprimin mbrojt\u00ebs t\u00eb Quaternium 41, p\u00ebr nj\u00eb moment relaksi t\u00eb past\u00ebr.<\/p>\n","protected":false},"featured_media":355,"comment_status":"open","ping_status":"closed","template":"","meta":[],"product_brand":[],"product_cat":[32],"product_tag":[],"class_list":{"0":"post-167","1":"product","2":"type-product","3":"status-publish","4":"has-post-thumbnail","6":"product_cat-bagnoschiuma","8":"first","9":"instock","10":"shipping-taxable","11":"purchasable","12":"product-type-simple"},"_links":{"self":[{"href":"https:\/\/vitapulita.com\/index.php\/wp-json\/wp\/v2\/product\/167","targetHints":{"allow":["GET"]}}],"collection":[{"href":"https:\/\/vitapulita.com\/index.php\/wp-json\/wp\/v2\/product"}],"about":[{"href":"https:\/\/vitapulita.com\/index.php\/wp-json\/wp\/v2\/types\/product"}],"replies":[{"embeddable":true,"href":"https:\/\/vitapulita.com\/index.php\/wp-json\/wp\/v2\/comments?post=167"}],"wp:featuredmedia":[{"embeddable":true,"href":"https:\/\/vitapulita.com\/index.php\/wp-json\/wp\/v2\/media\/355"}],"wp:attachment":[{"href":"https:\/\/vitapulita.com\/index.php\/wp-json\/wp\/v2\/media?parent=167"}],"wp:term":[{"taxonomy":"product_brand","embeddable":true,"href":"https:\/\/vitapulita.com\/index.php\/wp-json\/wp\/v2\/product_brand?post=167"},{"taxonomy":"product_cat","embeddable":true,"href":"https:\/\/vitapulita.com\/index.php\/wp-json\/wp\/v2\/product_cat?post=167"},{"taxonomy":"product_tag","embeddable":true,"href":"https:\/\/vitapulita.com\/index.php\/wp-json\/wp\/v2\/product_tag?post=167"}],"curies":[{"name":"wp","href":"https:\/\/api.w.org\/{rel}","templated":true}]}}