{"id":163,"date":"2023-12-13T21:06:34","date_gmt":"2023-12-13T21:06:34","guid":{"rendered":"https:\/\/vitapulita.com\/?post_type=product&#038;p=163"},"modified":"2024-09-05T21:19:58","modified_gmt":"2024-09-05T21:19:58","slug":"caramello-e-pistacchio","status":"publish","type":"product","link":"https:\/\/vitapulita.com\/index.php\/product\/caramello-e-pistacchio\/","title":{"rendered":"Caramello e Pistacchio"},"content":{"rendered":"<p>Shampoja e trupit me karamel dhe stika pastron but\u00ebsisht dhe e l\u00eb l\u00ebkur\u00ebn me arom\u00eb t\u00eb k\u00ebndshme p\u00ebr nj\u00eb koh\u00eb t\u00eb gjat\u00eb. Kombinimi ekskluziv i agjent\u00ebve hidratues ushqen l\u00ebkur\u00ebn n\u00eb thell\u00ebsi, duke e b\u00ebr\u00eb at\u00eb duksh\u00ebm m\u00eb t\u00eb bukur dhe t\u00eb k\u00ebndshme n\u00eb prekje. Prania e Quaternium 41 mbron l\u00ebkur\u00ebn nga \u00e7do veprim i surfaktant\u00ebve.<\/p>\n<p>&nbsp;<\/p>\n<p><img fetchpriority=\"high\" decoding=\"async\" class=\"alignnone size-medium wp-image-360\" src=\"https:\/\/vitapulita.com\/wp-content\/uploads\/2023\/12\/Bagnoschiuma-Caramello-e-Pistacchio-272x300.jpg\" alt=\"\" width=\"272\" height=\"300\" srcset=\"https:\/\/vitapulita.com\/wp-content\/uploads\/2023\/12\/Bagnoschiuma-Caramello-e-Pistacchio-272x300.jpg 272w, https:\/\/vitapulita.com\/wp-content\/uploads\/2023\/12\/Bagnoschiuma-Caramello-e-Pistacchio-930x1024.jpg 930w, https:\/\/vitapulita.com\/wp-content\/uploads\/2023\/12\/Bagnoschiuma-Caramello-e-Pistacchio-768x846.jpg 768w, https:\/\/vitapulita.com\/wp-content\/uploads\/2023\/12\/Bagnoschiuma-Caramello-e-Pistacchio-1395x1536.jpg 1395w, https:\/\/vitapulita.com\/wp-content\/uploads\/2023\/12\/Bagnoschiuma-Caramello-e-Pistacchio-1860x2048.jpg 1860w, https:\/\/vitapulita.com\/wp-content\/uploads\/2023\/12\/Bagnoschiuma-Caramello-e-Pistacchio-600x661.jpg 600w\" sizes=\"(max-width: 272px) 100vw, 272px\" \/><\/p>\n","protected":false},"excerpt":{"rendered":"<p>Shampoja e trupit me karamel dhe stika pastron but\u00ebsisht dhe e l\u00eb l\u00ebkur\u00ebn me arom\u00eb t\u00eb k\u00ebndshme p\u00ebr nj\u00eb koh\u00eb t\u00eb gjat\u00eb. Kombinimi ekskluziv i agjent\u00ebve hidratues ushqen l\u00ebkur\u00ebn n\u00eb thell\u00ebsi, duke e b\u00ebr\u00eb at\u00eb duksh\u00ebm m\u00eb t\u00eb bukur dhe t\u00eb k\u00ebndshme n\u00eb prekje. Prania e Quaternium 41 mbron l\u00ebkur\u00ebn nga \u00e7do veprim i surfaktant\u00ebve. [&hellip;]<\/p>\n","protected":false},"featured_media":361,"comment_status":"open","ping_status":"closed","template":"","meta":[],"product_brand":[],"product_cat":[32],"product_tag":[],"class_list":{"0":"post-163","1":"product","2":"type-product","3":"status-publish","4":"has-post-thumbnail","6":"product_cat-bagnoschiuma","8":"first","9":"instock","10":"shipping-taxable","11":"purchasable","12":"product-type-simple"},"_links":{"self":[{"href":"https:\/\/vitapulita.com\/index.php\/wp-json\/wp\/v2\/product\/163","targetHints":{"allow":["GET"]}}],"collection":[{"href":"https:\/\/vitapulita.com\/index.php\/wp-json\/wp\/v2\/product"}],"about":[{"href":"https:\/\/vitapulita.com\/index.php\/wp-json\/wp\/v2\/types\/product"}],"replies":[{"embeddable":true,"href":"https:\/\/vitapulita.com\/index.php\/wp-json\/wp\/v2\/comments?post=163"}],"wp:featuredmedia":[{"embeddable":true,"href":"https:\/\/vitapulita.com\/index.php\/wp-json\/wp\/v2\/media\/361"}],"wp:attachment":[{"href":"https:\/\/vitapulita.com\/index.php\/wp-json\/wp\/v2\/media?parent=163"}],"wp:term":[{"taxonomy":"product_brand","embeddable":true,"href":"https:\/\/vitapulita.com\/index.php\/wp-json\/wp\/v2\/product_brand?post=163"},{"taxonomy":"product_cat","embeddable":true,"href":"https:\/\/vitapulita.com\/index.php\/wp-json\/wp\/v2\/product_cat?post=163"},{"taxonomy":"product_tag","embeddable":true,"href":"https:\/\/vitapulita.com\/index.php\/wp-json\/wp\/v2\/product_tag?post=163"}],"curies":[{"name":"wp","href":"https:\/\/api.w.org\/{rel}","templated":true}]}}