{"id":159,"date":"2023-12-13T21:02:30","date_gmt":"2023-12-13T21:02:30","guid":{"rendered":"https:\/\/vitapulita.com\/?post_type=product&#038;p=159"},"modified":"2024-09-05T21:24:57","modified_gmt":"2024-09-05T21:24:57","slug":"acqua-di-sale-5","status":"publish","type":"product","link":"https:\/\/vitapulita.com\/index.php\/product\/acqua-di-sale-5\/","title":{"rendered":"Acqua di Sale"},"content":{"rendered":"<p>Shampoja e trupit Acqua di Sale pastron but\u00ebsisht dhe e l\u00eb l\u00ebkur\u00ebn me arom\u00eb p\u00ebr nj\u00eb koh\u00eb t\u00eb gjat\u00eb. Prania e Quaternium 41 mbron l\u00ebkur\u00ebn nga \u00e7do veprim degreasant i surfaktant\u00ebve.<\/p>\n","protected":false},"excerpt":{"rendered":"<p>Shampoja e trupit Acqua di Sale pastron but\u00ebsisht dhe e l\u00eb l\u00ebkur\u00ebn me arom\u00eb p\u00ebr nj\u00eb koh\u00eb t\u00eb gjat\u00eb. Prania e Quaternium 41 mbron l\u00ebkur\u00ebn nga \u00e7do veprim degreasant i surfaktant\u00ebve.<\/p>\n","protected":false},"featured_media":364,"comment_status":"open","ping_status":"closed","template":"","meta":[],"product_brand":[],"product_cat":[32],"product_tag":[],"class_list":{"0":"post-159","1":"product","2":"type-product","3":"status-publish","4":"has-post-thumbnail","6":"product_cat-bagnoschiuma","8":"first","9":"instock","10":"shipping-taxable","11":"purchasable","12":"product-type-simple"},"_links":{"self":[{"href":"https:\/\/vitapulita.com\/index.php\/wp-json\/wp\/v2\/product\/159","targetHints":{"allow":["GET"]}}],"collection":[{"href":"https:\/\/vitapulita.com\/index.php\/wp-json\/wp\/v2\/product"}],"about":[{"href":"https:\/\/vitapulita.com\/index.php\/wp-json\/wp\/v2\/types\/product"}],"replies":[{"embeddable":true,"href":"https:\/\/vitapulita.com\/index.php\/wp-json\/wp\/v2\/comments?post=159"}],"wp:featuredmedia":[{"embeddable":true,"href":"https:\/\/vitapulita.com\/index.php\/wp-json\/wp\/v2\/media\/364"}],"wp:attachment":[{"href":"https:\/\/vitapulita.com\/index.php\/wp-json\/wp\/v2\/media?parent=159"}],"wp:term":[{"taxonomy":"product_brand","embeddable":true,"href":"https:\/\/vitapulita.com\/index.php\/wp-json\/wp\/v2\/product_brand?post=159"},{"taxonomy":"product_cat","embeddable":true,"href":"https:\/\/vitapulita.com\/index.php\/wp-json\/wp\/v2\/product_cat?post=159"},{"taxonomy":"product_tag","embeddable":true,"href":"https:\/\/vitapulita.com\/index.php\/wp-json\/wp\/v2\/product_tag?post=159"}],"curies":[{"name":"wp","href":"https:\/\/api.w.org\/{rel}","templated":true}]}}