{"id":157,"date":"2023-12-13T21:01:21","date_gmt":"2023-12-13T21:01:21","guid":{"rendered":"https:\/\/vitapulita.com\/?post_type=product&#038;p=157"},"modified":"2024-09-05T21:32:04","modified_gmt":"2024-09-05T21:32:04","slug":"sgrassatore-impact","status":"publish","type":"product","link":"https:\/\/vitapulita.com\/index.php\/product\/sgrassatore-impact\/","title":{"rendered":"Sgrassatore Impact"},"content":{"rendered":"<p>Sgrassatori profesional Impact \u00ebsht\u00eb nj\u00eb produkt me performanc\u00eb t\u00eb lart\u00eb duke ruajtur efektivitetin e tij t\u00eb pandryshuar dhe duke lene siperfaqet me shk\u00eblqim dhe pa vija; \u00ebsht\u00eb shum\u00eb i p\u00ebrq\u00ebndruar, i fuqish\u00ebm p\u00ebr p\u00ebrdorim sht\u00ebpiak dhe profesional.<\/p>\n<p><em><strong>P\u00ebr p\u00ebrdorim sht\u00ebpiak heq\u00ebs perfekt p\u00ebr njolla:<\/strong> xhami, dysheme, banjo, mermer, furr\u00eb, sob\u00eb, makineri, oxhak, mur, divane, njolla rrobash, tapiceri, k\u00ebpuc\u00eb, vizatime n\u00ebp\u00ebr mure, etj.<\/em><\/p>\n<p><em><strong>P\u00ebr p\u00ebrdorim profesional:<\/strong> makina, rimza, garazhe, lavazhe, bare, restorante, banesa, dysheme industriale.<\/em><\/p>\n","protected":false},"excerpt":{"rendered":"<p>Sgrassatori profesional Impact \u00ebsht\u00eb nj\u00eb produkt me performanc\u00eb t\u00eb lart\u00eb duke ruajtur efektivitetin e tij t\u00eb pandryshuar dhe duke lene siperfaqet me shk\u00eblqim dhe pa vija; \u00ebsht\u00eb shum\u00eb i p\u00ebrq\u00ebndruar, i fuqish\u00ebm p\u00ebr p\u00ebrdorim sht\u00ebpiak dhe profesional. P\u00ebr p\u00ebrdorim sht\u00ebpiak heq\u00ebs perfekt p\u00ebr njolla: xhami, dysheme, banjo, mermer, furr\u00eb, sob\u00eb, makineri, oxhak, mur, divane, njolla [&hellip;]<\/p>\n","protected":false},"featured_media":367,"comment_status":"open","ping_status":"closed","template":"","meta":[],"product_brand":[],"product_cat":[33],"product_tag":[],"class_list":{"0":"post-157","1":"product","2":"type-product","3":"status-publish","4":"has-post-thumbnail","6":"product_cat-multiuso-casa","8":"first","9":"instock","10":"shipping-taxable","11":"purchasable","12":"product-type-simple"},"_links":{"self":[{"href":"https:\/\/vitapulita.com\/index.php\/wp-json\/wp\/v2\/product\/157","targetHints":{"allow":["GET"]}}],"collection":[{"href":"https:\/\/vitapulita.com\/index.php\/wp-json\/wp\/v2\/product"}],"about":[{"href":"https:\/\/vitapulita.com\/index.php\/wp-json\/wp\/v2\/types\/product"}],"replies":[{"embeddable":true,"href":"https:\/\/vitapulita.com\/index.php\/wp-json\/wp\/v2\/comments?post=157"}],"wp:featuredmedia":[{"embeddable":true,"href":"https:\/\/vitapulita.com\/index.php\/wp-json\/wp\/v2\/media\/367"}],"wp:attachment":[{"href":"https:\/\/vitapulita.com\/index.php\/wp-json\/wp\/v2\/media?parent=157"}],"wp:term":[{"taxonomy":"product_brand","embeddable":true,"href":"https:\/\/vitapulita.com\/index.php\/wp-json\/wp\/v2\/product_brand?post=157"},{"taxonomy":"product_cat","embeddable":true,"href":"https:\/\/vitapulita.com\/index.php\/wp-json\/wp\/v2\/product_cat?post=157"},{"taxonomy":"product_tag","embeddable":true,"href":"https:\/\/vitapulita.com\/index.php\/wp-json\/wp\/v2\/product_tag?post=157"}],"curies":[{"name":"wp","href":"https:\/\/api.w.org\/{rel}","templated":true}]}}