{"id":155,"date":"2023-12-13T20:58:39","date_gmt":"2023-12-13T20:58:39","guid":{"rendered":"https:\/\/vitapulita.com\/?post_type=product&#038;p=155"},"modified":"2024-09-05T21:41:07","modified_gmt":"2024-09-05T21:41:07","slug":"multiuso-vetri","status":"publish","type":"product","link":"https:\/\/vitapulita.com\/index.php\/product\/multiuso-vetri\/","title":{"rendered":"Multiuso Vetri"},"content":{"rendered":"<p>Pastruesi shum\u00ebfunksional i xhamit pastron n\u00eb m\u00ebnyr\u00eb t\u00eb sigurt shumic\u00ebn e sip\u00ebrfaqeve sht\u00ebpiake, eliminon papast\u00ebrtit\u00eb dhe yndyrnat e forta, duke i l\u00ebn\u00eb sip\u00ebrfaqet me shk\u00eblqim dhe pa vija. Nuk zbeh sip\u00ebrfaqet, largon me delikates\u00eb papast\u00ebrtit\u00eb dhe yndyrnat, nuk k\u00ebrkon shp\u00eblarje.<\/p>\n<p>I b\u00ebn sip\u00ebrfaqet me shk\u00eblqim dhe pa vija. P\u00ebrmban surfaktant anionik p\u00ebr nj\u00eb veprim efektiv pastrimi dhe alkool izopropil p\u00ebr t\u00eb p\u00ebrftuar nj\u00eb efekt kullues dhe avullim t\u00eb shpejt\u00eb.<\/p>\n","protected":false},"excerpt":{"rendered":"<p>Pastruesi shum\u00ebfunksional i xhamit pastron n\u00eb m\u00ebnyr\u00eb t\u00eb sigurt shumic\u00ebn e sip\u00ebrfaqeve sht\u00ebpiake, eliminon papast\u00ebrtit\u00eb dhe yndyrnat e forta, duke i l\u00ebn\u00eb sip\u00ebrfaqet me shk\u00eblqim dhe pa vija. Nuk zbeh sip\u00ebrfaqet, largon me delikates\u00eb papast\u00ebrtit\u00eb dhe yndyrnat, nuk k\u00ebrkon shp\u00eblarje. I b\u00ebn sip\u00ebrfaqet me shk\u00eblqim dhe pa vija. P\u00ebrmban surfaktant anionik p\u00ebr nj\u00eb veprim efektiv [&hellip;]<\/p>\n","protected":false},"featured_media":368,"comment_status":"open","ping_status":"closed","template":"","meta":[],"product_brand":[],"product_cat":[33],"product_tag":[],"class_list":{"0":"post-155","1":"product","2":"type-product","3":"status-publish","4":"has-post-thumbnail","6":"product_cat-multiuso-casa","8":"first","9":"instock","10":"shipping-taxable","11":"purchasable","12":"product-type-simple"},"_links":{"self":[{"href":"https:\/\/vitapulita.com\/index.php\/wp-json\/wp\/v2\/product\/155","targetHints":{"allow":["GET"]}}],"collection":[{"href":"https:\/\/vitapulita.com\/index.php\/wp-json\/wp\/v2\/product"}],"about":[{"href":"https:\/\/vitapulita.com\/index.php\/wp-json\/wp\/v2\/types\/product"}],"replies":[{"embeddable":true,"href":"https:\/\/vitapulita.com\/index.php\/wp-json\/wp\/v2\/comments?post=155"}],"wp:featuredmedia":[{"embeddable":true,"href":"https:\/\/vitapulita.com\/index.php\/wp-json\/wp\/v2\/media\/368"}],"wp:attachment":[{"href":"https:\/\/vitapulita.com\/index.php\/wp-json\/wp\/v2\/media?parent=155"}],"wp:term":[{"taxonomy":"product_brand","embeddable":true,"href":"https:\/\/vitapulita.com\/index.php\/wp-json\/wp\/v2\/product_brand?post=155"},{"taxonomy":"product_cat","embeddable":true,"href":"https:\/\/vitapulita.com\/index.php\/wp-json\/wp\/v2\/product_cat?post=155"},{"taxonomy":"product_tag","embeddable":true,"href":"https:\/\/vitapulita.com\/index.php\/wp-json\/wp\/v2\/product_tag?post=155"}],"curies":[{"name":"wp","href":"https:\/\/api.w.org\/{rel}","templated":true}]}}