{"id":153,"date":"2023-12-13T20:56:50","date_gmt":"2023-12-13T20:56:50","guid":{"rendered":"https:\/\/vitapulita.com\/?post_type=product&#038;p=153"},"modified":"2025-06-06T02:07:04","modified_gmt":"2025-06-06T02:07:04","slug":"multiuso-con-ammoniaca","status":"publish","type":"product","link":"https:\/\/vitapulita.com\/index.php\/product\/multiuso-con-ammoniaca\/","title":{"rendered":"Multiuso con AMMONIACA"},"content":{"rendered":"<p>Detergjenti shum\u00ebp\u00ebrdorim\u00ebsh me amoniak \u00ebsht\u00eb ideal p\u00ebr t\u00eb pastruar dhe higjienizuar cfar\u00ebdolloj sip\u00ebrfaqeje, xhamat, pianurat, sip\u00ebrfaqe t\u00eb forta, hidrosanitare, dysheme, tapiceri dhe mokete.<\/p>\n<p>Ka arom\u00eb t\u00eb k\u00ebndshme lavandule.<\/p>\n","protected":false},"excerpt":{"rendered":"<p>Detergjenti shum\u00ebp\u00ebrdorim\u00ebsh me amoniak \u00ebsht\u00eb ideal p\u00ebr t\u00eb pastruar dhe higjienizuar cfar\u00ebdolloj sip\u00ebrfaqeje, xhamat, pianurat, sip\u00ebrfaqe t\u00eb forta, hidrosanitare, dysheme, tapiceri dhe mokete. Ka arom\u00eb t\u00eb k\u00ebndshme lavandule.<\/p>\n","protected":false},"featured_media":370,"comment_status":"open","ping_status":"closed","template":"","meta":[],"product_brand":[],"product_cat":[33],"product_tag":[],"class_list":{"0":"post-153","1":"product","2":"type-product","3":"status-publish","4":"has-post-thumbnail","6":"product_cat-multiuso-casa","8":"first","9":"instock","10":"shipping-taxable","11":"purchasable","12":"product-type-simple"},"_links":{"self":[{"href":"https:\/\/vitapulita.com\/index.php\/wp-json\/wp\/v2\/product\/153","targetHints":{"allow":["GET"]}}],"collection":[{"href":"https:\/\/vitapulita.com\/index.php\/wp-json\/wp\/v2\/product"}],"about":[{"href":"https:\/\/vitapulita.com\/index.php\/wp-json\/wp\/v2\/types\/product"}],"replies":[{"embeddable":true,"href":"https:\/\/vitapulita.com\/index.php\/wp-json\/wp\/v2\/comments?post=153"}],"wp:featuredmedia":[{"embeddable":true,"href":"https:\/\/vitapulita.com\/index.php\/wp-json\/wp\/v2\/media\/370"}],"wp:attachment":[{"href":"https:\/\/vitapulita.com\/index.php\/wp-json\/wp\/v2\/media?parent=153"}],"wp:term":[{"taxonomy":"product_brand","embeddable":true,"href":"https:\/\/vitapulita.com\/index.php\/wp-json\/wp\/v2\/product_brand?post=153"},{"taxonomy":"product_cat","embeddable":true,"href":"https:\/\/vitapulita.com\/index.php\/wp-json\/wp\/v2\/product_cat?post=153"},{"taxonomy":"product_tag","embeddable":true,"href":"https:\/\/vitapulita.com\/index.php\/wp-json\/wp\/v2\/product_tag?post=153"}],"curies":[{"name":"wp","href":"https:\/\/api.w.org\/{rel}","templated":true}]}}