{"id":151,"date":"2023-12-13T20:54:57","date_gmt":"2023-12-13T20:54:57","guid":{"rendered":"https:\/\/vitapulita.com\/?post_type=product&#038;p=151"},"modified":"2024-09-11T22:00:13","modified_gmt":"2024-09-11T22:00:13","slug":"crema-cif-disincrostante","status":"publish","type":"product","link":"https:\/\/vitapulita.com\/index.php\/product\/crema-cif-disincrostante\/","title":{"rendered":"Crema CIF"},"content":{"rendered":"<p>Kremi Cif \u00ebsht\u00eb nj\u00eb detergjent kremoz p\u00ebr pastrimin e p\u00ebrditsh\u00ebm t\u00eb hidrosanitareve dhe t\u00eb gjitha sip\u00ebrfaqeve.<\/p>\n<p>Ai \u00ebsht\u00eb i sigurt p\u00ebr t&#8217;u p\u00ebrdorur n\u00eb t\u00eb gjitha sip\u00ebrfaqet dhe pajisjet sanitare, praktik dhe i shpejt\u00eb n\u00eb p\u00ebrdorim.<\/p>\n<p>Shkumon, zbardh dhe eliminon njollat \u200b\u200bm\u00eb t\u00eb v\u00ebshtira duke l\u00ebn\u00eb nj\u00eb not\u00eb shum\u00eb aromatike.<\/p>\n","protected":false},"excerpt":{"rendered":"<p>Kremi Cif \u00ebsht\u00eb nj\u00eb detergjent kremoz p\u00ebr pastrimin e p\u00ebrditsh\u00ebm t\u00eb hidrosanitareve dhe t\u00eb gjitha sip\u00ebrfaqeve. Ai \u00ebsht\u00eb i sigurt p\u00ebr t&#8217;u p\u00ebrdorur n\u00eb t\u00eb gjitha sip\u00ebrfaqet dhe pajisjet sanitare, praktik dhe i shpejt\u00eb n\u00eb p\u00ebrdorim. Shkumon, zbardh dhe eliminon njollat \u200b\u200bm\u00eb t\u00eb v\u00ebshtira duke l\u00ebn\u00eb nj\u00eb not\u00eb shum\u00eb aromatike.<\/p>\n","protected":false},"featured_media":372,"comment_status":"open","ping_status":"closed","template":"","meta":[],"product_brand":[],"product_cat":[33],"product_tag":[],"class_list":{"0":"post-151","1":"product","2":"type-product","3":"status-publish","4":"has-post-thumbnail","6":"product_cat-multiuso-casa","8":"first","9":"instock","10":"shipping-taxable","11":"purchasable","12":"product-type-simple"},"_links":{"self":[{"href":"https:\/\/vitapulita.com\/index.php\/wp-json\/wp\/v2\/product\/151","targetHints":{"allow":["GET"]}}],"collection":[{"href":"https:\/\/vitapulita.com\/index.php\/wp-json\/wp\/v2\/product"}],"about":[{"href":"https:\/\/vitapulita.com\/index.php\/wp-json\/wp\/v2\/types\/product"}],"replies":[{"embeddable":true,"href":"https:\/\/vitapulita.com\/index.php\/wp-json\/wp\/v2\/comments?post=151"}],"wp:featuredmedia":[{"embeddable":true,"href":"https:\/\/vitapulita.com\/index.php\/wp-json\/wp\/v2\/media\/372"}],"wp:attachment":[{"href":"https:\/\/vitapulita.com\/index.php\/wp-json\/wp\/v2\/media?parent=151"}],"wp:term":[{"taxonomy":"product_brand","embeddable":true,"href":"https:\/\/vitapulita.com\/index.php\/wp-json\/wp\/v2\/product_brand?post=151"},{"taxonomy":"product_cat","embeddable":true,"href":"https:\/\/vitapulita.com\/index.php\/wp-json\/wp\/v2\/product_cat?post=151"},{"taxonomy":"product_tag","embeddable":true,"href":"https:\/\/vitapulita.com\/index.php\/wp-json\/wp\/v2\/product_tag?post=151"}],"curies":[{"name":"wp","href":"https:\/\/api.w.org\/{rel}","templated":true}]}}