{"id":149,"date":"2023-12-13T20:52:06","date_gmt":"2023-12-13T20:52:06","guid":{"rendered":"https:\/\/vitapulita.com\/?post_type=product&#038;p=149"},"modified":"2024-09-05T21:55:18","modified_gmt":"2024-09-05T21:55:18","slug":"acqua-di-sale-4","status":"publish","type":"product","link":"https:\/\/vitapulita.com\/index.php\/product\/acqua-di-sale-4\/","title":{"rendered":"Acqua di Sale"},"content":{"rendered":"<p>Shampoja e kok\u00ebs Acqua di Sale \u00ebsht\u00eb e p\u00ebrshtatshme flok\u00eb t\u00eb yndyrsh\u00ebm dhe p\u00ebr larje t\u00eb shpeshta pasi formula e tij delikate nuk sulmon l\u00ebkur\u00ebn e kok\u00ebs. P\u00ebr m\u00eb tep\u00ebr, Polyquaternium-7 formon nj\u00eb shtres\u00eb mbrojt\u00ebse rreth flok\u00ebve, duke i b\u00ebr\u00eb ato m\u00eb t\u00eb but\u00eb dhe m\u00eb t\u00eb menaxhuesh\u00ebm. Vetit\u00eb zbut\u00ebse dhe aroma e shijshme eliminojn\u00eb nyjet dhe flok\u00ebt fitojn\u00eb but\u00ebsi pas cdo larjeje.<\/p>\n","protected":false},"excerpt":{"rendered":"<p>Shampoja e kok\u00ebs Acqua di Sale \u00ebsht\u00eb e p\u00ebrshtatshme flok\u00eb t\u00eb yndyrsh\u00ebm dhe p\u00ebr larje t\u00eb shpeshta pasi formula e tij delikate nuk sulmon l\u00ebkur\u00ebn e kok\u00ebs. P\u00ebr m\u00eb tep\u00ebr, Polyquaternium-7 formon nj\u00eb shtres\u00eb mbrojt\u00ebse rreth flok\u00ebve, duke i b\u00ebr\u00eb ato m\u00eb t\u00eb but\u00eb dhe m\u00eb t\u00eb menaxhuesh\u00ebm. Vetit\u00eb zbut\u00ebse dhe aroma e shijshme eliminojn\u00eb [&hellip;]<\/p>\n","protected":false},"featured_media":374,"comment_status":"open","ping_status":"closed","template":"","meta":[],"product_brand":[],"product_cat":[31],"product_tag":[],"class_list":{"0":"post-149","1":"product","2":"type-product","3":"status-publish","4":"has-post-thumbnail","6":"product_cat-shampoo","8":"first","9":"instock","10":"shipping-taxable","11":"purchasable","12":"product-type-simple"},"_links":{"self":[{"href":"https:\/\/vitapulita.com\/index.php\/wp-json\/wp\/v2\/product\/149","targetHints":{"allow":["GET"]}}],"collection":[{"href":"https:\/\/vitapulita.com\/index.php\/wp-json\/wp\/v2\/product"}],"about":[{"href":"https:\/\/vitapulita.com\/index.php\/wp-json\/wp\/v2\/types\/product"}],"replies":[{"embeddable":true,"href":"https:\/\/vitapulita.com\/index.php\/wp-json\/wp\/v2\/comments?post=149"}],"wp:featuredmedia":[{"embeddable":true,"href":"https:\/\/vitapulita.com\/index.php\/wp-json\/wp\/v2\/media\/374"}],"wp:attachment":[{"href":"https:\/\/vitapulita.com\/index.php\/wp-json\/wp\/v2\/media?parent=149"}],"wp:term":[{"taxonomy":"product_brand","embeddable":true,"href":"https:\/\/vitapulita.com\/index.php\/wp-json\/wp\/v2\/product_brand?post=149"},{"taxonomy":"product_cat","embeddable":true,"href":"https:\/\/vitapulita.com\/index.php\/wp-json\/wp\/v2\/product_cat?post=149"},{"taxonomy":"product_tag","embeddable":true,"href":"https:\/\/vitapulita.com\/index.php\/wp-json\/wp\/v2\/product_tag?post=149"}],"curies":[{"name":"wp","href":"https:\/\/api.w.org\/{rel}","templated":true}]}}