{"id":147,"date":"2023-12-13T20:51:12","date_gmt":"2023-12-13T20:51:12","guid":{"rendered":"https:\/\/vitapulita.com\/?post_type=product&#038;p=147"},"modified":"2024-09-05T21:58:26","modified_gmt":"2024-09-05T21:58:26","slug":"pesca-e-albiccoca","status":"publish","type":"product","link":"https:\/\/vitapulita.com\/index.php\/product\/pesca-e-albiccoca\/","title":{"rendered":"Pesca e Albiccoca"},"content":{"rendered":"<p>Shampoja e kok\u00ebs me Pjeshk\u00eb dhe Kajsi \u00ebsht\u00eb e pasur me krip\u00ebra minerale. Vetit\u00eb zbut\u00ebse dhe rimineralizuese i japin shampos nj\u00eb fuqi t\u00eb pashembullt ushqyese p\u00ebr flok\u00ebt e that\u00eb dhe t\u00eb d\u00ebmtuar. P\u00ebr m\u00eb tep\u00ebr, Polyquaternium-7 formon nj\u00eb shtres\u00eb mbrojt\u00ebse rreth flok\u00ebve, duke e b\u00ebr\u00eb at\u00eb m\u00eb t\u00eb but\u00eb dhe m\u00eb t\u00eb menaxhuesh\u00ebm. Esht\u00eb i p\u00ebrshtatsh\u00ebm p\u00ebr flok\u00eb normal\u00eb dhe t\u00eb that\u00eb. Vetit\u00eb zbut\u00ebse dhe aroma e shijshme e kajsis\u00eb eliminojn\u00eb nyjet dhe flok\u00ebt fitojn\u00eb but\u00ebsi pas cdo larjeje.<\/p>\n","protected":false},"excerpt":{"rendered":"<p>Shampoja e kok\u00ebs me Pjeshk\u00eb dhe Kajsi \u00ebsht\u00eb e pasur me krip\u00ebra minerale. Vetit\u00eb zbut\u00ebse dhe rimineralizuese i japin shampos nj\u00eb fuqi t\u00eb pashembullt ushqyese p\u00ebr flok\u00ebt e that\u00eb dhe t\u00eb d\u00ebmtuar. P\u00ebr m\u00eb tep\u00ebr, Polyquaternium-7 formon nj\u00eb shtres\u00eb mbrojt\u00ebse rreth flok\u00ebve, duke e b\u00ebr\u00eb at\u00eb m\u00eb t\u00eb but\u00eb dhe m\u00eb t\u00eb menaxhuesh\u00ebm. Esht\u00eb i [&hellip;]<\/p>\n","protected":false},"featured_media":376,"comment_status":"open","ping_status":"closed","template":"","meta":[],"product_brand":[],"product_cat":[31],"product_tag":[],"class_list":{"0":"post-147","1":"product","2":"type-product","3":"status-publish","4":"has-post-thumbnail","6":"product_cat-shampoo","8":"first","9":"instock","10":"shipping-taxable","11":"purchasable","12":"product-type-simple"},"_links":{"self":[{"href":"https:\/\/vitapulita.com\/index.php\/wp-json\/wp\/v2\/product\/147","targetHints":{"allow":["GET"]}}],"collection":[{"href":"https:\/\/vitapulita.com\/index.php\/wp-json\/wp\/v2\/product"}],"about":[{"href":"https:\/\/vitapulita.com\/index.php\/wp-json\/wp\/v2\/types\/product"}],"replies":[{"embeddable":true,"href":"https:\/\/vitapulita.com\/index.php\/wp-json\/wp\/v2\/comments?post=147"}],"wp:featuredmedia":[{"embeddable":true,"href":"https:\/\/vitapulita.com\/index.php\/wp-json\/wp\/v2\/media\/376"}],"wp:attachment":[{"href":"https:\/\/vitapulita.com\/index.php\/wp-json\/wp\/v2\/media?parent=147"}],"wp:term":[{"taxonomy":"product_brand","embeddable":true,"href":"https:\/\/vitapulita.com\/index.php\/wp-json\/wp\/v2\/product_brand?post=147"},{"taxonomy":"product_cat","embeddable":true,"href":"https:\/\/vitapulita.com\/index.php\/wp-json\/wp\/v2\/product_cat?post=147"},{"taxonomy":"product_tag","embeddable":true,"href":"https:\/\/vitapulita.com\/index.php\/wp-json\/wp\/v2\/product_tag?post=147"}],"curies":[{"name":"wp","href":"https:\/\/api.w.org\/{rel}","templated":true}]}}