{"id":140,"date":"2023-12-12T23:36:14","date_gmt":"2023-12-12T23:36:14","guid":{"rendered":"https:\/\/vitapulita.com\/?post_type=product&#038;p=140"},"modified":"2024-09-07T22:26:08","modified_gmt":"2024-09-07T22:26:08","slug":"percarbonat","status":"publish","type":"product","link":"https:\/\/vitapulita.com\/index.php\/product\/percarbonat\/","title":{"rendered":"Percarbonat"},"content":{"rendered":"<p><strong><em>Perkarbonati: Perkarbonati i sod\u00ebs ose ndryshe i njohur si bikarbonat natriumi \u00ebsht\u00eb nj\u00eb produkt natyral q\u00eb ka shum\u00eb p\u00ebrdorime:<\/em><\/strong><\/p>\n<p>Si heq\u00ebs njollash (kafe, ver\u00eb, gjak, etj.) : mund t\u00eb trajtoni disa sekonda njoll\u00ebn me pluhurin e tretur n\u00eb pak uj\u00eb t\u00eb ngroht\u00eb duke e f\u00ebrkuar me furc\u00eb, ta lini t\u00eb veproj\u00eb 20-30 minuta dhe ta fusni n\u00eb lavatrice p\u00ebr nj\u00eb larje me cik\u00ebl normal.<\/p>\n<p>Si zbardhues: mund ta shtoni n\u00eb kazanin e lavatrices (2-3 lug\u00eb gjelle) p\u00ebrpara larjes s\u00eb rrobave duke i shtuar lar\u00ebsin dhe zbut\u00ebsin p\u00ebrkat\u00ebs.<\/p>\n<p>Zbut\u00ebs p\u00ebr peshqir\u00ebt e ashp\u00ebr: hidhni 3 lug\u00eb gjelle perkarbonat tek kazani i lavatrices ku keni futur peshqir\u00ebt; shtoni lar\u00ebsin dhe zbut\u00ebsin dhe lajini me 40-60 grad\u00eb.<\/p>\n<p><img decoding=\"async\" class=\"size-medium wp-image-384\" src=\"https:\/\/vitapulita.com\/wp-content\/uploads\/2023\/12\/Percarbonato-134x300.jpg\" alt=\"\" width=\"134\" height=\"300\" srcset=\"https:\/\/vitapulita.com\/wp-content\/uploads\/2023\/12\/Percarbonato-134x300.jpg 134w, https:\/\/vitapulita.com\/wp-content\/uploads\/2023\/12\/Percarbonato-459x1024.jpg 459w, https:\/\/vitapulita.com\/wp-content\/uploads\/2023\/12\/Percarbonato-768x1714.jpg 768w, https:\/\/vitapulita.com\/wp-content\/uploads\/2023\/12\/Percarbonato-688x1536.jpg 688w, https:\/\/vitapulita.com\/wp-content\/uploads\/2023\/12\/Percarbonato-918x2048.jpg 918w, https:\/\/vitapulita.com\/wp-content\/uploads\/2023\/12\/Percarbonato-600x1339.jpg 600w, https:\/\/vitapulita.com\/wp-content\/uploads\/2023\/12\/Percarbonato-scaled.jpg 1147w\" sizes=\"(max-width: 134px) 100vw, 134px\" \/><\/p>\n<p>&nbsp;<\/p>\n<p>&nbsp;<\/p>\n","protected":false},"excerpt":{"rendered":"<p>Perkarbonati: Perkarbonati i sod\u00ebs ose ndryshe i njohur si bikarbonat natriumi \u00ebsht\u00eb nj\u00eb produkt natyral q\u00eb ka shum\u00eb p\u00ebrdorime: Si heq\u00ebs njollash (kafe, ver\u00eb, gjak, etj.) : mund t\u00eb trajtoni disa sekonda njoll\u00ebn me pluhurin e tretur n\u00eb pak uj\u00eb t\u00eb ngroht\u00eb duke e f\u00ebrkuar me furc\u00eb, ta lini t\u00eb veproj\u00eb 20-30 minuta dhe ta [&hellip;]<\/p>\n","protected":false},"featured_media":383,"comment_status":"open","ping_status":"closed","template":"","meta":[],"product_brand":[],"product_cat":[28],"product_tag":[],"class_list":{"0":"post-140","1":"product","2":"type-product","3":"status-publish","4":"has-post-thumbnail","6":"product_cat-detergjent-pluhur","8":"first","9":"instock","10":"shipping-taxable","11":"purchasable","12":"product-type-simple"},"_links":{"self":[{"href":"https:\/\/vitapulita.com\/index.php\/wp-json\/wp\/v2\/product\/140","targetHints":{"allow":["GET"]}}],"collection":[{"href":"https:\/\/vitapulita.com\/index.php\/wp-json\/wp\/v2\/product"}],"about":[{"href":"https:\/\/vitapulita.com\/index.php\/wp-json\/wp\/v2\/types\/product"}],"replies":[{"embeddable":true,"href":"https:\/\/vitapulita.com\/index.php\/wp-json\/wp\/v2\/comments?post=140"}],"wp:featuredmedia":[{"embeddable":true,"href":"https:\/\/vitapulita.com\/index.php\/wp-json\/wp\/v2\/media\/383"}],"wp:attachment":[{"href":"https:\/\/vitapulita.com\/index.php\/wp-json\/wp\/v2\/media?parent=140"}],"wp:term":[{"taxonomy":"product_brand","embeddable":true,"href":"https:\/\/vitapulita.com\/index.php\/wp-json\/wp\/v2\/product_brand?post=140"},{"taxonomy":"product_cat","embeddable":true,"href":"https:\/\/vitapulita.com\/index.php\/wp-json\/wp\/v2\/product_cat?post=140"},{"taxonomy":"product_tag","embeddable":true,"href":"https:\/\/vitapulita.com\/index.php\/wp-json\/wp\/v2\/product_tag?post=140"}],"curies":[{"name":"wp","href":"https:\/\/api.w.org\/{rel}","templated":true}]}}