{"id":138,"date":"2023-12-12T23:34:48","date_gmt":"2023-12-12T23:34:48","guid":{"rendered":"https:\/\/vitapulita.com\/?post_type=product&#038;p=138"},"modified":"2024-09-07T22:35:21","modified_gmt":"2024-09-07T22:35:21","slug":"acid-citrik","status":"publish","type":"product","link":"https:\/\/vitapulita.com\/index.php\/product\/acid-citrik\/","title":{"rendered":"Acid Citrik"},"content":{"rendered":"<p><strong><em>Acid Citrik<\/em><\/strong><\/p>\n<p>Acidi citrik \u00ebsht\u00eb nj\u00eb p\u00ebrb\u00ebr\u00ebs natyral i pranish\u00ebm n\u00eb agrumet, nj\u00eb l\u00ebnd\u00eb e par\u00eb natyrale q\u00eb p\u00ebrdoret si pastrues, zbut\u00ebs, shp\u00eblar\u00ebs, p\u00ebr pastrimin e t\u00eb gjitha sip\u00ebrfaqeve q\u00eb lahen, xhamit apo pasqyrave etj.<\/p>\n<p>Duke u tretur n\u00eb uj\u00eb ai mund t\u00eb kthehet n\u00eb cfar\u00ebdolloj detergjenti. \u00cbsht\u00eb padyshim nj\u00eb nga aleat\u00ebt natyral\u00eb m\u00eb t\u00eb p\u00ebrdorur n\u00eb higjien\u00ebn e sht\u00ebpis\u00eb!<\/p>\n<p>&nbsp;<\/p>\n","protected":false},"excerpt":{"rendered":"<p>SHKELQYES PER LAVASTOVILJE<\/p>\n<p>Shp\u00ebrndani 1-2 gota mat\u00ebse t\u00eb produktit n\u00eb nj\u00eb got\u00eb me uj\u00eb (rreth 200 ml) dhe hidheni tret\u00ebsir\u00ebn direkt n\u00eb lavastovilje. Rekomandohet t\u00eb vendosni rregullatorin e fort\u00ebsis\u00eb s\u00eb ujit t\u00eb lavastoviljes n\u00eb maksimum.<\/p>\n<p>DETERGJENT P\u00cbR T\u00cb GJITHA SIP\u00cbRFAQET QE LAHEN<\/p>\n<p>I dobish\u00ebm p\u00ebr heqjen e depozitave t\u00eb g\u00eblqeres nga sip\u00ebrfaqet. Shp\u00ebrndani 1-2 lug\u00eb t\u00eb produktit n\u00eb 1 lit\u00ebr uj\u00eb. Sp\u00ebrkateni tret\u00ebsir\u00ebn n\u00eb sip\u00ebrfaqe dhe l\u00ebreni t\u00eb veproj\u00eb p\u00ebr disa minuta p\u00ebrpara se ta shp\u00eblani. MOS E P\u00cbRDORNI NE MERMER, GUR, TERRAKOTA DHE DRU OSE T\u00cb PAST\u00cbR DHE TE PAHOLLUAR ne p\u00eblhura.<\/p>\n<p>PER SYZE DHE PASQYRA<\/p>\n<p>N\u00eb nj\u00eb shishe spry, shp\u00ebrndani 1 lug\u00eb produkti n\u00eb nj\u00eb lit\u00ebr uj\u00eb. Shkundni shishen dhe sp\u00ebrkatni tret\u00ebsir\u00ebn n\u00eb sip\u00ebrfaqet q\u00eb do t\u00eb pastrohen.<\/p>\n<p>ANTIKALKARE P\u00cbR TUALET<\/p>\n<p>Shp\u00ebrndani 2-3 lug\u00eb produkti n\u00eb nj\u00eb lit\u00ebr uj\u00eb t\u00eb nxeht\u00eb, tundni gjith\u00e7ka brenda nj\u00eb shishe, derdhni p\u00ebrmbajtjen n\u00eb tualet dhe l\u00ebreni t\u00eb veproj\u00eb gjat\u00eb gjith\u00eb nat\u00ebs.<\/p>\n<p>ANTIKALKARE P\u00cbR LAVATRICEN<\/p>\n<p>P\u00ebr ta mbajtur lavatri\u00e7en tuaj efikase, duke shmangur depozitimet e g\u00eblqeres, shp\u00ebrndani 5-6 lug\u00eb produkt n\u00eb nj\u00eb lit\u00ebr uj\u00eb t\u00eb nxeht\u00eb, derdhni direkt n\u00eb kazanin e zbraz\u00ebt t\u00eb makin\u00ebs lar\u00ebse dhe kryeni nj\u00eb cik\u00ebl t\u00eb temperatur\u00ebs s\u00eb lart\u00eb.<\/p>\n<p>P\u00ebrs\u00ebriteni operacionin nj\u00eb her\u00eb n\u00eb muaj.<\/p>\n<p>ZBUTES RROBASH PER LAVATRICE<\/p>\n<p>Shp\u00ebrndani 1-2 gota mat\u00ebse t\u00eb produktit n\u00eb nj\u00eb got\u00eb me uj\u00eb t\u00eb nxeht\u00eb (rreth 200 ml) dhe hidheni tret\u00ebsir\u00ebn direkt n\u00eb ndarjen e zbut\u00ebsit.<\/p>\n","protected":false},"featured_media":386,"comment_status":"open","ping_status":"closed","template":"","meta":[],"product_brand":[],"product_cat":[28],"product_tag":[],"class_list":{"0":"post-138","1":"product","2":"type-product","3":"status-publish","4":"has-post-thumbnail","6":"product_cat-detergjent-pluhur","8":"first","9":"instock","10":"shipping-taxable","11":"purchasable","12":"product-type-simple"},"_links":{"self":[{"href":"https:\/\/vitapulita.com\/index.php\/wp-json\/wp\/v2\/product\/138","targetHints":{"allow":["GET"]}}],"collection":[{"href":"https:\/\/vitapulita.com\/index.php\/wp-json\/wp\/v2\/product"}],"about":[{"href":"https:\/\/vitapulita.com\/index.php\/wp-json\/wp\/v2\/types\/product"}],"replies":[{"embeddable":true,"href":"https:\/\/vitapulita.com\/index.php\/wp-json\/wp\/v2\/comments?post=138"}],"wp:featuredmedia":[{"embeddable":true,"href":"https:\/\/vitapulita.com\/index.php\/wp-json\/wp\/v2\/media\/386"}],"wp:attachment":[{"href":"https:\/\/vitapulita.com\/index.php\/wp-json\/wp\/v2\/media?parent=138"}],"wp:term":[{"taxonomy":"product_brand","embeddable":true,"href":"https:\/\/vitapulita.com\/index.php\/wp-json\/wp\/v2\/product_brand?post=138"},{"taxonomy":"product_cat","embeddable":true,"href":"https:\/\/vitapulita.com\/index.php\/wp-json\/wp\/v2\/product_cat?post=138"},{"taxonomy":"product_tag","embeddable":true,"href":"https:\/\/vitapulita.com\/index.php\/wp-json\/wp\/v2\/product_tag?post=138"}],"curies":[{"name":"wp","href":"https:\/\/api.w.org\/{rel}","templated":true}]}}