{"id":133,"date":"2023-12-12T23:26:50","date_gmt":"2023-12-12T23:26:50","guid":{"rendered":"https:\/\/vitapulita.com\/?post_type=product&#038;p=133"},"modified":"2025-06-06T16:36:56","modified_gmt":"2025-06-06T16:36:56","slug":"muschio-bianco-3","status":"publish","type":"product","link":"https:\/\/vitapulita.com\/index.php\/product\/muschio-bianco-3\/","title":{"rendered":"Muschio Bianco"},"content":{"rendered":"<p><strong>Lar\u00ebs dyshemeje Muschio Bianco<\/strong><\/p>\n<p>P\u00ebrdoret p\u00ebr pastrimin e p\u00ebrditsh\u00ebm t\u00eb t\u00eb gjitha sip\u00ebrfaqeve t\u00eb forta n\u00eb sht\u00ebpi. Kombinon efektivitetin e pastrimit me arom\u00ebn intensive dhe t\u00eb fresk\u00ebt t\u00eb myshkut t\u00eb bardh\u00eb. Nuk l\u00eb vija dhe nuk k\u00ebrkon shp\u00eblarje.<\/p>\n<p>Doza: 70g per 5L uj\u00eb<\/p>\n","protected":false},"excerpt":{"rendered":"<p>Lar\u00ebs dyshemeje Muschio Bianco P\u00ebrdoret p\u00ebr pastrimin e p\u00ebrditsh\u00ebm t\u00eb t\u00eb gjitha sip\u00ebrfaqeve t\u00eb forta n\u00eb sht\u00ebpi. Kombinon efektivitetin e pastrimit me arom\u00ebn intensive dhe t\u00eb fresk\u00ebt t\u00eb myshkut t\u00eb bardh\u00eb. Nuk l\u00eb vija dhe nuk k\u00ebrkon shp\u00eblarje. Doza: 70g per 5L uj\u00eb<\/p>\n","protected":false},"featured_media":391,"comment_status":"open","ping_status":"closed","template":"","meta":[],"product_brand":[],"product_cat":[30],"product_tag":[],"class_list":{"0":"post-133","1":"product","2":"type-product","3":"status-publish","4":"has-post-thumbnail","6":"product_cat-lares-dyshemeje","8":"first","9":"instock","10":"shipping-taxable","11":"purchasable","12":"product-type-simple"},"_links":{"self":[{"href":"https:\/\/vitapulita.com\/index.php\/wp-json\/wp\/v2\/product\/133","targetHints":{"allow":["GET"]}}],"collection":[{"href":"https:\/\/vitapulita.com\/index.php\/wp-json\/wp\/v2\/product"}],"about":[{"href":"https:\/\/vitapulita.com\/index.php\/wp-json\/wp\/v2\/types\/product"}],"replies":[{"embeddable":true,"href":"https:\/\/vitapulita.com\/index.php\/wp-json\/wp\/v2\/comments?post=133"}],"wp:featuredmedia":[{"embeddable":true,"href":"https:\/\/vitapulita.com\/index.php\/wp-json\/wp\/v2\/media\/391"}],"wp:attachment":[{"href":"https:\/\/vitapulita.com\/index.php\/wp-json\/wp\/v2\/media?parent=133"}],"wp:term":[{"taxonomy":"product_brand","embeddable":true,"href":"https:\/\/vitapulita.com\/index.php\/wp-json\/wp\/v2\/product_brand?post=133"},{"taxonomy":"product_cat","embeddable":true,"href":"https:\/\/vitapulita.com\/index.php\/wp-json\/wp\/v2\/product_cat?post=133"},{"taxonomy":"product_tag","embeddable":true,"href":"https:\/\/vitapulita.com\/index.php\/wp-json\/wp\/v2\/product_tag?post=133"}],"curies":[{"name":"wp","href":"https:\/\/api.w.org\/{rel}","templated":true}]}}