{"id":131,"date":"2023-12-12T23:25:56","date_gmt":"2023-12-12T23:25:56","guid":{"rendered":"https:\/\/vitapulita.com\/?post_type=product&#038;p=131"},"modified":"2024-09-07T23:09:42","modified_gmt":"2024-09-07T23:09:42","slug":"acqua-di-sale-3","status":"publish","type":"product","link":"https:\/\/vitapulita.com\/index.php\/product\/acqua-di-sale-3\/","title":{"rendered":"Acqua di sale"},"content":{"rendered":"<p><strong>Lar\u00ebs dyshemeje Acqua di Sale<\/strong><\/p>\n<p>Sh\u00ebrben p\u00ebr pastrimin e p\u00ebrditsh\u00ebm t\u00eb t\u00eb gjitha sip\u00ebrfaqeve t\u00eb forta n\u00eb sht\u00ebpi: dyshemet\u00eb klasike, shkall\u00ebt, tualetet, mermerin dhe pllakat qeramike, duke i dh\u00ebn\u00eb sht\u00ebpis\u00eb nj\u00eb arom\u00eb t\u00eb fresk\u00ebt.<\/p>\n","protected":false},"excerpt":{"rendered":"<p>Lar\u00ebs dyshemeje Acqua di Sale Sh\u00ebrben p\u00ebr pastrimin e p\u00ebrditsh\u00ebm t\u00eb t\u00eb gjitha sip\u00ebrfaqeve t\u00eb forta n\u00eb sht\u00ebpi: dyshemet\u00eb klasike, shkall\u00ebt, tualetet, mermerin dhe pllakat qeramike, duke i dh\u00ebn\u00eb sht\u00ebpis\u00eb nj\u00eb arom\u00eb t\u00eb fresk\u00ebt.<\/p>\n","protected":false},"featured_media":393,"comment_status":"open","ping_status":"closed","template":"","meta":[],"product_brand":[],"product_cat":[30],"product_tag":[],"class_list":{"0":"post-131","1":"product","2":"type-product","3":"status-publish","4":"has-post-thumbnail","6":"product_cat-lares-dyshemeje","8":"first","9":"instock","10":"shipping-taxable","11":"purchasable","12":"product-type-simple"},"_links":{"self":[{"href":"https:\/\/vitapulita.com\/index.php\/wp-json\/wp\/v2\/product\/131","targetHints":{"allow":["GET"]}}],"collection":[{"href":"https:\/\/vitapulita.com\/index.php\/wp-json\/wp\/v2\/product"}],"about":[{"href":"https:\/\/vitapulita.com\/index.php\/wp-json\/wp\/v2\/types\/product"}],"replies":[{"embeddable":true,"href":"https:\/\/vitapulita.com\/index.php\/wp-json\/wp\/v2\/comments?post=131"}],"wp:featuredmedia":[{"embeddable":true,"href":"https:\/\/vitapulita.com\/index.php\/wp-json\/wp\/v2\/media\/393"}],"wp:attachment":[{"href":"https:\/\/vitapulita.com\/index.php\/wp-json\/wp\/v2\/media?parent=131"}],"wp:term":[{"taxonomy":"product_brand","embeddable":true,"href":"https:\/\/vitapulita.com\/index.php\/wp-json\/wp\/v2\/product_brand?post=131"},{"taxonomy":"product_cat","embeddable":true,"href":"https:\/\/vitapulita.com\/index.php\/wp-json\/wp\/v2\/product_cat?post=131"},{"taxonomy":"product_tag","embeddable":true,"href":"https:\/\/vitapulita.com\/index.php\/wp-json\/wp\/v2\/product_tag?post=131"}],"curies":[{"name":"wp","href":"https:\/\/api.w.org\/{rel}","templated":true}]}}