{"id":128,"date":"2023-12-12T23:18:53","date_gmt":"2023-12-12T23:18:53","guid":{"rendered":"https:\/\/vitapulita.com\/?post_type=product&#038;p=128"},"modified":"2025-06-06T00:19:30","modified_gmt":"2025-06-06T00:19:30","slug":"natural-green-piatti","status":"publish","type":"product","link":"https:\/\/vitapulita.com\/index.php\/product\/natural-green-piatti\/","title":{"rendered":"NATURAL GREEN Lar\u00ebs en\u00ebsh"},"content":{"rendered":"<p><strong>Lar\u00ebs en\u00ebsh Natural Green 100% ekologjik<\/strong><\/p>\n<p>Nuk le er\u00ebra dhe vija tek en\u00ebt; \u00ebsht\u00eb i but\u00eb p\u00ebr l\u00ebkur\u00ebn, por efektiv p\u00ebr papast\u00ebrtit\u00eb. Vaji esencial i agrumeve organike heq menj\u00ebher\u00eb aromat.<\/p>\n<p>Produkt me origjin\u00eb ekskluzive bimore, shpejt dhe plot\u00ebsisht i biodegraduesh\u00ebm.<\/p>\n<p>I certifikuar p\u00ebr p\u00ebrdorimin e l\u00ebnd\u00ebve t\u00eb para natyrore dhe me origjin\u00eb 100% bimore.<\/p>\n<p>Nuk \u00ebsht\u00eb testuar te kafsh\u00ebt dhe nuk ka ndikim mbi organizmat ujor\u00eb.<\/p>\n","protected":false},"excerpt":{"rendered":"<p>Lar\u00ebs en\u00ebsh Natural Green 100% ekologjik Nuk le er\u00ebra dhe vija tek en\u00ebt; \u00ebsht\u00eb i but\u00eb p\u00ebr l\u00ebkur\u00ebn, por efektiv p\u00ebr papast\u00ebrtit\u00eb. Vaji esencial i agrumeve organike heq menj\u00ebher\u00eb aromat. Produkt me origjin\u00eb ekskluzive bimore, shpejt dhe plot\u00ebsisht i biodegraduesh\u00ebm. I certifikuar p\u00ebr p\u00ebrdorimin e l\u00ebnd\u00ebve t\u00eb para natyrore dhe me origjin\u00eb 100% bimore. Nuk [&hellip;]<\/p>\n","protected":false},"featured_media":398,"comment_status":"open","ping_status":"closed","template":"","meta":[],"product_brand":[],"product_cat":[29],"product_tag":[],"class_list":{"0":"post-128","1":"product","2":"type-product","3":"status-publish","4":"has-post-thumbnail","6":"product_cat-natural-green","8":"first","9":"instock","10":"shipping-taxable","11":"purchasable","12":"product-type-simple"},"_links":{"self":[{"href":"https:\/\/vitapulita.com\/index.php\/wp-json\/wp\/v2\/product\/128","targetHints":{"allow":["GET"]}}],"collection":[{"href":"https:\/\/vitapulita.com\/index.php\/wp-json\/wp\/v2\/product"}],"about":[{"href":"https:\/\/vitapulita.com\/index.php\/wp-json\/wp\/v2\/types\/product"}],"replies":[{"embeddable":true,"href":"https:\/\/vitapulita.com\/index.php\/wp-json\/wp\/v2\/comments?post=128"}],"wp:featuredmedia":[{"embeddable":true,"href":"https:\/\/vitapulita.com\/index.php\/wp-json\/wp\/v2\/media\/398"}],"wp:attachment":[{"href":"https:\/\/vitapulita.com\/index.php\/wp-json\/wp\/v2\/media?parent=128"}],"wp:term":[{"taxonomy":"product_brand","embeddable":true,"href":"https:\/\/vitapulita.com\/index.php\/wp-json\/wp\/v2\/product_brand?post=128"},{"taxonomy":"product_cat","embeddable":true,"href":"https:\/\/vitapulita.com\/index.php\/wp-json\/wp\/v2\/product_cat?post=128"},{"taxonomy":"product_tag","embeddable":true,"href":"https:\/\/vitapulita.com\/index.php\/wp-json\/wp\/v2\/product_tag?post=128"}],"curies":[{"name":"wp","href":"https:\/\/api.w.org\/{rel}","templated":true}]}}