{"id":126,"date":"2023-12-12T23:15:53","date_gmt":"2023-12-12T23:15:53","guid":{"rendered":"https:\/\/vitapulita.com\/?post_type=product&#038;p=126"},"modified":"2025-06-05T18:59:03","modified_gmt":"2025-06-05T18:59:03","slug":"zbutes-natural-green","status":"publish","type":"product","link":"https:\/\/vitapulita.com\/index.php\/product\/zbutes-natural-green\/","title":{"rendered":"NATURAL GREEN Zbut\u00ebs rrobash"},"content":{"rendered":"<p><strong>Zbut\u00ebs rrobash ekologjik Natural Green<\/strong><\/p>\n<p>Zbut\u00ebsi natyral me nota frutash nuk p\u00ebrmban p\u00ebrb\u00ebr\u00ebs g\u00ebrryes. Zbut fibrat e rrobave, i b\u00ebn ato m\u00eb t\u00eb lehta p\u00ebr t&#8217;u hekurosur, m\u00eb aromatike dhe rigjall\u00ebron ngjyrat, duke eliminuar elektricitetin statik q\u00eb i b\u00ebn p\u00eblhurat t\u00eb ngurta.<\/p>\n<p>Produkt me origjin\u00eb ekskluzivisht bimore, shpejt dhe plot\u00ebsisht i biodegraduesh\u00ebm.I certifikuar p\u00ebr p\u00ebrdorimin e l\u00ebnd\u00ebve t\u00eb para natyrore dhe me origjin\u00eb 100% bimore.<\/p>\n<p>Nuk \u00ebsht\u00eb testuar te kafsh\u00ebt dhe nuk ka ndikim mbi organizmat ujor\u00eb.<\/p>\n","protected":false},"excerpt":{"rendered":"<p>Zbut\u00ebs rrobash ekologjik Natural Green Zbut\u00ebsi natyral me nota frutash nuk p\u00ebrmban p\u00ebrb\u00ebr\u00ebs g\u00ebrryes. Zbut fibrat e rrobave, i b\u00ebn ato m\u00eb t\u00eb lehta p\u00ebr t&#8217;u hekurosur, m\u00eb aromatike dhe rigjall\u00ebron ngjyrat, duke eliminuar elektricitetin statik q\u00eb i b\u00ebn p\u00eblhurat t\u00eb ngurta. Produkt me origjin\u00eb ekskluzivisht bimore, shpejt dhe plot\u00ebsisht i biodegraduesh\u00ebm.I certifikuar p\u00ebr p\u00ebrdorimin [&hellip;]<\/p>\n","protected":false},"featured_media":405,"comment_status":"open","ping_status":"closed","template":"","meta":[],"product_brand":[],"product_cat":[29],"product_tag":[],"class_list":{"0":"post-126","1":"product","2":"type-product","3":"status-publish","4":"has-post-thumbnail","6":"product_cat-natural-green","8":"first","9":"instock","10":"shipping-taxable","11":"purchasable","12":"product-type-simple"},"_links":{"self":[{"href":"https:\/\/vitapulita.com\/index.php\/wp-json\/wp\/v2\/product\/126","targetHints":{"allow":["GET"]}}],"collection":[{"href":"https:\/\/vitapulita.com\/index.php\/wp-json\/wp\/v2\/product"}],"about":[{"href":"https:\/\/vitapulita.com\/index.php\/wp-json\/wp\/v2\/types\/product"}],"replies":[{"embeddable":true,"href":"https:\/\/vitapulita.com\/index.php\/wp-json\/wp\/v2\/comments?post=126"}],"wp:featuredmedia":[{"embeddable":true,"href":"https:\/\/vitapulita.com\/index.php\/wp-json\/wp\/v2\/media\/405"}],"wp:attachment":[{"href":"https:\/\/vitapulita.com\/index.php\/wp-json\/wp\/v2\/media?parent=126"}],"wp:term":[{"taxonomy":"product_brand","embeddable":true,"href":"https:\/\/vitapulita.com\/index.php\/wp-json\/wp\/v2\/product_brand?post=126"},{"taxonomy":"product_cat","embeddable":true,"href":"https:\/\/vitapulita.com\/index.php\/wp-json\/wp\/v2\/product_cat?post=126"},{"taxonomy":"product_tag","embeddable":true,"href":"https:\/\/vitapulita.com\/index.php\/wp-json\/wp\/v2\/product_tag?post=126"}],"curies":[{"name":"wp","href":"https:\/\/api.w.org\/{rel}","templated":true}]}}