{"id":123,"date":"2023-12-12T23:13:22","date_gmt":"2023-12-12T23:13:22","guid":{"rendered":"https:\/\/vitapulita.com\/?post_type=product&#038;p=123"},"modified":"2025-06-05T23:40:15","modified_gmt":"2025-06-05T23:40:15","slug":"natural-green-lavatrice","status":"publish","type":"product","link":"https:\/\/vitapulita.com\/index.php\/product\/natural-green-lavatrice\/","title":{"rendered":"NATURAL GREEN Lar\u00ebs rrobash"},"content":{"rendered":"<p><strong>Detergjent lar\u00ebs p\u00ebr lavatrice ekologjik<\/strong><\/p>\n<p>Organik dhe delikat me notat e tij frutore, hipoalergjik dhe ve\u00e7an\u00ebrisht i p\u00ebrshtatsh\u00ebm p\u00ebr mbrojtjen e l\u00ebkur\u00ebs nga acarimi dhe reaksionet alergjike.<\/p>\n<p>Produkt me origjin\u00eb ekskluzivisht bimore, shpejt dhe plot\u00ebsisht i biodegraduesh\u00ebm.<\/p>\n<p>I certifikuar p\u00ebr p\u00ebrdorimin e l\u00ebnd\u00ebve t\u00eb para natyrore dhe me origjin\u00eb 100% bimore.<\/p>\n<p>Nuk \u00ebsht\u00eb testuar te kafsh\u00ebt dhe nuk ka ndikim mbi organizmat ujor\u00eb.<\/p>\n","protected":false},"excerpt":{"rendered":"<p>Detergjent lar\u00ebs p\u00ebr lavatrice ekologjik Organik dhe delikat me notat e tij frutore, hipoalergjik dhe ve\u00e7an\u00ebrisht i p\u00ebrshtatsh\u00ebm p\u00ebr mbrojtjen e l\u00ebkur\u00ebs nga acarimi dhe reaksionet alergjike. Produkt me origjin\u00eb ekskluzivisht bimore, shpejt dhe plot\u00ebsisht i biodegraduesh\u00ebm. I certifikuar p\u00ebr p\u00ebrdorimin e l\u00ebnd\u00ebve t\u00eb para natyrore dhe me origjin\u00eb 100% bimore. Nuk \u00ebsht\u00eb testuar te [&hellip;]<\/p>\n","protected":false},"featured_media":407,"comment_status":"open","ping_status":"closed","template":"","meta":[],"product_brand":[],"product_cat":[29],"product_tag":[],"class_list":{"0":"post-123","1":"product","2":"type-product","3":"status-publish","4":"has-post-thumbnail","6":"product_cat-natural-green","8":"first","9":"instock","10":"shipping-taxable","11":"purchasable","12":"product-type-simple"},"_links":{"self":[{"href":"https:\/\/vitapulita.com\/index.php\/wp-json\/wp\/v2\/product\/123","targetHints":{"allow":["GET"]}}],"collection":[{"href":"https:\/\/vitapulita.com\/index.php\/wp-json\/wp\/v2\/product"}],"about":[{"href":"https:\/\/vitapulita.com\/index.php\/wp-json\/wp\/v2\/types\/product"}],"replies":[{"embeddable":true,"href":"https:\/\/vitapulita.com\/index.php\/wp-json\/wp\/v2\/comments?post=123"}],"wp:featuredmedia":[{"embeddable":true,"href":"https:\/\/vitapulita.com\/index.php\/wp-json\/wp\/v2\/media\/407"}],"wp:attachment":[{"href":"https:\/\/vitapulita.com\/index.php\/wp-json\/wp\/v2\/media?parent=123"}],"wp:term":[{"taxonomy":"product_brand","embeddable":true,"href":"https:\/\/vitapulita.com\/index.php\/wp-json\/wp\/v2\/product_brand?post=123"},{"taxonomy":"product_cat","embeddable":true,"href":"https:\/\/vitapulita.com\/index.php\/wp-json\/wp\/v2\/product_cat?post=123"},{"taxonomy":"product_tag","embeddable":true,"href":"https:\/\/vitapulita.com\/index.php\/wp-json\/wp\/v2\/product_tag?post=123"}],"curies":[{"name":"wp","href":"https:\/\/api.w.org\/{rel}","templated":true}]}}